{"id":99818,"date":"2022-10-18T14:24:07","date_gmt":"2022-10-18T19:24:07","guid":{"rendered":"https:\/\/defabrica.com.mx\/defabrica\/?post_type=product&#038;p=99818"},"modified":"2022-10-18T14:24:07","modified_gmt":"2022-10-18T19:24:07","slug":"ventilador-utilitario-pivotante-lasko-max-performance-modelo-u15720","status":"publish","type":"product","link":"https:\/\/defabrica.com.mx\/defabrica\/producto\/ventilador-utilitario-pivotante-lasko-max-performance-modelo-u15720\/","title":{"rendered":"Ventilador utilitario pivotante Lasko Max Performance Modelo U15720"},"content":{"rendered":"<p>Este producto reacondicionado est\u00e1 probado y certificado para verse y funcionar como nuevo. El proceso de restauraci\u00f3n incluye pruebas de funcionalidad, limpieza b\u00e1sica, inspecci\u00f3n y reenvasado. El producto se env\u00eda con todos los accesorios relevantes y puede llegar en una caja gen\u00e9rica<\/p>\n","protected":false},"excerpt":{"rendered":"<p>Este producto reacondicionado est\u00e1 probado y certificado para verse y funcionar como nuevo. El proceso de restauraci\u00f3n incluye pruebas de funcionalidad, limpieza b\u00e1sica, inspecci\u00f3n y reenvasado. El producto se env\u00eda<\/p>\n","protected":false},"featured_media":99819,"comment_status":"open","ping_status":"closed","template":"","meta":{"_acf_changed":false,"_joinchat":[]},"product_brand":[],"product_cat":[336,1159],"product_tag":[],"class_list":{"0":"post-99818","1":"product","2":"type-product","3":"status-publish","4":"has-post-thumbnail","6":"product_cat-hogar","7":"product_cat-calefaccion-y-refrigeracion-ventiladores","9":"first","10":"instock","11":"sale","12":"shipping-taxable","13":"purchasable","14":"product-type-simple"},"acf":[],"_links":{"self":[{"href":"https:\/\/defabrica.com.mx\/defabrica\/wp-json\/wp\/v2\/product\/99818","targetHints":{"allow":["GET"]}}],"collection":[{"href":"https:\/\/defabrica.com.mx\/defabrica\/wp-json\/wp\/v2\/product"}],"about":[{"href":"https:\/\/defabrica.com.mx\/defabrica\/wp-json\/wp\/v2\/types\/product"}],"replies":[{"embeddable":true,"href":"https:\/\/defabrica.com.mx\/defabrica\/wp-json\/wp\/v2\/comments?post=99818"}],"wp:featuredmedia":[{"embeddable":true,"href":"https:\/\/defabrica.com.mx\/defabrica\/wp-json\/wp\/v2\/media\/99819"}],"wp:attachment":[{"href":"https:\/\/defabrica.com.mx\/defabrica\/wp-json\/wp\/v2\/media?parent=99818"}],"wp:term":[{"taxonomy":"product_brand","embeddable":true,"href":"https:\/\/defabrica.com.mx\/defabrica\/wp-json\/wp\/v2\/product_brand?post=99818"},{"taxonomy":"product_cat","embeddable":true,"href":"https:\/\/defabrica.com.mx\/defabrica\/wp-json\/wp\/v2\/product_cat?post=99818"},{"taxonomy":"product_tag","embeddable":true,"href":"https:\/\/defabrica.com.mx\/defabrica\/wp-json\/wp\/v2\/product_tag?post=99818"}],"curies":[{"name":"wp","href":"https:\/\/api.w.org\/{rel}","templated":true}]}}