{"id":99802,"date":"2022-10-18T14:06:29","date_gmt":"2022-10-18T19:06:29","guid":{"rendered":"https:\/\/defabrica.com.mx\/defabrica\/?post_type=product&#038;p=99802"},"modified":"2022-11-18T12:46:44","modified_gmt":"2022-11-18T18:46:44","slug":"ventilador-utilitario-pivotante-pro-performance","status":"publish","type":"product","link":"https:\/\/defabrica.com.mx\/defabrica\/producto\/ventilador-utilitario-pivotante-pro-performance\/","title":{"rendered":"Ventilador utilitario pivotante Pro-Performance"},"content":{"rendered":"<p>Listo para ir cuando t\u00fa lo est\u00e9s.\u00a0Este pr\u00e1ctico ventilador soplador es el compa\u00f1ero perfecto para cualquier trabajo.\u00a0Con su cabeza de soplador pivotante, puede soplar aire donde m\u00e1s se necesita.\u00a0Te mantendr\u00e1 fresco mientras est\u00e1s trabajando duro.\u00a0No importa cu\u00e1les sean sus tareas, ya sea cambiar el aceite, pintar las paredes o lavar el piso de la cocina, este ventilador es perfecto.\u00a0Adem\u00e1s, el ventilador soplador pivotante de alta velocidad Pro-Performance tambi\u00e9n tiene dos tomacorrientes para accesorios de 120 voltios, disyuntor de seguridad con bot\u00f3n de reinicio, cable de 10 pies con enchufe a tierra y mango de f\u00e1cil agarre.<\/p>\n<p><strong>Mango de goma con agarre c\u00f3modo<\/strong><br \/>\n<strong>Disyuntor con bot\u00f3n de reinicio<\/strong><br \/>\n<strong>Dos salidas de accesorios de 120 voltios<\/strong><br \/>\n<strong>enchufe con conexi\u00f3n a tierra de 3 clavijas<\/strong><br \/>\n<strong>El ventilador giratorio dirige el aire donde sea necesario<\/strong><br \/>\n<strong>3 potentes velocidades de alta velocidad<\/strong><br \/>\n<strong>Totalmente ensamblado<\/strong><br \/>\n<strong>Motor de cojinete de bolas confiable<\/strong><br \/>\n<strong>ETL listado<\/strong><br \/>\n<strong>Construcci\u00f3n robusta<\/strong><\/p>\n","protected":false},"excerpt":{"rendered":"<p>Listo para ir cuando t\u00fa lo est\u00e9s.\u00a0Este pr\u00e1ctico ventilador soplador es el compa\u00f1ero perfecto para cualquier trabajo.\u00a0Con su cabeza de soplador pivotante, puede soplar aire donde m\u00e1s se necesita.\u00a0Te mantendr\u00e1<\/p>\n","protected":false},"featured_media":99804,"comment_status":"open","ping_status":"closed","template":"","meta":{"_acf_changed":false,"_joinchat":[]},"product_brand":[],"product_cat":[336,1159],"product_tag":[],"class_list":{"0":"post-99802","1":"product","2":"type-product","3":"status-publish","4":"has-post-thumbnail","6":"product_cat-hogar","7":"product_cat-calefaccion-y-refrigeracion-ventiladores","9":"first","10":"instock","11":"sale","12":"shipping-taxable","13":"purchasable","14":"product-type-simple"},"acf":[],"_links":{"self":[{"href":"https:\/\/defabrica.com.mx\/defabrica\/wp-json\/wp\/v2\/product\/99802","targetHints":{"allow":["GET"]}}],"collection":[{"href":"https:\/\/defabrica.com.mx\/defabrica\/wp-json\/wp\/v2\/product"}],"about":[{"href":"https:\/\/defabrica.com.mx\/defabrica\/wp-json\/wp\/v2\/types\/product"}],"replies":[{"embeddable":true,"href":"https:\/\/defabrica.com.mx\/defabrica\/wp-json\/wp\/v2\/comments?post=99802"}],"wp:featuredmedia":[{"embeddable":true,"href":"https:\/\/defabrica.com.mx\/defabrica\/wp-json\/wp\/v2\/media\/99804"}],"wp:attachment":[{"href":"https:\/\/defabrica.com.mx\/defabrica\/wp-json\/wp\/v2\/media?parent=99802"}],"wp:term":[{"taxonomy":"product_brand","embeddable":true,"href":"https:\/\/defabrica.com.mx\/defabrica\/wp-json\/wp\/v2\/product_brand?post=99802"},{"taxonomy":"product_cat","embeddable":true,"href":"https:\/\/defabrica.com.mx\/defabrica\/wp-json\/wp\/v2\/product_cat?post=99802"},{"taxonomy":"product_tag","embeddable":true,"href":"https:\/\/defabrica.com.mx\/defabrica\/wp-json\/wp\/v2\/product_tag?post=99802"}],"curies":[{"name":"wp","href":"https:\/\/api.w.org\/{rel}","templated":true}]}}