{"id":99432,"date":"2022-10-11T14:07:38","date_gmt":"2022-10-11T19:07:38","guid":{"rendered":"https:\/\/defabrica.com.mx\/defabrica\/?post_type=product&#038;p=99432"},"modified":"2022-10-11T14:07:38","modified_gmt":"2022-10-11T19:07:38","slug":"chefman-caldera-electrica-para-huevos-y-hortalizas-rapidas","status":"publish","type":"product","link":"https:\/\/defabrica.com.mx\/defabrica\/producto\/chefman-caldera-electrica-para-huevos-y-hortalizas-rapidas\/","title":{"rendered":"Chefman Caldera el\u00e9ctrica para huevos y hortalizas r\u00e1pidas"},"content":{"rendered":"<p>Ten tus huevos de la manera que m\u00e1s te guste sin conjeturas. Cocidos duros o hervidos suaves, huevos escalfados o revueltos, ahora puedes hacerlo todo f\u00e1cilmente con la cocina el\u00e9ctrica Chefman. Decide c\u00f3mo prefieres tus huevos, vierte agua en la placa calefactora, coloca la bandeja deseada y los huevos, cubre y tus huevos se cocinan con solo pulsar un bot\u00f3n. Utiliza el pasador de perforaci\u00f3n con la taza de medici\u00f3n incluida para evitar que las conchas se agrieten. Creado pensando en ti, esta olla de 12 huevos cambiar\u00e1 tus agitadas ma\u00f1anas y servir\u00e1 a tu familia una comida saludable. Encontrar\u00e1s instrucciones f\u00e1ciles y claras en la gu\u00eda del usuario sobre c\u00f3mo usar tu cocina el\u00e9ctrica de huevos y c\u00f3mo personalizar la configuraci\u00f3n para huevos perfectos, cada vez.<\/p>\n<div id=\"featurebullets_feature_div\" class=\"celwidget\" data-feature-name=\"featurebullets\" data-csa-c-type=\"widget\" data-csa-c-content-id=\"featurebullets\" data-csa-c-slot-id=\"featurebullets_feature_div\" data-csa-c-asin=\"B083TLNV95\" data-csa-c-is-in-initial-active-row=\"false\" data-csa-c-id=\"jv1hrf-79an3y-xat8dy-creau8\" data-cel-widget=\"featurebullets_feature_div\">\n<div id=\"feature-bullets\" class=\"a-section a-spacing-medium a-spacing-top-small\">\n<ul class=\"a-unordered-list a-vertical a-spacing-mini\">\n<li><strong><span class=\"a-list-item\">No m\u00e1s sugerencias: hierve, escalfa o vaporiza f\u00e1cilmente hasta 12 huevos en minutos, m\u00e1s r\u00e1pido que el m\u00e9todo de estufa. Utiliza la taza medidora incluida para saber cu\u00e1nta agua necesitas dependiendo del estilo del huevo. El zumbador listo indicar\u00e1 una vez que tus huevos terminen de cocinar.<\/span><\/strong><\/li>\n<li><strong><span class=\"a-list-item\">\u00bfListo para el desayuno? No hay necesidad de esperar a que tus huevos duros se enfr\u00eden para moverlos despu\u00e9s de cocinarlos. Con la herramienta de elevaci\u00f3n de bandejas, puedes tomar tu brunch con huevos calientes y reci\u00e9n cocidos. Ya sea que te gusten tus huevos duros o blandos, hervidos, revueltos, tortilla o escalfados, el desayuno nunca ha sido tan f\u00e1cil<\/span><\/strong><\/li>\n<li><strong><span class=\"a-list-item\">Compacto y f\u00e1cil de limpiar: la tapa sin BPA, las bandejas para cocinar y escalfar son aptas para lavavajillas para una f\u00e1cil limpieza. No m\u00e1s peleas por qui\u00e9n es hacer los platos gracias a esta vers\u00e1til y pr\u00e1ctica olla de huevos. El tama\u00f1o compacto es perfecto para cualquier cocina, dormitorios universitarios, viajes y mucho m\u00e1s<\/span><\/strong><\/li>\n<li><strong><span class=\"a-list-item\">No solo para huevos: no solo puedes vaporizar los huevos a la perfecci\u00f3n duros o crear huevos escalfados tiernos, sino que tambi\u00e9n puedes vaporizar una variedad de verduras, lo que lo convierte en una herramienta de cocina a\u00fan m\u00e1s vers\u00e1til para el desayuno, el almuerzo, la cena y la hora de aperitivos.<\/span><\/strong><\/li>\n<li><strong><span class=\"a-list-item\">Recursos: aprobado por CETL con tecnolog\u00eda de seguridad avanzada para una larga durabilidad y garant\u00eda de 1 a\u00f1o proporcionada por Chefman, para que puedas comprar sin preocupaciones, \u00a1te respaldamos Para obtener informaci\u00f3n sobre c\u00f3mo usar el producto, despl\u00e1cese hacia abajo para obtener una gu\u00eda del usuario en PDF. 360 vatios\/120 voltios<\/span><\/strong><\/li>\n<\/ul>\n<\/div>\n<\/div>\n<div id=\"provenanceCertifications_feature_div\" class=\"celwidget\" data-feature-name=\"provenanceCertifications\" data-csa-c-type=\"widget\" data-csa-c-content-id=\"provenanceCertifications\" data-csa-c-slot-id=\"provenanceCertifications_feature_div\" data-csa-c-asin=\"B083TLNV95\" data-csa-c-is-in-initial-active-row=\"false\" data-csa-c-id=\"unkgi0-e6kna9-ieyz3y-ixywkp\" data-cel-widget=\"provenanceCertifications_feature_div\"><\/div>\n<div id=\"serviceCapabilities_feature_div\" class=\"celwidget\" data-feature-name=\"serviceCapabilities\" data-csa-c-type=\"widget\" data-csa-c-content-id=\"serviceCapabilities\" data-csa-c-slot-id=\"serviceCapabilities_feature_div\" data-csa-c-asin=\"B083TLNV95\" data-csa-c-is-in-initial-active-row=\"false\" data-csa-c-id=\"lub53k-9r11sl-7ot3wz-80sxq0\" data-cel-widget=\"serviceCapabilities_feature_div\"><\/div>\n","protected":false},"excerpt":{"rendered":"<p>Ten tus huevos de la manera que m\u00e1s te guste sin conjeturas. Cocidos duros o hervidos suaves, huevos escalfados o revueltos, ahora puedes hacerlo todo f\u00e1cilmente con la cocina el\u00e9ctrica<\/p>\n","protected":false},"featured_media":99433,"comment_status":"open","ping_status":"closed","template":"","meta":{"_acf_changed":false,"_joinchat":[]},"product_brand":[],"product_cat":[336,337,338,950],"product_tag":[],"class_list":{"0":"post-99432","1":"product","2":"type-product","3":"status-publish","4":"has-post-thumbnail","6":"product_cat-hogar","7":"product_cat-cocina","8":"product_cat-electrodomesticos","9":"product_cat-freidoras","11":"first","12":"instock","13":"sale","14":"shipping-taxable","15":"purchasable","16":"product-type-simple"},"acf":[],"_links":{"self":[{"href":"https:\/\/defabrica.com.mx\/defabrica\/wp-json\/wp\/v2\/product\/99432","targetHints":{"allow":["GET"]}}],"collection":[{"href":"https:\/\/defabrica.com.mx\/defabrica\/wp-json\/wp\/v2\/product"}],"about":[{"href":"https:\/\/defabrica.com.mx\/defabrica\/wp-json\/wp\/v2\/types\/product"}],"replies":[{"embeddable":true,"href":"https:\/\/defabrica.com.mx\/defabrica\/wp-json\/wp\/v2\/comments?post=99432"}],"wp:featuredmedia":[{"embeddable":true,"href":"https:\/\/defabrica.com.mx\/defabrica\/wp-json\/wp\/v2\/media\/99433"}],"wp:attachment":[{"href":"https:\/\/defabrica.com.mx\/defabrica\/wp-json\/wp\/v2\/media?parent=99432"}],"wp:term":[{"taxonomy":"product_brand","embeddable":true,"href":"https:\/\/defabrica.com.mx\/defabrica\/wp-json\/wp\/v2\/product_brand?post=99432"},{"taxonomy":"product_cat","embeddable":true,"href":"https:\/\/defabrica.com.mx\/defabrica\/wp-json\/wp\/v2\/product_cat?post=99432"},{"taxonomy":"product_tag","embeddable":true,"href":"https:\/\/defabrica.com.mx\/defabrica\/wp-json\/wp\/v2\/product_tag?post=99432"}],"curies":[{"name":"wp","href":"https:\/\/api.w.org\/{rel}","templated":true}]}}