{"id":98555,"date":"2022-09-23T10:32:05","date_gmt":"2022-09-23T15:32:05","guid":{"rendered":"https:\/\/defabrica.com.mx\/defabrica\/?post_type=product&#038;p=98555"},"modified":"2023-01-21T16:03:56","modified_gmt":"2023-01-21T22:03:56","slug":"chefman-caldera-electrica-para-huevos-y-verduras-2","status":"publish","type":"product","link":"https:\/\/defabrica.com.mx\/defabrica\/producto\/chefman-caldera-electrica-para-huevos-y-verduras-2\/","title":{"rendered":"Chefman \u2013 Caldera el\u00e9ctrica para huevos y verduras"},"content":{"rendered":"<p>Ten tus huevos de la manera que m\u00e1s te guste. Cocidos duros o hervidos suaves, huevos escalfados o revueltos, ahora puedes hacerlo todo f\u00e1cilmente con la cocina el\u00e9ctrica Chefman. Decide c\u00f3mo prefieres tus huevos, vierte agua en la placa calefactora, coloca la bandeja deseada y los huevos, cubre y tus huevos se cocinan con solo pulsar un bot\u00f3n. Utiliza el pasador de perforaci\u00f3n con la taza de medici\u00f3n incluida para evitar que las conchas se agrieten. Creado pensando en ti, esta olla de 12 huevos cambiar\u00e1 tus agitadas ma\u00f1anas y servir\u00e1 a tu familia una comida saludable. Encontrar\u00e1s instrucciones f\u00e1ciles y claras en la gu\u00eda del usuario sobre c\u00f3mo usar tu cocina el\u00e9ctrica de huevos y c\u00f3mo personalizar la configuraci\u00f3n para huevos perfectos, cada vez. Di adi\u00f3s a los huevos sobrecocidos: la se\u00f1al de zumbador lista te permitir\u00e1 saber cuando los huevos est\u00e9n listos. No hay necesidad de esperar a que los huevos se enfr\u00eden para moverlos despu\u00e9s de cocinarlos. Con la herramienta de elevaci\u00f3n de bandejas, puedes quitar los huevos de inmediato para enfriarlos con agua corriente despu\u00e9s de cocinar. Para mayor versatilidad, tambi\u00e9n puedes utilizar la cocina de huevos Chefman para vaporizar verduras. Tan f\u00e1cil de limpiar y almacenar como es de usar, la bandeja para tortillas, la bandeja para escalfar y la taza medidora son aptas para lavavajillas.<\/p>\n","protected":false},"excerpt":{"rendered":"<p>Ten tus huevos de la manera que m\u00e1s te guste. Cocidos duros o hervidos suaves, huevos escalfados o revueltos, ahora puedes hacerlo todo f\u00e1cilmente con la cocina el\u00e9ctrica Chefman. Decide<\/p>\n","protected":false},"featured_media":98556,"comment_status":"open","ping_status":"closed","template":"","meta":{"_acf_changed":false,"_joinchat":[]},"product_brand":[],"product_cat":[336,338,950],"product_tag":[],"class_list":{"0":"post-98555","1":"product","2":"type-product","3":"status-publish","4":"has-post-thumbnail","6":"product_cat-hogar","7":"product_cat-electrodomesticos","8":"product_cat-freidoras","10":"first","11":"instock","12":"shipping-taxable","13":"purchasable","14":"product-type-simple"},"acf":[],"_links":{"self":[{"href":"https:\/\/defabrica.com.mx\/defabrica\/wp-json\/wp\/v2\/product\/98555","targetHints":{"allow":["GET"]}}],"collection":[{"href":"https:\/\/defabrica.com.mx\/defabrica\/wp-json\/wp\/v2\/product"}],"about":[{"href":"https:\/\/defabrica.com.mx\/defabrica\/wp-json\/wp\/v2\/types\/product"}],"replies":[{"embeddable":true,"href":"https:\/\/defabrica.com.mx\/defabrica\/wp-json\/wp\/v2\/comments?post=98555"}],"wp:featuredmedia":[{"embeddable":true,"href":"https:\/\/defabrica.com.mx\/defabrica\/wp-json\/wp\/v2\/media\/98556"}],"wp:attachment":[{"href":"https:\/\/defabrica.com.mx\/defabrica\/wp-json\/wp\/v2\/media?parent=98555"}],"wp:term":[{"taxonomy":"product_brand","embeddable":true,"href":"https:\/\/defabrica.com.mx\/defabrica\/wp-json\/wp\/v2\/product_brand?post=98555"},{"taxonomy":"product_cat","embeddable":true,"href":"https:\/\/defabrica.com.mx\/defabrica\/wp-json\/wp\/v2\/product_cat?post=98555"},{"taxonomy":"product_tag","embeddable":true,"href":"https:\/\/defabrica.com.mx\/defabrica\/wp-json\/wp\/v2\/product_tag?post=98555"}],"curies":[{"name":"wp","href":"https:\/\/api.w.org\/{rel}","templated":true}]}}