{"id":97924,"date":"2022-09-08T18:23:45","date_gmt":"2022-09-08T23:23:45","guid":{"rendered":"https:\/\/defabrica.com.mx\/defabrica\/?post_type=product&#038;p=97924"},"modified":"2023-01-20T20:02:49","modified_gmt":"2023-01-21T02:02:49","slug":"kitchenaid-batidora-de-mano-de-5-velocidades-ultra-power-khm512ib-azul-tinta","status":"publish","type":"product","link":"https:\/\/defabrica.com.mx\/defabrica\/producto\/kitchenaid-batidora-de-mano-de-5-velocidades-ultra-power-khm512ib-azul-tinta\/","title":{"rendered":"KitchenAid &#8211; Batidora de mano de 5 velocidades Ultra Power KHM512IB &#8211; Azul tinta"},"content":{"rendered":"<div class=\"product-description\">Prepare obras maestras culinarias con esta batidora de mano ultra potente de 5 velocidades KitchenAid.\u00a0Desde un batido pausado hasta un l\u00e1tigo r\u00e1pido, los accesorios gemelos Turbo Beater alimentan cualquier cosa, desde sopa hasta masa para galletas con facilidad.\u00a0La limpieza es f\u00e1cil con esta batidora de mano ultra potente de 5 velocidades KitchenAid, simplemente expulse los batidores aptos para lavavajillas con solo presionar un bot\u00f3n.<\/div>\n<div class=\"product-description-banner\" data-track=\"description-html-asset:Elevate everyday meals with KitchenAid.\"><\/div>\n<div data-track=\"description-html-asset:Elevate everyday meals with KitchenAid.\">\n<h3><\/h3>\n<h3 class=\"heading-5 v-fw-regular feature-heading\"><strong>Caracter\u00edsticas<\/strong><\/h3>\n<ul>\n<li><strong>Batidora de mano<\/strong><br \/>\nPermite una mezcla r\u00e1pida y vers\u00e1til de ingredientes.<\/li>\n<li><strong>El control de 5 velocidades ofrece una variedad de opciones de mezcla<\/strong><br \/>\nDesde un batido lento hasta un l\u00e1tigo muy r\u00e1pido, esta batidora tiene una velocidad que se adapta a m\u00faltiples necesidades culinarias.<\/li>\n<li><strong>2 accesorios Turbo Beater de acero inoxidable<\/strong><br \/>\nSin postes centrales, mezcle bien los ingredientes mientras acumula una masa m\u00ednima. El dise\u00f1o apto para lavavajillas simplifica la limpieza.<\/li>\n<li><strong>Piezas extra\u00edbles aptas para lavavajillas<\/strong><br \/>\nPara una f\u00e1cil limpieza.<\/li>\n<li><strong>Cable giratorio<\/strong><br \/>\nAyuda a mantener tu mostrador ordenado.<\/li>\n<\/ul>\n<\/div>\n","protected":false},"excerpt":{"rendered":"<p>Prepare obras maestras culinarias con esta batidora de mano ultra potente de 5 velocidades KitchenAid.\u00a0Desde un batido pausado hasta un l\u00e1tigo r\u00e1pido, los accesorios gemelos Turbo Beater alimentan cualquier cosa,<\/p>\n","protected":false},"featured_media":97925,"comment_status":"open","ping_status":"closed","template":"","meta":{"_acf_changed":false,"_joinchat":[]},"product_brand":[],"product_cat":[336,337,986],"product_tag":[],"class_list":{"0":"post-97924","1":"product","2":"type-product","3":"status-publish","4":"has-post-thumbnail","6":"product_cat-hogar","7":"product_cat-cocina","8":"product_cat-batidoras","10":"first","11":"instock","12":"sale","13":"shipping-taxable","14":"purchasable","15":"product-type-simple"},"acf":[],"_links":{"self":[{"href":"https:\/\/defabrica.com.mx\/defabrica\/wp-json\/wp\/v2\/product\/97924","targetHints":{"allow":["GET"]}}],"collection":[{"href":"https:\/\/defabrica.com.mx\/defabrica\/wp-json\/wp\/v2\/product"}],"about":[{"href":"https:\/\/defabrica.com.mx\/defabrica\/wp-json\/wp\/v2\/types\/product"}],"replies":[{"embeddable":true,"href":"https:\/\/defabrica.com.mx\/defabrica\/wp-json\/wp\/v2\/comments?post=97924"}],"wp:featuredmedia":[{"embeddable":true,"href":"https:\/\/defabrica.com.mx\/defabrica\/wp-json\/wp\/v2\/media\/97925"}],"wp:attachment":[{"href":"https:\/\/defabrica.com.mx\/defabrica\/wp-json\/wp\/v2\/media?parent=97924"}],"wp:term":[{"taxonomy":"product_brand","embeddable":true,"href":"https:\/\/defabrica.com.mx\/defabrica\/wp-json\/wp\/v2\/product_brand?post=97924"},{"taxonomy":"product_cat","embeddable":true,"href":"https:\/\/defabrica.com.mx\/defabrica\/wp-json\/wp\/v2\/product_cat?post=97924"},{"taxonomy":"product_tag","embeddable":true,"href":"https:\/\/defabrica.com.mx\/defabrica\/wp-json\/wp\/v2\/product_tag?post=97924"}],"curies":[{"name":"wp","href":"https:\/\/api.w.org\/{rel}","templated":true}]}}