{"id":97890,"date":"2022-09-08T17:19:52","date_gmt":"2022-09-08T22:19:52","guid":{"rendered":"https:\/\/defabrica.com.mx\/defabrica\/?post_type=product&#038;p=97890"},"modified":"2023-01-20T19:59:56","modified_gmt":"2023-01-21T01:59:56","slug":"control-inalambrico-dualshock-4-para-sony-playstation-4-negro-azabache","status":"publish","type":"product","link":"https:\/\/defabrica.com.mx\/defabrica\/producto\/control-inalambrico-dualshock-4-para-sony-playstation-4-negro-azabache\/","title":{"rendered":"Control inal\u00e1mbrico DualShock 4 para Sony PlayStation 4 &#8211; Negro azabache"},"content":{"rendered":"<p>Juega a tus videojuegos favoritos con este mando DualShock de PlayStation 4.\u00a0El puerto microUSB le permite mantenerlo cargado y listo para usar, y los botones y controles de activaci\u00f3n brindan una respuesta inmediata incluso en los juegos m\u00e1s desafiantes.\u00a0Este controlador DualShock de PlayStation 4 tiene un altavoz interno para un sonido de primer plano realista.<\/p>\n<h3 class=\"heading-5 v-fw-regular feature-heading\"><strong>Caracter\u00edsticas<\/strong><\/h3>\n<ul>\n<li><strong>Toma el control de tus aventuras favoritas, resuelve acertijos y derrota a jefes \u00e9picos con la ayuda de este gamepad para PlayStation 4<\/strong><\/li>\n<li><strong>Siente la acci\u00f3n de tus juegos favoritos en tus manos, ya que este game pad genera una intensa respuesta de vibraci\u00f3n durante todos los golpes, explosiones, choques y otros momentos de alta intensidad de tus juegos.<\/strong><\/li>\n<li><strong>Disfruta de la libertad de los juegos inal\u00e1mbricos con la tecnolog\u00eda Bluetooth<\/strong><\/li>\n<li><strong>Dise\u00f1o alimentado por bater\u00eda para un funcionamiento sin enredos con construcci\u00f3n liviana para mayor comodidad durante sesiones de juego prolongadas (se requieren bater\u00edas de iones de litio)<\/strong><\/li>\n<li><strong>Compatible con PlayStation 4<\/strong><\/li>\n<li><strong>Con licencia oficial de Sony<\/strong><\/li>\n<\/ul>\n","protected":false},"excerpt":{"rendered":"<p>Juega a tus videojuegos favoritos con este mando DualShock de PlayStation 4.\u00a0El puerto microUSB le permite mantenerlo cargado y listo para usar, y los botones y controles de activaci\u00f3n brindan<\/p>\n","protected":false},"featured_media":97891,"comment_status":"open","ping_status":"closed","template":"","meta":{"_acf_changed":false,"_joinchat":[]},"product_brand":[],"product_cat":[277,282,437],"product_tag":[],"class_list":{"0":"post-97890","1":"product","2":"type-product","3":"status-publish","4":"has-post-thumbnail","6":"product_cat-zona-gamer","7":"product_cat-accesorios-gamers","8":"product_cat-controles-gamer","10":"first","11":"instock","12":"sale","13":"shipping-taxable","14":"purchasable","15":"product-type-simple"},"acf":[],"_links":{"self":[{"href":"https:\/\/defabrica.com.mx\/defabrica\/wp-json\/wp\/v2\/product\/97890","targetHints":{"allow":["GET"]}}],"collection":[{"href":"https:\/\/defabrica.com.mx\/defabrica\/wp-json\/wp\/v2\/product"}],"about":[{"href":"https:\/\/defabrica.com.mx\/defabrica\/wp-json\/wp\/v2\/types\/product"}],"replies":[{"embeddable":true,"href":"https:\/\/defabrica.com.mx\/defabrica\/wp-json\/wp\/v2\/comments?post=97890"}],"wp:featuredmedia":[{"embeddable":true,"href":"https:\/\/defabrica.com.mx\/defabrica\/wp-json\/wp\/v2\/media\/97891"}],"wp:attachment":[{"href":"https:\/\/defabrica.com.mx\/defabrica\/wp-json\/wp\/v2\/media?parent=97890"}],"wp:term":[{"taxonomy":"product_brand","embeddable":true,"href":"https:\/\/defabrica.com.mx\/defabrica\/wp-json\/wp\/v2\/product_brand?post=97890"},{"taxonomy":"product_cat","embeddable":true,"href":"https:\/\/defabrica.com.mx\/defabrica\/wp-json\/wp\/v2\/product_cat?post=97890"},{"taxonomy":"product_tag","embeddable":true,"href":"https:\/\/defabrica.com.mx\/defabrica\/wp-json\/wp\/v2\/product_tag?post=97890"}],"curies":[{"name":"wp","href":"https:\/\/api.w.org\/{rel}","templated":true}]}}