{"id":97792,"date":"2022-09-06T17:58:13","date_gmt":"2022-09-06T22:58:13","guid":{"rendered":"https:\/\/defabrica.com.mx\/defabrica\/?post_type=product&#038;p=97792"},"modified":"2023-01-20T20:19:19","modified_gmt":"2023-01-21T02:19:19","slug":"cuisinart-sm-50bc-precision-master-batidora-de-pie-con-cabezal-inclinable-cromo-cepillado","status":"publish","type":"product","link":"https:\/\/defabrica.com.mx\/defabrica\/producto\/cuisinart-sm-50bc-precision-master-batidora-de-pie-con-cabezal-inclinable-cromo-cepillado\/","title":{"rendered":"Cuisinart &#8211; SM-50BC Precision Master Batidora de pie con cabezal inclinable &#8211; Cromo cepillado"},"content":{"rendered":"<div class=\"embedded-component-container lv product-description\">\n<div>\n<div id=\"shop-product-description-77827056\" class=\"_none\" data-version=\"1.3.48\">\n<div class=\"shop-product-description\">\n<section class=\"align-heading-left\" data-reactroot=\"\">\n<div class=\"long-description-container body-copy \">\n<div class=\"html-fragment\">Maximice la competencia de sus habilidades para cocinar y hornear con esta batidora de pie Cuisinart Precision Master de 5.5 cuartos.\u00a0Un motor de 500 W de alto rendimiento con 12 configuraciones de velocidad maneja una variedad de tareas de preparaci\u00f3n de alimentos, desde batir claras de huevo hasta amasar pan.\u00a0El cabezal inclinable hacia atr\u00e1s de esta batidora de pie Cuisinart Precision Master brinda f\u00e1cil acceso al taz\u00f3n para mezclar.<\/div>\n<\/div>\n<\/section>\n<\/div>\n<\/div>\n<\/div>\n<\/div>\n<div class=\"embedded-component-container lv product-features\">\n<h3><\/h3>\n<h3 class=\"heading-5 v-fw-regular feature-heading\"><strong>Caracter\u00edsticas<\/strong><\/h3>\n<ul>\n<li><strong>El control de 12 velocidades ofrece una variedad de opciones de mezcla<\/strong><br \/>\nDesde un batido lento hasta un l\u00e1tigo muy r\u00e1pido, esta batidora tiene una velocidad que se adapta a m\u00faltiples necesidades culinarias.<\/li>\n<li><strong>motor de 500 vatios<\/strong><br \/>\nAborda sin esfuerzo incluso la masa gruesa de brownie y la masa de pan.<\/li>\n<li><strong>taz\u00f3n para mezclar de 5.6 cuartos<\/strong><br \/>\nOfrece eficiencia en la cocina.<\/li>\n<li><strong>Gancho de la pasta<\/strong><br \/>\nAmasa masa de levadura para recetas de pan y pizza.<\/li>\n<li><strong>Accesorio para batir<\/strong><br \/>\nOptimiza el aire en mezclas para claras de huevo esponjosas, crema batida y m\u00e1s.<\/li>\n<li><strong>Libro de recetas incluido.<\/strong><br \/>\nPara darle ideas de recetas emocionantes.<\/li>\n<li><strong>Cuenco y accesorios aptos para lavavajillas<\/strong><br \/>\nPara una f\u00e1cil limpieza.<\/li>\n<\/ul>\n<\/div>\n","protected":false},"excerpt":{"rendered":"<p>Maximice la competencia de sus habilidades para cocinar y hornear con esta batidora de pie Cuisinart Precision Master de 5.5 cuartos.\u00a0Un motor de 500 W de alto rendimiento con 12<\/p>\n","protected":false},"featured_media":97793,"comment_status":"open","ping_status":"closed","template":"","meta":{"_acf_changed":false,"_joinchat":[]},"product_brand":[],"product_cat":[336,337,338,986],"product_tag":[],"class_list":{"0":"post-97792","1":"product","2":"type-product","3":"status-publish","4":"has-post-thumbnail","6":"product_cat-hogar","7":"product_cat-cocina","8":"product_cat-electrodomesticos","9":"product_cat-batidoras","11":"first","12":"instock","13":"sale","14":"shipping-taxable","15":"purchasable","16":"product-type-simple"},"acf":[],"_links":{"self":[{"href":"https:\/\/defabrica.com.mx\/defabrica\/wp-json\/wp\/v2\/product\/97792","targetHints":{"allow":["GET"]}}],"collection":[{"href":"https:\/\/defabrica.com.mx\/defabrica\/wp-json\/wp\/v2\/product"}],"about":[{"href":"https:\/\/defabrica.com.mx\/defabrica\/wp-json\/wp\/v2\/types\/product"}],"replies":[{"embeddable":true,"href":"https:\/\/defabrica.com.mx\/defabrica\/wp-json\/wp\/v2\/comments?post=97792"}],"wp:featuredmedia":[{"embeddable":true,"href":"https:\/\/defabrica.com.mx\/defabrica\/wp-json\/wp\/v2\/media\/97793"}],"wp:attachment":[{"href":"https:\/\/defabrica.com.mx\/defabrica\/wp-json\/wp\/v2\/media?parent=97792"}],"wp:term":[{"taxonomy":"product_brand","embeddable":true,"href":"https:\/\/defabrica.com.mx\/defabrica\/wp-json\/wp\/v2\/product_brand?post=97792"},{"taxonomy":"product_cat","embeddable":true,"href":"https:\/\/defabrica.com.mx\/defabrica\/wp-json\/wp\/v2\/product_cat?post=97792"},{"taxonomy":"product_tag","embeddable":true,"href":"https:\/\/defabrica.com.mx\/defabrica\/wp-json\/wp\/v2\/product_tag?post=97792"}],"curies":[{"name":"wp","href":"https:\/\/api.w.org\/{rel}","templated":true}]}}