{"id":97786,"date":"2022-09-06T17:55:12","date_gmt":"2022-09-06T22:55:12","guid":{"rendered":"https:\/\/defabrica.com.mx\/defabrica\/?post_type=product&#038;p=97786"},"modified":"2023-01-20T20:18:46","modified_gmt":"2023-01-21T02:18:46","slug":"cuisinart-pastafecto-powered-mixer-con-funciones-para-pasta-y-masa-de-pan","status":"publish","type":"product","link":"https:\/\/defabrica.com.mx\/defabrica\/producto\/cuisinart-pastafecto-powered-mixer-con-funciones-para-pasta-y-masa-de-pan\/","title":{"rendered":"Cuisinart &#8211; Pastafecto Powered Mixer con funciones para pasta y masa de pan"},"content":{"rendered":"<div class=\"embedded-component-container lv product-description\">\n<div>\n<div id=\"shop-product-description-68657759\" class=\"_none\" data-version=\"1.3.48\">\n<div class=\"shop-product-description\">\n<section class=\"align-heading-left\" data-reactroot=\"\">\n<div class=\"long-description-container body-copy \">\n<div class=\"html-fragment\">Hacer comidas deliciosas es simple y satisfactorio con la m\u00e1quina para hacer pasta\/masa de pan Cuisinart\u00ae Pastafecto\u00ae.\u00a0Mezcle huevos, harina, aceite y sal y elija entre 6 discos para hacer variedades cl\u00e1sicas de pasta, incluidos espaguetis, rigatoni, fusilli, macarrones peque\u00f1os, fettuccine y bucatini, en solo 20 minutos.\u00a0Insp\u00edrese y agregue ingredientes para una receta de pasta de su propia creaci\u00f3n o use la batidora para amasar masa de pan en lotes peque\u00f1os hasta obtener una consistencia perfecta y lista para crecer.\u00a0Deleita a tu familia, amigos y a ti mismo con pastas caseras m\u00e1s saludables y panes reci\u00e9n hechos en casa.<\/div>\n<\/div>\n<\/section>\n<\/div>\n<\/div>\n<\/div>\n<\/div>\n<div class=\"embedded-component-container lv product-features\">\n<h3><\/h3>\n<h3 class=\"heading-5 v-fw-regular feature-heading\"><strong>Caracter\u00edsticas<\/strong><\/h3>\n<ul>\n<li><strong>Funciones de pasta<\/strong><br \/>\nMezcla, amasa y extruye hasta una libra de pasta fresca en 20 minutos<\/li>\n<li><strong>Funciones de pan<\/strong><br \/>\nMezcle y amase hasta una libra de masa de pan<\/li>\n<li><strong>Dise\u00f1o<\/strong><br \/>\nDise\u00f1o compacto que ahorra espacio<\/li>\n<li><strong>Qu\u00e9 est\u00e1 incluido<\/strong><br \/>\nSeis discos de pasta: espagueti, rigatoni, fusilli, macarrones peque\u00f1os, fettuccine, bucatini. Vasos medidores de harina y l\u00edquidos.<\/li>\n<li><strong>Almacenamiento<\/strong><br \/>\nCaj\u00f3n de almacenamiento y bolsa<\/li>\n<li><strong>Instrumentos<\/strong><br \/>\nherramienta de limpieza<\/li>\n<\/ul>\n<\/div>\n","protected":false},"excerpt":{"rendered":"<p>Hacer comidas deliciosas es simple y satisfactorio con la m\u00e1quina para hacer pasta\/masa de pan Cuisinart\u00ae Pastafecto\u00ae.\u00a0Mezcle huevos, harina, aceite y sal y elija entre 6 discos para hacer variedades<\/p>\n","protected":false},"featured_media":97787,"comment_status":"open","ping_status":"closed","template":"","meta":{"_acf_changed":false,"_joinchat":[]},"product_brand":[],"product_cat":[336,337,986],"product_tag":[],"class_list":{"0":"post-97786","1":"product","2":"type-product","3":"status-publish","4":"has-post-thumbnail","6":"product_cat-hogar","7":"product_cat-cocina","8":"product_cat-batidoras","10":"first","11":"instock","12":"sale","13":"shipping-taxable","14":"purchasable","15":"product-type-simple"},"acf":[],"_links":{"self":[{"href":"https:\/\/defabrica.com.mx\/defabrica\/wp-json\/wp\/v2\/product\/97786","targetHints":{"allow":["GET"]}}],"collection":[{"href":"https:\/\/defabrica.com.mx\/defabrica\/wp-json\/wp\/v2\/product"}],"about":[{"href":"https:\/\/defabrica.com.mx\/defabrica\/wp-json\/wp\/v2\/types\/product"}],"replies":[{"embeddable":true,"href":"https:\/\/defabrica.com.mx\/defabrica\/wp-json\/wp\/v2\/comments?post=97786"}],"wp:featuredmedia":[{"embeddable":true,"href":"https:\/\/defabrica.com.mx\/defabrica\/wp-json\/wp\/v2\/media\/97787"}],"wp:attachment":[{"href":"https:\/\/defabrica.com.mx\/defabrica\/wp-json\/wp\/v2\/media?parent=97786"}],"wp:term":[{"taxonomy":"product_brand","embeddable":true,"href":"https:\/\/defabrica.com.mx\/defabrica\/wp-json\/wp\/v2\/product_brand?post=97786"},{"taxonomy":"product_cat","embeddable":true,"href":"https:\/\/defabrica.com.mx\/defabrica\/wp-json\/wp\/v2\/product_cat?post=97786"},{"taxonomy":"product_tag","embeddable":true,"href":"https:\/\/defabrica.com.mx\/defabrica\/wp-json\/wp\/v2\/product_tag?post=97786"}],"curies":[{"name":"wp","href":"https:\/\/api.w.org\/{rel}","templated":true}]}}