{"id":97762,"date":"2022-09-06T17:41:54","date_gmt":"2022-09-06T22:41:54","guid":{"rendered":"https:\/\/defabrica.com.mx\/defabrica\/?post_type=product&#038;p=97762"},"modified":"2023-01-20T20:16:46","modified_gmt":"2023-01-21T02:16:46","slug":"cuisinart-batidora-de-mano-power-advantage-plus-de-9-velocidades-con-estuche-de-almacenamiento-blanco","status":"publish","type":"product","link":"https:\/\/defabrica.com.mx\/defabrica\/producto\/cuisinart-batidora-de-mano-power-advantage-plus-de-9-velocidades-con-estuche-de-almacenamiento-blanco\/","title":{"rendered":"Cuisinart &#8211; Batidora de mano Power Advantage PLUS de 9 velocidades con estuche de almacenamiento &#8211; Blanco"},"content":{"rendered":"<div class=\"embedded-component-container lv product-description\">\n<div>\n<div id=\"shop-product-description-73698655\" class=\"_none\" data-version=\"1.3.48\">\n<div class=\"shop-product-description\">\n<section class=\"align-heading-left\" data-reactroot=\"\">\n<div class=\"long-description-container body-copy \">\n<div class=\"html-fragment\">Batidora de mano Power Advantage PLUS de 9 velocidades con estuche de almacenamiento<\/div>\n<\/div>\n<\/section>\n<\/div>\n<\/div>\n<\/div>\n<\/div>\n<div class=\"embedded-component-container lv product-features\">\n<h3><\/h3>\n<h3 class=\"heading-5 v-fw-regular feature-heading\"><strong>Caracter\u00edsticas<\/strong><\/h3>\n<ul>\n<li><strong>Energ\u00eda<\/strong><br \/>\n220 vatios de potencia con retroalimentaci\u00f3n autom\u00e1tica<\/li>\n<li><strong>Comienzo suave<\/strong><br \/>\nLa funci\u00f3n SmoothStart con 3 velocidades de mezcla bajas elimina las salpicaduras<\/li>\n<li><strong>Interruptor de alimentaci\u00f3n<\/strong><br \/>\nInterruptor de encendido de un paso con pantalla LED de 9 velocidades<\/li>\n<li><strong>Estuche de almacenamiento<\/strong><br \/>\nEstuche resistente a presi\u00f3n para guardar la batidora y los accesorios<\/li>\n<li><strong>Qu\u00e9 est\u00e1 incluido<\/strong><br \/>\nIncluye batidores, batidor de chef, ganchos para masa y esp\u00e1tula.<\/li>\n<li><strong>Libro<\/strong><br \/>\nLibro de recetas<\/li>\n<li><strong>BPA<\/strong><br \/>\nsin BPA<\/li>\n<\/ul>\n<\/div>\n","protected":false},"excerpt":{"rendered":"<p>Batidora de mano Power Advantage PLUS de 9 velocidades con estuche de almacenamiento Caracter\u00edsticas Energ\u00eda 220 vatios de potencia con retroalimentaci\u00f3n autom\u00e1tica Comienzo suave La funci\u00f3n SmoothStart con 3 velocidades<\/p>\n","protected":false},"featured_media":97763,"comment_status":"open","ping_status":"closed","template":"","meta":{"_acf_changed":false,"_joinchat":[]},"product_brand":[],"product_cat":[336,337,986],"product_tag":[],"class_list":{"0":"post-97762","1":"product","2":"type-product","3":"status-publish","4":"has-post-thumbnail","6":"product_cat-hogar","7":"product_cat-cocina","8":"product_cat-batidoras","10":"first","11":"instock","12":"sale","13":"shipping-taxable","14":"purchasable","15":"product-type-simple"},"acf":[],"_links":{"self":[{"href":"https:\/\/defabrica.com.mx\/defabrica\/wp-json\/wp\/v2\/product\/97762","targetHints":{"allow":["GET"]}}],"collection":[{"href":"https:\/\/defabrica.com.mx\/defabrica\/wp-json\/wp\/v2\/product"}],"about":[{"href":"https:\/\/defabrica.com.mx\/defabrica\/wp-json\/wp\/v2\/types\/product"}],"replies":[{"embeddable":true,"href":"https:\/\/defabrica.com.mx\/defabrica\/wp-json\/wp\/v2\/comments?post=97762"}],"wp:featuredmedia":[{"embeddable":true,"href":"https:\/\/defabrica.com.mx\/defabrica\/wp-json\/wp\/v2\/media\/97763"}],"wp:attachment":[{"href":"https:\/\/defabrica.com.mx\/defabrica\/wp-json\/wp\/v2\/media?parent=97762"}],"wp:term":[{"taxonomy":"product_brand","embeddable":true,"href":"https:\/\/defabrica.com.mx\/defabrica\/wp-json\/wp\/v2\/product_brand?post=97762"},{"taxonomy":"product_cat","embeddable":true,"href":"https:\/\/defabrica.com.mx\/defabrica\/wp-json\/wp\/v2\/product_cat?post=97762"},{"taxonomy":"product_tag","embeddable":true,"href":"https:\/\/defabrica.com.mx\/defabrica\/wp-json\/wp\/v2\/product_tag?post=97762"}],"curies":[{"name":"wp","href":"https:\/\/api.w.org\/{rel}","templated":true}]}}