{"id":97753,"date":"2022-09-06T17:07:06","date_gmt":"2022-09-06T22:07:06","guid":{"rendered":"https:\/\/defabrica.com.mx\/defabrica\/?post_type=product&#038;p=97753"},"modified":"2023-01-20T20:15:48","modified_gmt":"2023-01-21T02:15:48","slug":"braun-hm5100-multimix-5-batidora-de-mano-de-9-velocidades-negro","status":"publish","type":"product","link":"https:\/\/defabrica.com.mx\/defabrica\/producto\/braun-hm5100-multimix-5-batidora-de-mano-de-9-velocidades-negro\/","title":{"rendered":"Braun &#8211; HM5100 MultiMix 5 Batidora de mano de 9 velocidades &#8211; Negro"},"content":{"rendered":"<div class=\"embedded-component-container lv product-description\">\n<div>\n<div id=\"shop-product-description-70915139\" class=\"_none\" data-version=\"1.3.48\">\n<div class=\"shop-product-description\">\n<section class=\"align-heading-left\" data-reactroot=\"\">\n<div class=\"long-description-container body-copy \">\n<div class=\"html-fragment\">Prepara pasteles, magdalenas y otros alimentos con esta batidora de mano negra Braun MultiMix 5 de 350W.\u00a0El dise\u00f1o sellado evita que la masa entre en el interior, lo que hace que la limpieza sea r\u00e1pida y sencilla, mientras que la variedad de accesorios se adapta a una amplia gama de tipos de alimentos.\u00a0Esta batidora de mano negra Braun MultiMix 5 cuenta con un mango ergon\u00f3mico suave para una experiencia m\u00e1s c\u00f3moda.<\/div>\n<\/div>\n<\/section>\n<\/div>\n<\/div>\n<\/div>\n<\/div>\n<div class=\"embedded-component-container lv product-features\">\n<h3><\/h3>\n<h3 class=\"heading-5 v-fw-regular feature-heading\"><strong>Caracter\u00edsticas<\/strong><\/h3>\n<ul>\n<li><strong>Batidora de mano<\/strong><br \/>\nPermite una mezcla r\u00e1pida y vers\u00e1til de ingredientes.<\/li>\n<li><strong>El control de 9 velocidades ofrece una variedad de opciones de mezcla<\/strong><br \/>\nDesde un batido lento hasta un l\u00e1tigo muy r\u00e1pido, esta batidora tiene una velocidad que se adapta a m\u00faltiples necesidades culinarias.<\/li>\n<li><strong>VarioControl de una mano<\/strong><br \/>\nUn simple giro del dial de velocidad VarioControl es todo lo que necesita para ajustar la velocidad mientras mezcla, y el toque de un bot\u00f3n le permite cambiar entre accesorios.<\/li>\n<li><strong>motor de 350 vatios<\/strong><br \/>\nAborda sin esfuerzo incluso la masa gruesa de brownie y la masa de pan.<\/li>\n<li><strong>Tecnolog\u00eda SmartMix<\/strong><br \/>\nOfrece un dise\u00f1o de motor vertical en l\u00ednea que cambia el peso de la batidora de la mano al recipiente.<\/li>\n<li><strong>Archivos adjuntos para cada tarea<\/strong><br \/>\nMultiWhisk, batidor y batidor en uno, crea volumen para mezclas ligeras y aireadas. Los robustos ganchos para amasar son perfectos para pan y pizza caseros.<\/li>\n<li><strong>Control c\u00f3modo<\/strong><br \/>\nUn agarre ergon\u00f3mico y s\u00faper suave lo mantiene c\u00f3modamente en control.<\/li>\n<li><strong>limpieza r\u00e1pida<\/strong><br \/>\nEl dise\u00f1o EasyClean tiene un sistema completamente sellado, por lo que nada se mete dentro de la carcasa, y las piezas aptas para lavavajillas facilitan la limpieza.<\/li>\n<li><strong>Piezas extra\u00edbles aptas para lavavajillas<\/strong><br \/>\nPara una f\u00e1cil limpieza.<\/li>\n<li><strong>Almacenamiento de cable<\/strong><br \/>\nAyuda a mantener tu mostrador ordenado.<\/li>\n<li><strong>cable de alimentaci\u00f3n de 5&#8242;<\/strong><br \/>\nProporciona un alcance extendido para una f\u00e1cil maniobrabilidad.<\/li>\n<\/ul>\n<\/div>\n","protected":false},"excerpt":{"rendered":"<p>Prepara pasteles, magdalenas y otros alimentos con esta batidora de mano negra Braun MultiMix 5 de 350W.\u00a0El dise\u00f1o sellado evita que la masa entre en el interior, lo que hace<\/p>\n","protected":false},"featured_media":97755,"comment_status":"open","ping_status":"closed","template":"","meta":{"_acf_changed":false,"_joinchat":[]},"product_brand":[],"product_cat":[336,337,986],"product_tag":[],"class_list":{"0":"post-97753","1":"product","2":"type-product","3":"status-publish","4":"has-post-thumbnail","6":"product_cat-hogar","7":"product_cat-cocina","8":"product_cat-batidoras","10":"first","11":"instock","12":"sale","13":"shipping-taxable","14":"purchasable","15":"product-type-simple"},"acf":[],"_links":{"self":[{"href":"https:\/\/defabrica.com.mx\/defabrica\/wp-json\/wp\/v2\/product\/97753","targetHints":{"allow":["GET"]}}],"collection":[{"href":"https:\/\/defabrica.com.mx\/defabrica\/wp-json\/wp\/v2\/product"}],"about":[{"href":"https:\/\/defabrica.com.mx\/defabrica\/wp-json\/wp\/v2\/types\/product"}],"replies":[{"embeddable":true,"href":"https:\/\/defabrica.com.mx\/defabrica\/wp-json\/wp\/v2\/comments?post=97753"}],"wp:featuredmedia":[{"embeddable":true,"href":"https:\/\/defabrica.com.mx\/defabrica\/wp-json\/wp\/v2\/media\/97755"}],"wp:attachment":[{"href":"https:\/\/defabrica.com.mx\/defabrica\/wp-json\/wp\/v2\/media?parent=97753"}],"wp:term":[{"taxonomy":"product_brand","embeddable":true,"href":"https:\/\/defabrica.com.mx\/defabrica\/wp-json\/wp\/v2\/product_brand?post=97753"},{"taxonomy":"product_cat","embeddable":true,"href":"https:\/\/defabrica.com.mx\/defabrica\/wp-json\/wp\/v2\/product_cat?post=97753"},{"taxonomy":"product_tag","embeddable":true,"href":"https:\/\/defabrica.com.mx\/defabrica\/wp-json\/wp\/v2\/product_tag?post=97753"}],"curies":[{"name":"wp","href":"https:\/\/api.w.org\/{rel}","templated":true}]}}