{"id":97742,"date":"2022-09-06T15:59:52","date_gmt":"2022-09-06T20:59:52","guid":{"rendered":"https:\/\/defabrica.com.mx\/defabrica\/?post_type=product&#038;p=97742"},"modified":"2022-09-06T15:59:53","modified_gmt":"2022-09-06T20:59:53","slug":"frigidaire-estm020-pink-batidora-de-pie-rosa","status":"publish","type":"product","link":"https:\/\/defabrica.com.mx\/defabrica\/producto\/frigidaire-estm020-pink-batidora-de-pie-rosa\/","title":{"rendered":"Frigidaire &#8211; ESTM020-PINK Batidora de pie &#8211; Rosa"},"content":{"rendered":"<p>Prepare sus ingredientes para hornear con este 4.75 qt.\u00a0Batidora de pie retro Frigidaire de acero inoxidable rosa.\u00a0El control del interruptor giratorio de ocho velocidades le permite manejar diferentes requisitos de recetas, mientras que el aspecto retro eleva instant\u00e1neamente el atractivo de su cocina.\u00a0Esta batidora de pie retro de acero inoxidable Frigidaire tiene un recipiente para mezclar que es f\u00e1cil de mantener.<\/p>\n<h3><\/h3>\n<h3 class=\"heading-5 v-fw-regular feature-heading\"><strong>Caracter\u00edsticas<\/strong><\/h3>\n<ul>\n<li><strong>El control de 8 velocidades ofrece una variedad de opciones de mezcla<\/strong><br \/>\nDesde un batido lento hasta un l\u00e1tigo muy r\u00e1pido, esta batidora tiene una velocidad que se adapta a m\u00faltiples necesidades culinarias.<\/li>\n<li><strong>motor de 1200 vatios<\/strong><br \/>\nAborda sin esfuerzo incluso la masa gruesa de brownie y la masa de pan.<\/li>\n<li><strong>153,6 onzas capacidad<\/strong><br \/>\nPara mezclar lotes de bebidas o sopas.<\/li>\n<li><strong>Gancho de la pasta<\/strong><br \/>\nAmasa masa de levadura para recetas de pan y pizza.<\/li>\n<\/ul>\n","protected":false},"excerpt":{"rendered":"<p>Prepare sus ingredientes para hornear con este 4.75 qt.\u00a0Batidora de pie retro Frigidaire de acero inoxidable rosa.\u00a0El control del interruptor giratorio de ocho velocidades le permite manejar diferentes requisitos de<\/p>\n","protected":false},"featured_media":97743,"comment_status":"open","ping_status":"closed","template":"","meta":{"_acf_changed":false,"_joinchat":[]},"product_brand":[],"product_cat":[336,337,986],"product_tag":[],"class_list":{"0":"post-97742","1":"product","2":"type-product","3":"status-publish","4":"has-post-thumbnail","6":"product_cat-hogar","7":"product_cat-cocina","8":"product_cat-batidoras","10":"first","11":"instock","12":"sale","13":"shipping-taxable","14":"purchasable","15":"product-type-simple"},"acf":[],"_links":{"self":[{"href":"https:\/\/defabrica.com.mx\/defabrica\/wp-json\/wp\/v2\/product\/97742","targetHints":{"allow":["GET"]}}],"collection":[{"href":"https:\/\/defabrica.com.mx\/defabrica\/wp-json\/wp\/v2\/product"}],"about":[{"href":"https:\/\/defabrica.com.mx\/defabrica\/wp-json\/wp\/v2\/types\/product"}],"replies":[{"embeddable":true,"href":"https:\/\/defabrica.com.mx\/defabrica\/wp-json\/wp\/v2\/comments?post=97742"}],"wp:featuredmedia":[{"embeddable":true,"href":"https:\/\/defabrica.com.mx\/defabrica\/wp-json\/wp\/v2\/media\/97743"}],"wp:attachment":[{"href":"https:\/\/defabrica.com.mx\/defabrica\/wp-json\/wp\/v2\/media?parent=97742"}],"wp:term":[{"taxonomy":"product_brand","embeddable":true,"href":"https:\/\/defabrica.com.mx\/defabrica\/wp-json\/wp\/v2\/product_brand?post=97742"},{"taxonomy":"product_cat","embeddable":true,"href":"https:\/\/defabrica.com.mx\/defabrica\/wp-json\/wp\/v2\/product_cat?post=97742"},{"taxonomy":"product_tag","embeddable":true,"href":"https:\/\/defabrica.com.mx\/defabrica\/wp-json\/wp\/v2\/product_tag?post=97742"}],"curies":[{"name":"wp","href":"https:\/\/api.w.org\/{rel}","templated":true}]}}