{"id":97739,"date":"2022-09-06T15:57:03","date_gmt":"2022-09-06T20:57:03","guid":{"rendered":"https:\/\/defabrica.com.mx\/defabrica\/?post_type=product&#038;p=97739"},"modified":"2022-09-06T15:57:03","modified_gmt":"2022-09-06T20:57:03","slug":"frigidaire-estm020-black-batidora-de-pie-negro","status":"publish","type":"product","link":"https:\/\/defabrica.com.mx\/defabrica\/producto\/frigidaire-estm020-black-batidora-de-pie-negro\/","title":{"rendered":"Frigidaire &#8211; ESTM020-BLACK Batidora de pie &#8211; Negro"},"content":{"rendered":"<p>Revuelva, bata y bata los ingredientes con esta batidora de pie retro de acero inoxidable Frigidaire negra.\u00a0El motor de aire acondicionado de cobre puro brinda potencia y rendimiento confiables, mientras que el plato de acero inoxidable de 4.5L ofrece una f\u00e1cil limpieza.\u00a0Operando a 75dB en la configuraci\u00f3n de velocidad m\u00e1s alta, esta batidora de pie retro de acero inoxidable Frigidaire le permite disfrutar de una cocina silenciosa.<\/p>\n<h3><\/h3>\n<h3 class=\"heading-5 v-fw-regular feature-heading\"><strong>Caracter\u00edsticas<\/strong><\/h3>\n<ul>\n<li><strong>El control de 8 velocidades ofrece una variedad de opciones de mezcla<\/strong><br \/>\nDesde un batido lento hasta un l\u00e1tigo muy r\u00e1pido, esta batidora tiene una velocidad que se adapta a m\u00faltiples necesidades culinarias.<\/li>\n<li><strong>motor de 1200 vatios<\/strong><br \/>\nAborda sin esfuerzo incluso la masa gruesa de brownie y la masa de pan.<\/li>\n<li><strong>153,6 onzas capacidad<\/strong><br \/>\nPara mezclar lotes de bebidas o sopas.<\/li>\n<li><strong>Gancho de la pasta<\/strong><br \/>\nAmasa masa de levadura para recetas de pan y pizza.<\/li>\n<\/ul>\n","protected":false},"excerpt":{"rendered":"<p>Revuelva, bata y bata los ingredientes con esta batidora de pie retro de acero inoxidable Frigidaire negra.\u00a0El motor de aire acondicionado de cobre puro brinda potencia y rendimiento confiables, mientras<\/p>\n","protected":false},"featured_media":97740,"comment_status":"open","ping_status":"closed","template":"","meta":{"_acf_changed":false,"_joinchat":[]},"product_brand":[],"product_cat":[336,337,986],"product_tag":[],"class_list":{"0":"post-97739","1":"product","2":"type-product","3":"status-publish","4":"has-post-thumbnail","6":"product_cat-hogar","7":"product_cat-cocina","8":"product_cat-batidoras","10":"first","11":"instock","12":"sale","13":"shipping-taxable","14":"purchasable","15":"product-type-simple"},"acf":[],"_links":{"self":[{"href":"https:\/\/defabrica.com.mx\/defabrica\/wp-json\/wp\/v2\/product\/97739","targetHints":{"allow":["GET"]}}],"collection":[{"href":"https:\/\/defabrica.com.mx\/defabrica\/wp-json\/wp\/v2\/product"}],"about":[{"href":"https:\/\/defabrica.com.mx\/defabrica\/wp-json\/wp\/v2\/types\/product"}],"replies":[{"embeddable":true,"href":"https:\/\/defabrica.com.mx\/defabrica\/wp-json\/wp\/v2\/comments?post=97739"}],"wp:featuredmedia":[{"embeddable":true,"href":"https:\/\/defabrica.com.mx\/defabrica\/wp-json\/wp\/v2\/media\/97740"}],"wp:attachment":[{"href":"https:\/\/defabrica.com.mx\/defabrica\/wp-json\/wp\/v2\/media?parent=97739"}],"wp:term":[{"taxonomy":"product_brand","embeddable":true,"href":"https:\/\/defabrica.com.mx\/defabrica\/wp-json\/wp\/v2\/product_brand?post=97739"},{"taxonomy":"product_cat","embeddable":true,"href":"https:\/\/defabrica.com.mx\/defabrica\/wp-json\/wp\/v2\/product_cat?post=97739"},{"taxonomy":"product_tag","embeddable":true,"href":"https:\/\/defabrica.com.mx\/defabrica\/wp-json\/wp\/v2\/product_tag?post=97739"}],"curies":[{"name":"wp","href":"https:\/\/api.w.org\/{rel}","templated":true}]}}