{"id":97727,"date":"2022-09-06T15:50:34","date_gmt":"2022-09-06T20:50:34","guid":{"rendered":"https:\/\/defabrica.com.mx\/defabrica\/?post_type=product&#038;p=97727"},"modified":"2023-01-20T20:12:31","modified_gmt":"2023-01-21T02:12:31","slug":"hamilton-beach-batidora-de-pie-totalmente-metalica-eclectrics-rojo","status":"publish","type":"product","link":"https:\/\/defabrica.com.mx\/defabrica\/producto\/hamilton-beach-batidora-de-pie-totalmente-metalica-eclectrics-rojo\/","title":{"rendered":"Hamilton Beach &#8211; Batidora de pie totalmente met\u00e1lica Eclectrics &#8211; Rojo"},"content":{"rendered":"<div class=\"embedded-component-container lv product-description\">\n<div>\n<div id=\"shop-product-description-59353095\" class=\"_none\" data-version=\"1.3.48\">\n<div class=\"shop-product-description\">\n<section class=\"align-heading-left\" data-reactroot=\"\">\n<div class=\"long-description-container body-copy \">\n<div class=\"html-fragment\">Batidora de pie totalmente met\u00e1lica Eclectrics<\/div>\n<\/div>\n<\/section>\n<\/div>\n<\/div>\n<\/div>\n<\/div>\n<div class=\"embedded-component-container lv product-features\">\n<h3><\/h3>\n<h3 class=\"heading-5 v-fw-regular feature-heading\"><strong>Caracter\u00edsticas<\/strong><\/h3>\n<div class=\"feature-body-container\">\n<div class=\"features-list-container\">\n<div class=\"features-list all-features\">\n<div class=\"list-row\">\n<ul>\n<li><strong>12 AJUSTES DE VELOCIDAD<\/strong><br \/>\nLas batidoras de pie Hamilton Beach\u00ae Eclectrics\u00ae le permiten pasar de un batido lento a un batido r\u00e1pido, excelente para mezclar cualquier cosa, desde masa de pan pegajosa hasta crema batida ligera.<\/li>\n<li><strong>DISE\u00d1ADO PARA LA DURABILIDAD<\/strong><br \/>\nLas batidoras de pie Eclectrics le brindan un potente motor de 400 vatios y un acabado de metal fundido a presi\u00f3n construido para durar.<\/li>\n<li><strong>TAZ\u00d3N DE ACERO INOXIDABLE DE 4.5 QUART CON ASA<\/strong><br \/>\nLo suficientemente grande como para mezclar masa para su receta favorita de galletas con chispas de chocolate, hogazas de pan fresco, moldes de masa para pastel de cumplea\u00f1os o pur\u00e9 de papas para sus invitados de Acci\u00f3n de Gracias.<\/li>\n<li><strong>LA MISMA ACCI\u00d3N DE MEZCLA QUE LAS BATIDORAS DE SOPORTE KITCHENAID<\/strong><br \/>\nLa acci\u00f3n de mezcla planetaria hace girar los batidores para lograr una cobertura uniforme y completa del taz\u00f3n.<\/li>\n<li><strong>ACCESORIOS INCLUIDOS<\/strong><br \/>\nLos accesorios de la batidora de pie incluyen un batidor plano, un gancho para amasar, un batidor y un escudo vertedor para proteger\/proteger contra las salpicaduras.<\/li>\n<\/ul>\n<\/div>\n<\/div>\n<\/div>\n<\/div>\n<\/div>\n","protected":false},"excerpt":{"rendered":"<p>Batidora de pie totalmente met\u00e1lica Eclectrics Caracter\u00edsticas 12 AJUSTES DE VELOCIDAD Las batidoras de pie Hamilton Beach\u00ae Eclectrics\u00ae le permiten pasar de un batido lento a un batido r\u00e1pido, excelente<\/p>\n","protected":false},"featured_media":97729,"comment_status":"open","ping_status":"closed","template":"","meta":{"_acf_changed":false,"_joinchat":[]},"product_brand":[],"product_cat":[336,337,986],"product_tag":[],"class_list":{"0":"post-97727","1":"product","2":"type-product","3":"status-publish","4":"has-post-thumbnail","6":"product_cat-hogar","7":"product_cat-cocina","8":"product_cat-batidoras","10":"first","11":"instock","12":"sale","13":"shipping-taxable","14":"purchasable","15":"product-type-simple"},"acf":[],"_links":{"self":[{"href":"https:\/\/defabrica.com.mx\/defabrica\/wp-json\/wp\/v2\/product\/97727","targetHints":{"allow":["GET"]}}],"collection":[{"href":"https:\/\/defabrica.com.mx\/defabrica\/wp-json\/wp\/v2\/product"}],"about":[{"href":"https:\/\/defabrica.com.mx\/defabrica\/wp-json\/wp\/v2\/types\/product"}],"replies":[{"embeddable":true,"href":"https:\/\/defabrica.com.mx\/defabrica\/wp-json\/wp\/v2\/comments?post=97727"}],"wp:featuredmedia":[{"embeddable":true,"href":"https:\/\/defabrica.com.mx\/defabrica\/wp-json\/wp\/v2\/media\/97729"}],"wp:attachment":[{"href":"https:\/\/defabrica.com.mx\/defabrica\/wp-json\/wp\/v2\/media?parent=97727"}],"wp:term":[{"taxonomy":"product_brand","embeddable":true,"href":"https:\/\/defabrica.com.mx\/defabrica\/wp-json\/wp\/v2\/product_brand?post=97727"},{"taxonomy":"product_cat","embeddable":true,"href":"https:\/\/defabrica.com.mx\/defabrica\/wp-json\/wp\/v2\/product_cat?post=97727"},{"taxonomy":"product_tag","embeddable":true,"href":"https:\/\/defabrica.com.mx\/defabrica\/wp-json\/wp\/v2\/product_tag?post=97727"}],"curies":[{"name":"wp","href":"https:\/\/api.w.org\/{rel}","templated":true}]}}