{"id":97724,"date":"2022-09-06T15:47:28","date_gmt":"2022-09-06T20:47:28","guid":{"rendered":"https:\/\/defabrica.com.mx\/defabrica\/?post_type=product&#038;p=97724"},"modified":"2023-01-20T20:12:02","modified_gmt":"2023-01-21T02:12:02","slug":"batidora-de-pie-con-cabezal-inclinable-hamilton-beach-plata","status":"publish","type":"product","link":"https:\/\/defabrica.com.mx\/defabrica\/producto\/batidora-de-pie-con-cabezal-inclinable-hamilton-beach-plata\/","title":{"rendered":"Batidora de pie con cabezal inclinable Hamilton Beach &#8211; PLATA"},"content":{"rendered":"<div class=\"embedded-component-container lv product-description\">\n<div>\n<div id=\"shop-product-description-41905940\" class=\"_none\" data-version=\"1.3.48\">\n<div class=\"shop-product-description\">\n<section class=\"align-heading-left\" data-reactroot=\"\">\n<div class=\"long-description-container body-copy \">\n<div class=\"html-fragment\">El potente motor de 300 vatios puede manejar los ingredientes m\u00e1s gruesos.\u00a0La acci\u00f3n de mezcla planetaria gira los batidores alrededor de todo el taz\u00f3n, para una mezcla uniforme y completa.\u00a0Las siete velocidades te permiten pasar de un batido lento a una mezcla r\u00e1pida, con un control exacto.<\/div>\n<\/div>\n<\/section>\n<\/div>\n<\/div>\n<\/div>\n<\/div>\n<div class=\"embedded-component-container lv product-features\">\n<h3><\/h3>\n<h3 class=\"heading-5 v-fw-regular feature-heading\"><strong>Caracter\u00edsticas<\/strong><\/h3>\n<ul>\n<li><strong>Mezcla mejor que las batidoras de pie de 2 batidores<\/strong><br \/>\nEsta batidora de pie tiene la misma acci\u00f3n de mezcla que las batidoras de pie KitchenAid. Cabezal inclinable para agregar ingredientes y cambiar accesorios r\u00e1pidamente.<\/li>\n<li><strong>Cobertura completa del taz\u00f3n<\/strong><br \/>\nMezcle manos libres con excelentes resultados cada vez. La acci\u00f3n de mezcla planetaria gira los batidores alrededor del taz\u00f3n de acero inoxidable de 4 cuartos, para una mezcla uniforme y completa. No es necesario raspar.<\/li>\n<li><strong>Potente motor de 300 vatios<\/strong><br \/>\nMezcle masas espesas y masas como panes, galletas y m\u00e1s con facilidad.<\/li>\n<li><strong>Incluye gancho para masa, batidor y batidor plano.<\/strong><br \/>\nPara una mayor versatilidad de mezcla. El batidor plano y el gancho para masa son antiadherentes y los tres accesorios son aptos para lavavajillas. Un escudo contra salpicaduras protege contra goteos, gotas y derrames.<\/li>\n<li><strong>7 velocidades y gu\u00eda de mezcla<\/strong><br \/>\nLas siete velocidades te permiten pasar de un batido lento a una mezcla r\u00e1pida, con un control exacto en cada una. Adem\u00e1s, una gu\u00eda \u00fatil en la parte superior de la batidora le permite saber qu\u00e9 velocidad usar para varios m\u00e9todos de mezcla.<\/li>\n<\/ul>\n<\/div>\n","protected":false},"excerpt":{"rendered":"<p>El potente motor de 300 vatios puede manejar los ingredientes m\u00e1s gruesos.\u00a0La acci\u00f3n de mezcla planetaria gira los batidores alrededor de todo el taz\u00f3n, para una mezcla uniforme y completa.\u00a0Las<\/p>\n","protected":false},"featured_media":97725,"comment_status":"open","ping_status":"closed","template":"","meta":{"_acf_changed":false,"_joinchat":[]},"product_brand":[],"product_cat":[336,337,986],"product_tag":[],"class_list":{"0":"post-97724","1":"product","2":"type-product","3":"status-publish","4":"has-post-thumbnail","6":"product_cat-hogar","7":"product_cat-cocina","8":"product_cat-batidoras","10":"first","11":"instock","12":"sale","13":"shipping-taxable","14":"purchasable","15":"product-type-simple"},"acf":[],"_links":{"self":[{"href":"https:\/\/defabrica.com.mx\/defabrica\/wp-json\/wp\/v2\/product\/97724","targetHints":{"allow":["GET"]}}],"collection":[{"href":"https:\/\/defabrica.com.mx\/defabrica\/wp-json\/wp\/v2\/product"}],"about":[{"href":"https:\/\/defabrica.com.mx\/defabrica\/wp-json\/wp\/v2\/types\/product"}],"replies":[{"embeddable":true,"href":"https:\/\/defabrica.com.mx\/defabrica\/wp-json\/wp\/v2\/comments?post=97724"}],"wp:featuredmedia":[{"embeddable":true,"href":"https:\/\/defabrica.com.mx\/defabrica\/wp-json\/wp\/v2\/media\/97725"}],"wp:attachment":[{"href":"https:\/\/defabrica.com.mx\/defabrica\/wp-json\/wp\/v2\/media?parent=97724"}],"wp:term":[{"taxonomy":"product_brand","embeddable":true,"href":"https:\/\/defabrica.com.mx\/defabrica\/wp-json\/wp\/v2\/product_brand?post=97724"},{"taxonomy":"product_cat","embeddable":true,"href":"https:\/\/defabrica.com.mx\/defabrica\/wp-json\/wp\/v2\/product_cat?post=97724"},{"taxonomy":"product_tag","embeddable":true,"href":"https:\/\/defabrica.com.mx\/defabrica\/wp-json\/wp\/v2\/product_tag?post=97724"}],"curies":[{"name":"wp","href":"https:\/\/api.w.org\/{rel}","templated":true}]}}