{"id":97719,"date":"2022-09-06T15:44:47","date_gmt":"2022-09-06T20:44:47","guid":{"rendered":"https:\/\/defabrica.com.mx\/defabrica\/?post_type=product&#038;p=97719"},"modified":"2023-01-20T20:11:26","modified_gmt":"2023-01-21T02:11:26","slug":"hamilton-beach-batidora-de-pie-con-cabezal-inclinable-orbital-de-7-velocidades-azul","status":"publish","type":"product","link":"https:\/\/defabrica.com.mx\/defabrica\/producto\/hamilton-beach-batidora-de-pie-con-cabezal-inclinable-orbital-de-7-velocidades-azul\/","title":{"rendered":"Hamilton Beach &#8211; Batidora de pie con cabezal inclinable Orbital de 7 velocidades &#8211; Azul"},"content":{"rendered":"<div class=\"embedded-component-container lv product-description\">\n<div>\n<div id=\"shop-product-description-4275070\" class=\"_none\" data-version=\"1.3.48\">\n<div class=\"shop-product-description\">\n<section class=\"align-heading-left\" data-reactroot=\"\">\n<div class=\"long-description-container body-copy \">\n<div class=\"html-fragment\">Prepare galletas y pasteles caseros f\u00e1cilmente con esta batidora de pie Hamilton Beach de 300 W.\u00a0El cabezal inclinable permite un acceso sin complicaciones al bol y tiene siete velocidades para un excelente control y potencia.\u00a0Esta batidora de pie Hamilton Beach tiene un taz\u00f3n de acero inoxidable de 4 cuartos con manijas para mayor capacidad y maniobrabilidad.<\/div>\n<\/div>\n<\/section>\n<\/div>\n<\/div>\n<\/div>\n<\/div>\n<div class=\"embedded-component-container lv product-features\">\n<h3><\/h3>\n<h3 class=\"heading-5 v-fw-regular feature-heading\"><strong>Caracter\u00edsticas<\/strong><\/h3>\n<ul>\n<li><strong>Batidora de cabeza inclinable para un f\u00e1cil acceso al taz\u00f3n para mezclar<\/strong><br \/>\nLe permite agregar f\u00e1cilmente ingredientes al taz\u00f3n para mezclar mientras bate. El recipiente se traba en su lugar, creando un entorno de mezcla estable donde los batidores giran cerca de los lados, por lo que rara vez es necesario raspar.<\/li>\n<li><strong>El control de siete velocidades ofrece una variedad de opciones de mezcla<\/strong><br \/>\nDesde un batido lento hasta un l\u00e1tigo muy r\u00e1pido, esta batidora tiene una velocidad que se adapta a m\u00faltiples necesidades culinarias.<\/li>\n<li><strong>Motor 300W<\/strong><br \/>\nAborda sin esfuerzo incluso la masa gruesa de brownie y la masa de pan.<\/li>\n<li><strong>Taz\u00f3n para mezclar de 4 cuartos con asa<\/strong><br \/>\nEste taz\u00f3n de acero inoxidable de capacidad media brinda eficiencia en la cocina.<\/li>\n<li><strong>Accesorios incluidos para una variedad de tareas<\/strong><br \/>\nBatidor plano, batidor, gancho para amasar y protector contra salpicaduras.<\/li>\n<\/ul>\n<\/div>\n","protected":false},"excerpt":{"rendered":"<p>Prepare galletas y pasteles caseros f\u00e1cilmente con esta batidora de pie Hamilton Beach de 300 W.\u00a0El cabezal inclinable permite un acceso sin complicaciones al bol y tiene siete velocidades para<\/p>\n","protected":false},"featured_media":97721,"comment_status":"open","ping_status":"closed","template":"","meta":{"_acf_changed":false,"_joinchat":[]},"product_brand":[],"product_cat":[336,337,986],"product_tag":[],"class_list":{"0":"post-97719","1":"product","2":"type-product","3":"status-publish","4":"has-post-thumbnail","6":"product_cat-hogar","7":"product_cat-cocina","8":"product_cat-batidoras","10":"first","11":"instock","12":"sale","13":"shipping-taxable","14":"purchasable","15":"product-type-simple"},"acf":[],"_links":{"self":[{"href":"https:\/\/defabrica.com.mx\/defabrica\/wp-json\/wp\/v2\/product\/97719","targetHints":{"allow":["GET"]}}],"collection":[{"href":"https:\/\/defabrica.com.mx\/defabrica\/wp-json\/wp\/v2\/product"}],"about":[{"href":"https:\/\/defabrica.com.mx\/defabrica\/wp-json\/wp\/v2\/types\/product"}],"replies":[{"embeddable":true,"href":"https:\/\/defabrica.com.mx\/defabrica\/wp-json\/wp\/v2\/comments?post=97719"}],"wp:featuredmedia":[{"embeddable":true,"href":"https:\/\/defabrica.com.mx\/defabrica\/wp-json\/wp\/v2\/media\/97721"}],"wp:attachment":[{"href":"https:\/\/defabrica.com.mx\/defabrica\/wp-json\/wp\/v2\/media?parent=97719"}],"wp:term":[{"taxonomy":"product_brand","embeddable":true,"href":"https:\/\/defabrica.com.mx\/defabrica\/wp-json\/wp\/v2\/product_brand?post=97719"},{"taxonomy":"product_cat","embeddable":true,"href":"https:\/\/defabrica.com.mx\/defabrica\/wp-json\/wp\/v2\/product_cat?post=97719"},{"taxonomy":"product_tag","embeddable":true,"href":"https:\/\/defabrica.com.mx\/defabrica\/wp-json\/wp\/v2\/product_tag?post=97719"}],"curies":[{"name":"wp","href":"https:\/\/api.w.org\/{rel}","templated":true}]}}