{"id":97716,"date":"2022-09-06T15:41:39","date_gmt":"2022-09-06T20:41:39","guid":{"rendered":"https:\/\/defabrica.com.mx\/defabrica\/?post_type=product&#038;p=97716"},"modified":"2023-01-20T20:10:57","modified_gmt":"2023-01-21T02:10:57","slug":"hamilton-beach-63394-batidora-de-pie-negro","status":"publish","type":"product","link":"https:\/\/defabrica.com.mx\/defabrica\/producto\/hamilton-beach-63394-batidora-de-pie-negro\/","title":{"rendered":"Hamilton Beach &#8211; 63394 Batidora de pie &#8211; Negro"},"content":{"rendered":"<div class=\"embedded-component-container lv product-description\">\n<div>\n<div id=\"shop-product-description-45474331\" class=\"_none\" data-version=\"1.3.48\">\n<div class=\"shop-product-description\">\n<section class=\"align-heading-left\" data-reactroot=\"\">\n<div class=\"long-description-container body-copy \">\n<div class=\"html-fragment\">Acelere su horneado con esta batidora de pie Hamilton Beach de 300 W.\u00a0Su acci\u00f3n de mezcla completa proporciona una cobertura completa del taz\u00f3n para mezclar completamente los ingredientes, e incluye un gancho para masa y un batidor plano para preparar diversos platos.\u00a0Esta batidora de pie Hamilton Beach tiene siete velocidades para un excelente control y potencia.<\/div>\n<\/div>\n<\/section>\n<\/div>\n<\/div>\n<\/div>\n<\/div>\n<div class=\"embedded-component-container lv product-features\">\n<h3><\/h3>\n<h3 class=\"heading-5 v-fw-regular feature-heading\"><strong>Caracter\u00edsticas<\/strong><\/h3>\n<ul>\n<li><strong>El control de 7 velocidades ofrece una variedad de opciones de mezcla<\/strong><br \/>\nDesde un batido lento hasta un l\u00e1tigo muy r\u00e1pido, esta batidora tiene una velocidad que se adapta a m\u00faltiples necesidades culinarias.<\/li>\n<li><strong>motor de 300 vatios<\/strong><br \/>\nAborda sin esfuerzo incluso la masa gruesa de brownie y la masa de pan.<\/li>\n<li><strong>128 onzas capacidad<\/strong><br \/>\nPara mezclar lotes de bebidas o sopas.<\/li>\n<li><strong>Gancho de la pasta<\/strong><br \/>\nAmasa masa de levadura para recetas de pan y pizza.<\/li>\n<\/ul>\n<\/div>\n","protected":false},"excerpt":{"rendered":"<p>Acelere su horneado con esta batidora de pie Hamilton Beach de 300 W.\u00a0Su acci\u00f3n de mezcla completa proporciona una cobertura completa del taz\u00f3n para mezclar completamente los ingredientes, e incluye<\/p>\n","protected":false},"featured_media":97718,"comment_status":"open","ping_status":"closed","template":"","meta":{"_acf_changed":false,"_joinchat":[]},"product_brand":[],"product_cat":[336,337,986],"product_tag":[],"class_list":{"0":"post-97716","1":"product","2":"type-product","3":"status-publish","4":"has-post-thumbnail","6":"product_cat-hogar","7":"product_cat-cocina","8":"product_cat-batidoras","10":"first","11":"instock","12":"sale","13":"shipping-taxable","14":"purchasable","15":"product-type-simple"},"acf":[],"_links":{"self":[{"href":"https:\/\/defabrica.com.mx\/defabrica\/wp-json\/wp\/v2\/product\/97716","targetHints":{"allow":["GET"]}}],"collection":[{"href":"https:\/\/defabrica.com.mx\/defabrica\/wp-json\/wp\/v2\/product"}],"about":[{"href":"https:\/\/defabrica.com.mx\/defabrica\/wp-json\/wp\/v2\/types\/product"}],"replies":[{"embeddable":true,"href":"https:\/\/defabrica.com.mx\/defabrica\/wp-json\/wp\/v2\/comments?post=97716"}],"wp:featuredmedia":[{"embeddable":true,"href":"https:\/\/defabrica.com.mx\/defabrica\/wp-json\/wp\/v2\/media\/97718"}],"wp:attachment":[{"href":"https:\/\/defabrica.com.mx\/defabrica\/wp-json\/wp\/v2\/media?parent=97716"}],"wp:term":[{"taxonomy":"product_brand","embeddable":true,"href":"https:\/\/defabrica.com.mx\/defabrica\/wp-json\/wp\/v2\/product_brand?post=97716"},{"taxonomy":"product_cat","embeddable":true,"href":"https:\/\/defabrica.com.mx\/defabrica\/wp-json\/wp\/v2\/product_cat?post=97716"},{"taxonomy":"product_tag","embeddable":true,"href":"https:\/\/defabrica.com.mx\/defabrica\/wp-json\/wp\/v2\/product_tag?post=97716"}],"curies":[{"name":"wp","href":"https:\/\/api.w.org\/{rel}","templated":true}]}}