{"id":97713,"date":"2022-09-06T15:38:59","date_gmt":"2022-09-06T20:38:59","guid":{"rendered":"https:\/\/defabrica.com.mx\/defabrica\/?post_type=product&#038;p=97713"},"modified":"2023-01-20T20:10:25","modified_gmt":"2023-01-21T02:10:25","slug":"hamilton-beach-batidora-de-pie-con-cabezal-inclinable-de-7-velocidades-negro","status":"publish","type":"product","link":"https:\/\/defabrica.com.mx\/defabrica\/producto\/hamilton-beach-batidora-de-pie-con-cabezal-inclinable-de-7-velocidades-negro\/","title":{"rendered":"Hamilton Beach &#8211; Batidora de pie con cabezal inclinable de 7 velocidades &#8211; Negro"},"content":{"rendered":"<div class=\"embedded-component-container lv product-description\">\n<div>\n<div id=\"shop-product-description-51591470\" class=\"_none\" data-version=\"1.3.48\">\n<div class=\"shop-product-description\">\n<section class=\"align-heading-left\" data-reactroot=\"\">\n<div class=\"long-description-container body-copy \">\n<div class=\"html-fragment\">Batidora de pie con cabezal inclinable de 7 velocidades Hamilton Beach: con 7 velocidades vers\u00e1tiles y controles de dial f\u00e1ciles de operar, esta batidora de pie facilita la preparaci\u00f3n de panes, pasteles, galletas y otras delicias caseras.\u00a0El cabezal inclinable le permite agregar ingredientes r\u00e1pidamente y el protector contra salpicaduras minimiza el desorden.<\/div>\n<\/div>\n<\/section>\n<\/div>\n<\/div>\n<\/div>\n<\/div>\n<div class=\"embedded-component-container lv product-features\">\n<h3><\/h3>\n<h3 class=\"heading-5 v-fw-regular feature-heading\"><strong>Caracter\u00edsticas<\/strong><\/h3>\n<ul>\n<li><strong>Cabezal inclinable para un f\u00e1cil acceso al recipiente para mezclar<\/strong><br \/>\nAgregue ingredientes con facilidad mientras prepara la masa y la masa. El protector contra salpicaduras incluido asegura que la masa permanezca en el recipiente para mezclar para una preparaci\u00f3n sin complicaciones.<\/li>\n<li><strong>Ideal para masa de pastel, glaseado, masa de pasta y masa de pan.<\/strong><br \/>\nEl motor de 300 W con 7 velocidades ofrece un rendimiento potente cuando m\u00e1s lo necesitas.<\/li>\n<li><strong>Se mezcla completamente para una acci\u00f3n de manos libres.<\/strong><br \/>\nGira y gira dentro del recipiente para facilitar su uso. Los pies antideslizantes evitan que la batidora se deslice por la encimera.<\/li>\n<li><strong>El taz\u00f3n para mezclar de acero inoxidable de 4 cuartos se adapta a lotes de horneado medianos a grandes<\/strong><br \/>\nEl taz\u00f3n de acero inoxidable apto para lavavajillas es lo suficientemente grande como para mezclar masa para varias docenas de galletas a la vez.<\/li>\n<li><strong>3 batidores adjuntos incluidos para hacer frente a diversas tareas<\/strong><br \/>\nEl gancho para amasar y el batidor plano mezclan y amasan la masa dura de pan y la masa para pasteles, y el batidor esponja el aire en el glaseado y la masa para pasteles.<\/li>\n<\/ul>\n<\/div>\n","protected":false},"excerpt":{"rendered":"<p>Batidora de pie con cabezal inclinable de 7 velocidades Hamilton Beach: con 7 velocidades vers\u00e1tiles y controles de dial f\u00e1ciles de operar, esta batidora de pie facilita la preparaci\u00f3n de<\/p>\n","protected":false},"featured_media":97714,"comment_status":"open","ping_status":"closed","template":"","meta":{"_acf_changed":false,"_joinchat":[]},"product_brand":[],"product_cat":[336,337,986],"product_tag":[],"class_list":{"0":"post-97713","1":"product","2":"type-product","3":"status-publish","4":"has-post-thumbnail","6":"product_cat-hogar","7":"product_cat-cocina","8":"product_cat-batidoras","10":"first","11":"instock","12":"sale","13":"shipping-taxable","14":"purchasable","15":"product-type-simple"},"acf":[],"_links":{"self":[{"href":"https:\/\/defabrica.com.mx\/defabrica\/wp-json\/wp\/v2\/product\/97713","targetHints":{"allow":["GET"]}}],"collection":[{"href":"https:\/\/defabrica.com.mx\/defabrica\/wp-json\/wp\/v2\/product"}],"about":[{"href":"https:\/\/defabrica.com.mx\/defabrica\/wp-json\/wp\/v2\/types\/product"}],"replies":[{"embeddable":true,"href":"https:\/\/defabrica.com.mx\/defabrica\/wp-json\/wp\/v2\/comments?post=97713"}],"wp:featuredmedia":[{"embeddable":true,"href":"https:\/\/defabrica.com.mx\/defabrica\/wp-json\/wp\/v2\/media\/97714"}],"wp:attachment":[{"href":"https:\/\/defabrica.com.mx\/defabrica\/wp-json\/wp\/v2\/media?parent=97713"}],"wp:term":[{"taxonomy":"product_brand","embeddable":true,"href":"https:\/\/defabrica.com.mx\/defabrica\/wp-json\/wp\/v2\/product_brand?post=97713"},{"taxonomy":"product_cat","embeddable":true,"href":"https:\/\/defabrica.com.mx\/defabrica\/wp-json\/wp\/v2\/product_cat?post=97713"},{"taxonomy":"product_tag","embeddable":true,"href":"https:\/\/defabrica.com.mx\/defabrica\/wp-json\/wp\/v2\/product_tag?post=97713"}],"curies":[{"name":"wp","href":"https:\/\/api.w.org\/{rel}","templated":true}]}}