{"id":97675,"date":"2022-09-06T15:15:31","date_gmt":"2022-09-06T20:15:31","guid":{"rendered":"https:\/\/defabrica.com.mx\/defabrica\/?post_type=product&#038;p=97675"},"modified":"2023-01-20T20:06:53","modified_gmt":"2023-01-21T02:06:53","slug":"hamilton-beach-batidora-de-mano-profesional-de-7-velocidades-62656-blanco","status":"publish","type":"product","link":"https:\/\/defabrica.com.mx\/defabrica\/producto\/hamilton-beach-batidora-de-mano-profesional-de-7-velocidades-62656-blanco\/","title":{"rendered":"Hamilton Beach &#8211; Batidora de mano profesional de 7 velocidades &#8211; 62656 &#8211; Blanco"},"content":{"rendered":"<div class=\"embedded-component-container lv product-description\">\n<div>\n<div id=\"shop-product-description-29698583\" class=\"_none\" data-version=\"1.3.48\">\n<div class=\"shop-product-description\">\n<section class=\"align-heading-left\" data-reactroot=\"\">\n<div class=\"long-description-container body-copy \">\n<div class=\"html-fragment\">Pase menos tiempo horneando galletas o mezclando ingredientes con esta batidora manual Hamilton Beach.\u00a0El potente motor de CC con siete velocidades ofrece un rendimiento de mezcla \u00f3ptimo y un arranque lento evita las salpicaduras.\u00a0Esta batidora de mano Hamilton Beach cuenta con un conveniente estuche a presi\u00f3n para guardar los accesorios y un gatillo de liberaci\u00f3n r\u00e1pida que le permite quitar los accesorios sin esfuerzo.<\/div>\n<\/div>\n<\/section>\n<\/div>\n<\/div>\n<\/div>\n<\/div>\n<div class=\"embedded-component-container lv product-features\">\n<h3><\/h3>\n<h3 class=\"heading-5 v-fw-regular feature-heading\"><strong>Caracter\u00edsticas<\/strong><\/h3>\n<ul>\n<li><strong>Batidora de mano<\/strong><br \/>\nPermite una mezcla r\u00e1pida y vers\u00e1til de ingredientes.<\/li>\n<li><strong>El control de 7 velocidades ofrece una variedad de opciones de mezcla<\/strong><br \/>\nDesde un batido lento hasta un l\u00e1tigo muy r\u00e1pido, esta batidora tiene una velocidad que se adapta a m\u00faltiples necesidades culinarias.<\/li>\n<li><strong>motor de 150 vatios<\/strong><br \/>\nAborda sin esfuerzo incluso la masa gruesa de brownie y la masa de pan.<\/li>\n<\/ul>\n<\/div>\n","protected":false},"excerpt":{"rendered":"<p>Pase menos tiempo horneando galletas o mezclando ingredientes con esta batidora manual Hamilton Beach.\u00a0El potente motor de CC con siete velocidades ofrece un rendimiento de mezcla \u00f3ptimo y un arranque<\/p>\n","protected":false},"featured_media":97676,"comment_status":"open","ping_status":"closed","template":"","meta":{"_acf_changed":false,"_joinchat":[]},"product_brand":[],"product_cat":[336,337,986],"product_tag":[],"class_list":{"0":"post-97675","1":"product","2":"type-product","3":"status-publish","4":"has-post-thumbnail","6":"product_cat-hogar","7":"product_cat-cocina","8":"product_cat-batidoras","10":"first","11":"instock","12":"sale","13":"shipping-taxable","14":"purchasable","15":"product-type-simple"},"acf":[],"_links":{"self":[{"href":"https:\/\/defabrica.com.mx\/defabrica\/wp-json\/wp\/v2\/product\/97675","targetHints":{"allow":["GET"]}}],"collection":[{"href":"https:\/\/defabrica.com.mx\/defabrica\/wp-json\/wp\/v2\/product"}],"about":[{"href":"https:\/\/defabrica.com.mx\/defabrica\/wp-json\/wp\/v2\/types\/product"}],"replies":[{"embeddable":true,"href":"https:\/\/defabrica.com.mx\/defabrica\/wp-json\/wp\/v2\/comments?post=97675"}],"wp:featuredmedia":[{"embeddable":true,"href":"https:\/\/defabrica.com.mx\/defabrica\/wp-json\/wp\/v2\/media\/97676"}],"wp:attachment":[{"href":"https:\/\/defabrica.com.mx\/defabrica\/wp-json\/wp\/v2\/media?parent=97675"}],"wp:term":[{"taxonomy":"product_brand","embeddable":true,"href":"https:\/\/defabrica.com.mx\/defabrica\/wp-json\/wp\/v2\/product_brand?post=97675"},{"taxonomy":"product_cat","embeddable":true,"href":"https:\/\/defabrica.com.mx\/defabrica\/wp-json\/wp\/v2\/product_cat?post=97675"},{"taxonomy":"product_tag","embeddable":true,"href":"https:\/\/defabrica.com.mx\/defabrica\/wp-json\/wp\/v2\/product_tag?post=97675"}],"curies":[{"name":"wp","href":"https:\/\/api.w.org\/{rel}","templated":true}]}}