{"id":97669,"date":"2022-09-06T15:12:45","date_gmt":"2022-09-06T20:12:45","guid":{"rendered":"https:\/\/defabrica.com.mx\/defabrica\/?post_type=product&#038;p=97669"},"modified":"2023-01-20T20:06:20","modified_gmt":"2023-01-21T02:06:20","slug":"hamilton-beach-mezclador-de-bebidas-clasico-cromo","status":"publish","type":"product","link":"https:\/\/defabrica.com.mx\/defabrica\/producto\/hamilton-beach-mezclador-de-bebidas-clasico-cromo\/","title":{"rendered":"Hamilton Beach &#8211; Mezclador de bebidas cl\u00e1sico &#8211; Cromo"},"content":{"rendered":"<div class=\"embedded-component-container lv product-description\">\n<div>\n<div id=\"shop-product-description-97308867\" class=\"_none\" data-version=\"1.3.48\">\n<div class=\"shop-product-description\">\n<section class=\"align-heading-left\" data-reactroot=\"\">\n<div class=\"long-description-container body-copy \">\n<div class=\"html-fragment\">Los mezcladores de bebidas Hamilton Beach DrinkMaster son la elecci\u00f3n perfecta para cualquiera que ame un refrescante batido casero o una bebida malteada.\u00a0En cromo, negro o blanco, hay uno para complementar tu encimera, para que siempre est\u00e9s listo para hacer deliciosos postres.\u00a0Dos velocidades agregan versatilidad: tambi\u00e9n puede usar la suya para mezclar masas esponjosas y batir huevos para tortillas.\u00a0Con la comodidad de su encimera y su dise\u00f1o f\u00e1cil de limpiar, nunca se arrepentir\u00e1 despu\u00e9s de que decida darse el gusto, lo usar\u00e1 una y otra vez.<\/div>\n<\/div>\n<\/section>\n<\/div>\n<\/div>\n<\/div>\n<\/div>\n<div class=\"embedded-component-container lv product-features\">\n<h3><\/h3>\n<h3 class=\"heading-5 v-fw-regular feature-heading\"><strong>Caracter\u00edsticas<\/strong><\/h3>\n<ul>\n<li><strong>Capacidad del Taz\u00f3n: 1.75 lb<\/strong><\/li>\n<li><strong>N\u00famero de configuraciones de velocidad: 2<\/strong><\/li>\n<li><strong>caracteristicas: f\u00e1cil de limpiar<\/strong><\/li>\n<li><strong>Consumo de energ\u00eda: 70W<\/strong><\/li>\n<li><strong>Color: cromo, plata<\/strong><\/li>\n<li><strong>Material: Cuenco de acero inoxidable<\/strong><\/li>\n<\/ul>\n<\/div>\n","protected":false},"excerpt":{"rendered":"<p>Los mezcladores de bebidas Hamilton Beach DrinkMaster son la elecci\u00f3n perfecta para cualquiera que ame un refrescante batido casero o una bebida malteada.\u00a0En cromo, negro o blanco, hay uno para<\/p>\n","protected":false},"featured_media":97673,"comment_status":"open","ping_status":"closed","template":"","meta":{"_acf_changed":false,"_joinchat":[]},"product_brand":[],"product_cat":[336,337,986],"product_tag":[],"class_list":{"0":"post-97669","1":"product","2":"type-product","3":"status-publish","4":"has-post-thumbnail","6":"product_cat-hogar","7":"product_cat-cocina","8":"product_cat-batidoras","10":"first","11":"instock","12":"sale","13":"shipping-taxable","14":"purchasable","15":"product-type-simple"},"acf":[],"_links":{"self":[{"href":"https:\/\/defabrica.com.mx\/defabrica\/wp-json\/wp\/v2\/product\/97669","targetHints":{"allow":["GET"]}}],"collection":[{"href":"https:\/\/defabrica.com.mx\/defabrica\/wp-json\/wp\/v2\/product"}],"about":[{"href":"https:\/\/defabrica.com.mx\/defabrica\/wp-json\/wp\/v2\/types\/product"}],"replies":[{"embeddable":true,"href":"https:\/\/defabrica.com.mx\/defabrica\/wp-json\/wp\/v2\/comments?post=97669"}],"wp:featuredmedia":[{"embeddable":true,"href":"https:\/\/defabrica.com.mx\/defabrica\/wp-json\/wp\/v2\/media\/97673"}],"wp:attachment":[{"href":"https:\/\/defabrica.com.mx\/defabrica\/wp-json\/wp\/v2\/media?parent=97669"}],"wp:term":[{"taxonomy":"product_brand","embeddable":true,"href":"https:\/\/defabrica.com.mx\/defabrica\/wp-json\/wp\/v2\/product_brand?post=97669"},{"taxonomy":"product_cat","embeddable":true,"href":"https:\/\/defabrica.com.mx\/defabrica\/wp-json\/wp\/v2\/product_cat?post=97669"},{"taxonomy":"product_tag","embeddable":true,"href":"https:\/\/defabrica.com.mx\/defabrica\/wp-json\/wp\/v2\/product_tag?post=97669"}],"curies":[{"name":"wp","href":"https:\/\/api.w.org\/{rel}","templated":true}]}}