{"id":97577,"date":"2022-09-05T17:24:56","date_gmt":"2022-09-05T22:24:56","guid":{"rendered":"https:\/\/defabrica.com.mx\/defabrica\/?post_type=product&#038;p=97577"},"modified":"2023-01-20T20:44:36","modified_gmt":"2023-01-21T02:44:36","slug":"razer-auriculares-estereo-inalambricos-para-juegos-barracuda-pro-para-pc-ps5-ps4-switch-y-dispositivos-moviles-negro","status":"publish","type":"product","link":"https:\/\/defabrica.com.mx\/defabrica\/producto\/razer-auriculares-estereo-inalambricos-para-juegos-barracuda-pro-para-pc-ps5-ps4-switch-y-dispositivos-moviles-negro\/","title":{"rendered":"Razer &#8211; Auriculares est\u00e9reo inal\u00e1mbricos para juegos Barracuda Pro para PC, PS5, PS4, Switch y dispositivos m\u00f3viles &#8211; Negro"},"content":{"rendered":"<div class=\"embedded-component-container lv product-description\">\n<div>\n<div id=\"shop-product-description-22864701\" class=\"_none\" data-version=\"1.3.48\">\n<div class=\"shop-product-description\">\n<section class=\"align-heading-left\" data-reactroot=\"\">\n<div class=\"long-description-container body-copy \">\n<div class=\"html-fragment\">Conozca los mejores auriculares para juegos para gobernarlos a todos.\u00a0Armado con ANC h\u00edbrido, THX AAA y controladores de biocelulosa Razer TriForce actualizados para un audio de calidad insignia.\u00a0Respaldado por un dise\u00f1o inal\u00e1mbrico dual inteligente para cambiar sin problemas entre juegos de PC\/consola de baja latencia y uso m\u00f3vil Bluetooth.<\/div>\n<\/div>\n<\/section>\n<\/div>\n<\/div>\n<\/div>\n<\/div>\n<div class=\"embedded-component-container lv product-features\">\n<h3><\/h3>\n<h3 class=\"heading-5 v-fw-regular feature-heading\"><strong>Caracter\u00edsticas<\/strong><\/h3>\n<ul>\n<li><strong>Tecnolog\u00eda h\u00edbrida de cancelaci\u00f3n activa de ruido (ANC)<\/strong><br \/>\nEl ANC adaptativo de los auriculares suprime de forma inteligente los distintos niveles de ruido ambiental sin afectar la calidad del sonido, para que pueda eliminar todas las distracciones y escuchar lo que realmente importa.<\/li>\n<li><strong>Amplificador de audio acrom\u00e1tico THX (THX AAA)<\/strong><br \/>\nExperimente el audio de mayor fidelidad del mundo con un potente amplificador integrado que ofrece el m\u00e1ximo rango din\u00e1mico, para un sonido puro y limpio en juegos, m\u00fasica y pel\u00edculas.<\/li>\n<li><strong>Razer SmartSwitch Dual Inal\u00e1mbrico<\/strong><br \/>\nPara una mayor comodidad, los auriculares pueden cambiar instant\u00e1neamente entre el modo de alta velocidad de 2,4 GHz o Bluetooth para obtener un audio continuo mientras alternas entre el uso de la PC\/consola y el tel\u00e9fono, respectivamente.<\/li>\n<li><strong>Controladores Razer TriForce de biocelulosa de 50 mm<\/strong><br \/>\nNuestro dise\u00f1o TriForce actualizado utiliza un diafragma de biocelulosa ultrafino, que mejora el escenario sonoro y reduce la distorsi\u00f3n para una claridad distintiva y una reproducci\u00f3n de graves profundos.<\/li>\n<li><strong>Micr\u00f3fonos de cancelaci\u00f3n de ruido de formaci\u00f3n de haces integrados<\/strong><br \/>\nLos micr\u00f3fonos duales ocultos cuentan con potentes niveles de supresi\u00f3n de ruido que se pueden personalizar para uso en interiores y exteriores, asegurando que se le escuche claramente sin importar d\u00f3nde se encuentre.<\/li>\n<li><strong>Aplicaci\u00f3n de audio Razer<\/strong><br \/>\nSintonice los auriculares para que se adapten mejor a sus necesidades a medida que ajusta sus niveles de ANC, los niveles de cancelaci\u00f3n de ruido del micr\u00f3fono, el ecualizador de audio, la configuraci\u00f3n de apagado autom\u00e1tico y m\u00e1s.<\/li>\n<\/ul>\n<\/div>\n","protected":false},"excerpt":{"rendered":"<p>Conozca los mejores auriculares para juegos para gobernarlos a todos.\u00a0Armado con ANC h\u00edbrido, THX AAA y controladores de biocelulosa Razer TriForce actualizados para un audio de calidad insignia.\u00a0Respaldado por un<\/p>\n","protected":false},"featured_media":97583,"comment_status":"open","ping_status":"closed","template":"","meta":{"_acf_changed":false,"_joinchat":[]},"product_brand":[],"product_cat":[277,282,436,441],"product_tag":[],"class_list":{"0":"post-97577","1":"product","2":"type-product","3":"status-publish","4":"has-post-thumbnail","6":"product_cat-zona-gamer","7":"product_cat-accesorios-gamers","8":"product_cat-audifonos-gamer","9":"product_cat-todos-los-accesorios-gamer","11":"first","12":"instock","13":"sale","14":"shipping-taxable","15":"purchasable","16":"product-type-simple"},"acf":[],"_links":{"self":[{"href":"https:\/\/defabrica.com.mx\/defabrica\/wp-json\/wp\/v2\/product\/97577","targetHints":{"allow":["GET"]}}],"collection":[{"href":"https:\/\/defabrica.com.mx\/defabrica\/wp-json\/wp\/v2\/product"}],"about":[{"href":"https:\/\/defabrica.com.mx\/defabrica\/wp-json\/wp\/v2\/types\/product"}],"replies":[{"embeddable":true,"href":"https:\/\/defabrica.com.mx\/defabrica\/wp-json\/wp\/v2\/comments?post=97577"}],"wp:featuredmedia":[{"embeddable":true,"href":"https:\/\/defabrica.com.mx\/defabrica\/wp-json\/wp\/v2\/media\/97583"}],"wp:attachment":[{"href":"https:\/\/defabrica.com.mx\/defabrica\/wp-json\/wp\/v2\/media?parent=97577"}],"wp:term":[{"taxonomy":"product_brand","embeddable":true,"href":"https:\/\/defabrica.com.mx\/defabrica\/wp-json\/wp\/v2\/product_brand?post=97577"},{"taxonomy":"product_cat","embeddable":true,"href":"https:\/\/defabrica.com.mx\/defabrica\/wp-json\/wp\/v2\/product_cat?post=97577"},{"taxonomy":"product_tag","embeddable":true,"href":"https:\/\/defabrica.com.mx\/defabrica\/wp-json\/wp\/v2\/product_tag?post=97577"}],"curies":[{"name":"wp","href":"https:\/\/api.w.org\/{rel}","templated":true}]}}