{"id":97551,"date":"2022-09-05T17:04:20","date_gmt":"2022-09-05T22:04:20","guid":{"rendered":"https:\/\/defabrica.com.mx\/defabrica\/?post_type=product&#038;p=97551"},"modified":"2023-01-20T20:41:59","modified_gmt":"2023-01-21T02:41:59","slug":"razer-auriculares-inalambricos-para-juegos-nari-ultimate-thx-spatial-audio-para-pc-ps5-y-ps4-gunmetal","status":"publish","type":"product","link":"https:\/\/defabrica.com.mx\/defabrica\/producto\/razer-auriculares-inalambricos-para-juegos-nari-ultimate-thx-spatial-audio-para-pc-ps5-y-ps4-gunmetal\/","title":{"rendered":"Razer &#8211; Auriculares inal\u00e1mbricos para juegos Nari Ultimate THX Spatial Audio para PC, PS5 y PS4 &#8211; Gunmetal"},"content":{"rendered":"<p>Ac\u00e9rquese a la acci\u00f3n con estos auriculares inal\u00e1mbricos para juegos Razer Nari Ultimate.\u00a0Con tecnolog\u00eda h\u00e1ptica inteligente desarrollada por Lofelt que convierte las se\u00f1ales de sonido en retroalimentaci\u00f3n sensorial t\u00e1ctil din\u00e1mica en tiempo real.\u00a0Los h\u00e1pticos en los gamepads de hoy brindan comentarios simples y ruidos durante los eventos clave del juego.\u00a0Con Razer HyperSense, Razer Nari Ultimate capta la forma y las frecuencias del audio del juego y las transforma en efectos h\u00e1pticos ricos y realistas.\u00a0Las vibraciones fluyen con precisi\u00f3n de izquierda a derecha y con diferentes intensidades, dependiendo de d\u00f3nde provengan las se\u00f1ales de audio en el juego.\u00a0Los jugadores ahora tendr\u00e1n una mayor conciencia de su entorno en el juego.<\/p>\n<h3><\/h3>\n<h3 class=\"heading-5 v-fw-regular feature-heading\"><strong>Caracter\u00edsticas<\/strong><\/h3>\n<ul>\n<li><strong>Razer HyperSense<\/strong><br \/>\nSiente la acci\u00f3n y experimenta una capa adicional de inmersi\u00f3n<\/li>\n<li><strong>Audio inal\u00e1mbrico de 2,4 GHz<\/strong><br \/>\nDisfruta de audio de juegos de alta fidelidad y sin retrasos<\/li>\n<li><strong>Audio espacial THX<\/strong><br \/>\nAudio posicional de 360\u00b0 para una experiencia natural y real<\/li>\n<li><strong>Cojines con infusi\u00f3n de gel refrescante y diadema de ajuste autom\u00e1tico<\/strong><br \/>\nMantente fresco y c\u00f3modo durante largas horas de juego<\/li>\n<li><strong>Micr\u00f3fono retr\u00e1ctil con balance de juego\/chat<\/strong><br \/>\nPara la combinaci\u00f3n perfecta de audio del juego y comunicaci\u00f3n del equipo<\/li>\n<\/ul>\n","protected":false},"excerpt":{"rendered":"<p>Ac\u00e9rquese a la acci\u00f3n con estos auriculares inal\u00e1mbricos para juegos Razer Nari Ultimate.\u00a0Con tecnolog\u00eda h\u00e1ptica inteligente desarrollada por Lofelt que convierte las se\u00f1ales de sonido en retroalimentaci\u00f3n sensorial t\u00e1ctil din\u00e1mica<\/p>\n","protected":false},"featured_media":97552,"comment_status":"open","ping_status":"closed","template":"","meta":{"_acf_changed":false,"_joinchat":[]},"product_brand":[],"product_cat":[1515,277,282,436,441],"product_tag":[],"class_list":{"0":"post-97551","1":"product","2":"type-product","3":"status-publish","4":"has-post-thumbnail","6":"product_cat-ofetas-zonagamer","7":"product_cat-zona-gamer","8":"product_cat-accesorios-gamers","9":"product_cat-audifonos-gamer","10":"product_cat-todos-los-accesorios-gamer","12":"first","13":"instock","14":"sale","15":"shipping-taxable","16":"purchasable","17":"product-type-simple"},"acf":[],"_links":{"self":[{"href":"https:\/\/defabrica.com.mx\/defabrica\/wp-json\/wp\/v2\/product\/97551","targetHints":{"allow":["GET"]}}],"collection":[{"href":"https:\/\/defabrica.com.mx\/defabrica\/wp-json\/wp\/v2\/product"}],"about":[{"href":"https:\/\/defabrica.com.mx\/defabrica\/wp-json\/wp\/v2\/types\/product"}],"replies":[{"embeddable":true,"href":"https:\/\/defabrica.com.mx\/defabrica\/wp-json\/wp\/v2\/comments?post=97551"}],"wp:featuredmedia":[{"embeddable":true,"href":"https:\/\/defabrica.com.mx\/defabrica\/wp-json\/wp\/v2\/media\/97552"}],"wp:attachment":[{"href":"https:\/\/defabrica.com.mx\/defabrica\/wp-json\/wp\/v2\/media?parent=97551"}],"wp:term":[{"taxonomy":"product_brand","embeddable":true,"href":"https:\/\/defabrica.com.mx\/defabrica\/wp-json\/wp\/v2\/product_brand?post=97551"},{"taxonomy":"product_cat","embeddable":true,"href":"https:\/\/defabrica.com.mx\/defabrica\/wp-json\/wp\/v2\/product_cat?post=97551"},{"taxonomy":"product_tag","embeddable":true,"href":"https:\/\/defabrica.com.mx\/defabrica\/wp-json\/wp\/v2\/product_tag?post=97551"}],"curies":[{"name":"wp","href":"https:\/\/api.w.org\/{rel}","templated":true}]}}