{"id":97544,"date":"2022-09-05T16:57:43","date_gmt":"2022-09-05T21:57:43","guid":{"rendered":"https:\/\/defabrica.com.mx\/defabrica\/?post_type=product&#038;p=97544"},"modified":"2022-09-05T16:57:43","modified_gmt":"2022-09-05T21:57:43","slug":"ninja-horno-tostador-foodi-de-2-rebanadas-con-funcion-flip-acero-inoxidable","status":"publish","type":"product","link":"https:\/\/defabrica.com.mx\/defabrica\/producto\/ninja-horno-tostador-foodi-de-2-rebanadas-con-funcion-flip-acero-inoxidable\/","title":{"rendered":"Ninja &#8211; Horno tostador Foodi de 2 rebanadas con funci\u00f3n Flip &#8211; Acero inoxidable"},"content":{"rendered":"<div class=\"embedded-component-container lv product-description\">\n<div>\n<div id=\"shop-product-description-95491431\" class=\"_none\" data-version=\"1.3.48\">\n<div class=\"shop-product-description\">\n<section class=\"align-heading-left\" data-reactroot=\"\">\n<div class=\"long-description-container body-copy \">\n<div class=\"html-fragment\"><span>Conozca la tostadora Ninja Foodi Flip, la tostadora plegable que hornea y asa.\u00a0Esta tostadora y horno compacto 2 en 1 le permite tostar uniformemente 2 rebanadas de pan de corte grueso en el modo tostador y cocinar bocadillos r\u00e1pidamente en el modo horno.<\/span><\/div>\n<\/div>\n<\/section>\n<\/div>\n<\/div>\n<\/div>\n<\/div>\n<div class=\"embedded-component-container lv product-features\">\n<h3><\/h3>\n<h3 class=\"heading-5 v-fw-regular feature-heading\"><strong>Caracter\u00edsticas<\/strong><\/h3>\n<ul>\n<li><strong>Funcionalidad de volteo 2 en 1<\/strong><br \/>\nTostador y horno tostador compacto en un espacio reducido. Voltee hacia arriba para el modo tostador y hacia abajo para desbloquear el modo horno.<\/li>\n<li><strong>Brindis Perfecto<\/strong><br \/>\nTostado m\u00e1s uniforme en comparaci\u00f3n con una tostadora tradicional *basado en la uniformidad de adelante hacia atr\u00e1s, en un electrodom\u00e9stico compacto de 1500 vatios.<\/li>\n<li><strong>Funciones vers\u00e1tiles<\/strong><br \/>\nElija entre las funciones Tostar, Bagel, Descongelar, Hornear, Asar y Recalentar.<\/li>\n<li><strong>Brinda a tu manera<\/strong><br \/>\nUna ranura 70 % m\u00e1s ancha en comparaci\u00f3n con la tostadora de ranura tradicional se adapta a panes artesanales largos o bagels estilo panader\u00eda. Personalice las funciones Toast y Bagel al nivel deseado de cocci\u00f3n con 7 configuraciones de sombra.<\/li>\n<li><strong>Tecnolog\u00eda de horno r\u00e1pido<\/strong><br \/>\nCon hasta 400 \u00b0F de calor y sin necesidad de precalentamiento, cocina hasta un 35 % m\u00e1s r\u00e1pido en comparaci\u00f3n con un horno el\u00e9ctrico de tama\u00f1o completo.<\/li>\n<li><strong>Capacidad del horno compacto<\/strong><br \/>\nPara 2 rebanadas de pan de corte grueso, 16 nuggets de pollo, un s\u00e1ndwich abierto de 8&#8243; o 2 bagels de pizza de tama\u00f1o completo.<\/li>\n<li><strong>F\u00e1cil Limpieza<\/strong><br \/>\nLa bandeja para migas atrapa las migas tanto en el modo tostador como en el horno para facilitar la limpieza.<\/li>\n<li><strong>Incluye<\/strong><br \/>\nBandeja de horno y bandeja recogemigas.<\/li>\n<\/ul>\n<\/div>\n","protected":false},"excerpt":{"rendered":"<p>Conozca la tostadora Ninja Foodi Flip, la tostadora plegable que hornea y asa.\u00a0Esta tostadora y horno compacto 2 en 1 le permite tostar uniformemente 2 rebanadas de pan de corte<\/p>\n","protected":false},"featured_media":97546,"comment_status":"open","ping_status":"closed","template":"","meta":{"_acf_changed":false,"_joinchat":[]},"product_brand":[],"product_cat":[336,337,338,1015],"product_tag":[],"class_list":{"0":"post-97544","1":"product","2":"type-product","3":"status-publish","4":"has-post-thumbnail","6":"product_cat-hogar","7":"product_cat-cocina","8":"product_cat-electrodomesticos","9":"product_cat-tostadoras","11":"first","12":"instock","13":"sale","14":"shipping-taxable","15":"purchasable","16":"product-type-simple"},"acf":[],"_links":{"self":[{"href":"https:\/\/defabrica.com.mx\/defabrica\/wp-json\/wp\/v2\/product\/97544","targetHints":{"allow":["GET"]}}],"collection":[{"href":"https:\/\/defabrica.com.mx\/defabrica\/wp-json\/wp\/v2\/product"}],"about":[{"href":"https:\/\/defabrica.com.mx\/defabrica\/wp-json\/wp\/v2\/types\/product"}],"replies":[{"embeddable":true,"href":"https:\/\/defabrica.com.mx\/defabrica\/wp-json\/wp\/v2\/comments?post=97544"}],"wp:featuredmedia":[{"embeddable":true,"href":"https:\/\/defabrica.com.mx\/defabrica\/wp-json\/wp\/v2\/media\/97546"}],"wp:attachment":[{"href":"https:\/\/defabrica.com.mx\/defabrica\/wp-json\/wp\/v2\/media?parent=97544"}],"wp:term":[{"taxonomy":"product_brand","embeddable":true,"href":"https:\/\/defabrica.com.mx\/defabrica\/wp-json\/wp\/v2\/product_brand?post=97544"},{"taxonomy":"product_cat","embeddable":true,"href":"https:\/\/defabrica.com.mx\/defabrica\/wp-json\/wp\/v2\/product_cat?post=97544"},{"taxonomy":"product_tag","embeddable":true,"href":"https:\/\/defabrica.com.mx\/defabrica\/wp-json\/wp\/v2\/product_tag?post=97544"}],"curies":[{"name":"wp","href":"https:\/\/api.w.org\/{rel}","templated":true}]}}