{"id":97534,"date":"2022-09-05T16:41:30","date_gmt":"2022-09-05T21:41:30","guid":{"rendered":"https:\/\/defabrica.com.mx\/defabrica\/?post_type=product&#038;p=97534"},"modified":"2023-01-20T20:39:53","modified_gmt":"2023-01-21T02:39:53","slug":"tostador-oster-para-2-rebanadas-palanca-de-comprobacion-rapida-ranuras-extra-anchas-coleccion-impressions-negro","status":"publish","type":"product","link":"https:\/\/defabrica.com.mx\/defabrica\/producto\/tostador-oster-para-2-rebanadas-palanca-de-comprobacion-rapida-ranuras-extra-anchas-coleccion-impressions-negro\/","title":{"rendered":"Tostador Oster para 2 rebanadas, palanca de comprobaci\u00f3n r\u00e1pida, ranuras extra anchas, colecci\u00f3n Impressions &#8211; negro"},"content":{"rendered":"<div class=\"embedded-component-container lv product-description\">\n<div>\n<div id=\"shop-product-description-68049768\" class=\"_none\" data-version=\"1.3.48\">\n<div class=\"shop-product-description\">\n<section class=\"align-heading-left\" data-reactroot=\"\">\n<div class=\"long-description-container body-copy \">\n<div class=\"html-fragment\">La tostadora Oster para 2 rebanadas cuenta con una palanca de verificaci\u00f3n r\u00e1pida para verificar la mitad del ciclo de tostadas sin interrumpir el tostado.\u00a0La tostadora para 2 rebanadas est\u00e1 equipada con ranuras extra anchas para adaptarse a una amplia variedad de panes, bagels y m\u00e1s.\u00a0Esta tostadora Oster, que forma parte de la colecci\u00f3n Impressions, presenta un elegante dise\u00f1o en negro texturizado con detalles en cromo que se ve muy bien en cualquier encimera.\u00a0Con un tiempo de calentamiento r\u00e1pido y 7 configuraciones de tonos de tostado, la tostadora tuesta r\u00e1pidamente el pan, con un tono de tostado para todos los gustos.\u00a0Esta tostadora de pan cuenta con configuraciones personalizadas de Bagel y Frozen que ajustan autom\u00e1ticamente el tiempo de tostado para obtener resultados perfectos con lo que sea que est\u00e9 haciendo.\u00a0Tambi\u00e9n incluye una opci\u00f3n Cancelar que detiene r\u00e1pidamente el tostado con solo presionar un bot\u00f3n.<\/div>\n<\/div>\n<\/section>\n<\/div>\n<\/div>\n<\/div>\n<\/div>\n<div class=\"embedded-component-container lv product-features\">\n<h3><\/h3>\n<h3 class=\"heading-5 v-fw-regular feature-heading\"><strong>Caracter\u00edsticas<\/strong><\/h3>\n<ul>\n<li><strong>La palanca de verificaci\u00f3n r\u00e1pida le permite verificar su tostada a mitad del ciclo sin interrumpir el ciclo de tostado<\/strong><\/li>\n<li><strong>Las ranuras extraanchas se adaptan a una amplia variedad de panes, bagels y m\u00e1s<\/strong><\/li>\n<li><strong>La tostadora se calienta r\u00e1pidamente para que pueda disfrutar de su comida o merienda antes<\/strong><\/li>\n<li><strong>Cuenta con 7 configuraciones de tostadas para brindar exactamente como te gusta<\/strong><\/li>\n<li><strong>La bandeja para migas extra\u00edble hace que la limpieza sea f\u00e1cil y sencilla<\/strong><\/li>\n<\/ul>\n<\/div>\n","protected":false},"excerpt":{"rendered":"<p>La tostadora Oster para 2 rebanadas cuenta con una palanca de verificaci\u00f3n r\u00e1pida para verificar la mitad del ciclo de tostadas sin interrumpir el tostado.\u00a0La tostadora para 2 rebanadas est\u00e1<\/p>\n","protected":false},"featured_media":97536,"comment_status":"open","ping_status":"closed","template":"","meta":{"_acf_changed":false,"_joinchat":[]},"product_brand":[],"product_cat":[336,337,338,1015],"product_tag":[],"class_list":{"0":"post-97534","1":"product","2":"type-product","3":"status-publish","4":"has-post-thumbnail","6":"product_cat-hogar","7":"product_cat-cocina","8":"product_cat-electrodomesticos","9":"product_cat-tostadoras","11":"first","12":"instock","13":"sale","14":"shipping-taxable","15":"purchasable","16":"product-type-simple"},"acf":[],"_links":{"self":[{"href":"https:\/\/defabrica.com.mx\/defabrica\/wp-json\/wp\/v2\/product\/97534","targetHints":{"allow":["GET"]}}],"collection":[{"href":"https:\/\/defabrica.com.mx\/defabrica\/wp-json\/wp\/v2\/product"}],"about":[{"href":"https:\/\/defabrica.com.mx\/defabrica\/wp-json\/wp\/v2\/types\/product"}],"replies":[{"embeddable":true,"href":"https:\/\/defabrica.com.mx\/defabrica\/wp-json\/wp\/v2\/comments?post=97534"}],"wp:featuredmedia":[{"embeddable":true,"href":"https:\/\/defabrica.com.mx\/defabrica\/wp-json\/wp\/v2\/media\/97536"}],"wp:attachment":[{"href":"https:\/\/defabrica.com.mx\/defabrica\/wp-json\/wp\/v2\/media?parent=97534"}],"wp:term":[{"taxonomy":"product_brand","embeddable":true,"href":"https:\/\/defabrica.com.mx\/defabrica\/wp-json\/wp\/v2\/product_brand?post=97534"},{"taxonomy":"product_cat","embeddable":true,"href":"https:\/\/defabrica.com.mx\/defabrica\/wp-json\/wp\/v2\/product_cat?post=97534"},{"taxonomy":"product_tag","embeddable":true,"href":"https:\/\/defabrica.com.mx\/defabrica\/wp-json\/wp\/v2\/product_tag?post=97534"}],"curies":[{"name":"wp","href":"https:\/\/api.w.org\/{rel}","templated":true}]}}