{"id":97511,"date":"2022-09-05T16:26:39","date_gmt":"2022-09-05T21:26:39","guid":{"rendered":"https:\/\/defabrica.com.mx\/defabrica\/?post_type=product&#038;p=97511"},"modified":"2022-09-05T16:26:39","modified_gmt":"2022-09-05T21:26:39","slug":"sencor-tostadora-de-ranura-ancha-para-4-rebanadas-verde","status":"publish","type":"product","link":"https:\/\/defabrica.com.mx\/defabrica\/producto\/sencor-tostadora-de-ranura-ancha-para-4-rebanadas-verde\/","title":{"rendered":"Sencor &#8211; Tostadora de ranura ancha para 4 rebanadas &#8211; Verde"},"content":{"rendered":"<div class=\"embedded-component-container lv product-description\">\n<div>\n<div id=\"shop-product-description-12587935\" class=\"_none\" data-version=\"1.3.48\">\n<div class=\"shop-product-description\">\n<section class=\"align-heading-left\" data-reactroot=\"\">\n<div class=\"long-description-container body-copy \">\n<div class=\"html-fragment\"><span>La tostadora de 4 rebanadas de Sencor en elegante acabado met\u00e1lico representa un dise\u00f1o contempor\u00e1neo fresco: \u00a1funcional, elegante y pr\u00e1ctico!\u00a0La forma curva suave es fresca al tacto, la parte superior es de acero inoxidable con ranuras anchas y una base blanca contrastante con almacenamiento para cables.\u00a0Viene con rejilla de calentamiento extra\u00edble.\u00a0Todos los controles est\u00e1n al frente y al centro.\u00a0\u00a1Coordine el color con otras cocinas el\u00e9ctricas de Sencor para crear una hermosa cocina con un toque de dise\u00f1o europeo!<\/span><\/div>\n<\/div>\n<\/section>\n<\/div>\n<\/div>\n<\/div>\n<\/div>\n<div class=\"embedded-component-container lv product-features\">\n<h3><\/h3>\n<h3 class=\"heading-5 v-fw-regular feature-heading\"><strong>Caracter\u00edsticas<\/strong><\/h3>\n<ul>\n<li><strong>REJILLA PARA TOSTADORA<\/strong><br \/>\nCaliente o tueste bollos o croissants a la perfecci\u00f3n con la rejilla para tostadora incluida<\/li>\n<li><strong>TEMPORIZADOR ELECTR\u00d3NICO<\/strong><br \/>\nEl temporizador cuenta con 9 niveles de intensidad de tostado para un brindis perfecto<\/li>\n<li><strong>TRES FUNCIONES<\/strong><br \/>\nIncluye cancelaci\u00f3n inmediata, funci\u00f3n de descongelaci\u00f3n de pan congelado y bagel<\/li>\n<li><strong>DISE\u00d1O PREMIUM<\/strong><br \/>\nEl dise\u00f1o met\u00e1lico de acero inoxidable de alta gama hace que esta tostadora brille con sofisticaci\u00f3n.<\/li>\n<li><strong>SEGURO DE USAR<\/strong><br \/>\nLa carcasa exterior con aislamiento t\u00e9rmico es fr\u00eda al tacto cuando se ejecuta y las patas antideslizantes promueven un uso seguro<\/li>\n<li><strong>F\u00c1CIL DE LIMPIAR Y ALMACENAR<\/strong><br \/>\nLa bandeja para migas deslizable hace que sea f\u00e1cil de limpiar y el espacio de almacenamiento del cable de alimentaci\u00f3n lo hace conveniente para almacenar<\/li>\n<\/ul>\n<\/div>\n","protected":false},"excerpt":{"rendered":"<p>La tostadora de 4 rebanadas de Sencor en elegante acabado met\u00e1lico representa un dise\u00f1o contempor\u00e1neo fresco: \u00a1funcional, elegante y pr\u00e1ctico!\u00a0La forma curva suave es fresca al tacto, la parte superior<\/p>\n","protected":false},"featured_media":97512,"comment_status":"open","ping_status":"closed","template":"","meta":{"_acf_changed":false,"_joinchat":[]},"product_brand":[],"product_cat":[336,337,338,1015],"product_tag":[],"class_list":{"0":"post-97511","1":"product","2":"type-product","3":"status-publish","4":"has-post-thumbnail","6":"product_cat-hogar","7":"product_cat-cocina","8":"product_cat-electrodomesticos","9":"product_cat-tostadoras","11":"first","12":"instock","13":"sale","14":"shipping-taxable","15":"purchasable","16":"product-type-simple"},"acf":[],"_links":{"self":[{"href":"https:\/\/defabrica.com.mx\/defabrica\/wp-json\/wp\/v2\/product\/97511","targetHints":{"allow":["GET"]}}],"collection":[{"href":"https:\/\/defabrica.com.mx\/defabrica\/wp-json\/wp\/v2\/product"}],"about":[{"href":"https:\/\/defabrica.com.mx\/defabrica\/wp-json\/wp\/v2\/types\/product"}],"replies":[{"embeddable":true,"href":"https:\/\/defabrica.com.mx\/defabrica\/wp-json\/wp\/v2\/comments?post=97511"}],"wp:featuredmedia":[{"embeddable":true,"href":"https:\/\/defabrica.com.mx\/defabrica\/wp-json\/wp\/v2\/media\/97512"}],"wp:attachment":[{"href":"https:\/\/defabrica.com.mx\/defabrica\/wp-json\/wp\/v2\/media?parent=97511"}],"wp:term":[{"taxonomy":"product_brand","embeddable":true,"href":"https:\/\/defabrica.com.mx\/defabrica\/wp-json\/wp\/v2\/product_brand?post=97511"},{"taxonomy":"product_cat","embeddable":true,"href":"https:\/\/defabrica.com.mx\/defabrica\/wp-json\/wp\/v2\/product_cat?post=97511"},{"taxonomy":"product_tag","embeddable":true,"href":"https:\/\/defabrica.com.mx\/defabrica\/wp-json\/wp\/v2\/product_tag?post=97511"}],"curies":[{"name":"wp","href":"https:\/\/api.w.org\/{rel}","templated":true}]}}