{"id":97447,"date":"2022-09-05T15:21:50","date_gmt":"2022-09-05T20:21:50","guid":{"rendered":"https:\/\/defabrica.com.mx\/defabrica\/?post_type=product&#038;p=97447"},"modified":"2023-01-20T19:54:21","modified_gmt":"2023-01-21T01:54:21","slug":"microsoft-control-para-xbox-series-x-xbox-series-s-y-xbox-one-ultimo-modelo-robot-blanco","status":"publish","type":"product","link":"https:\/\/defabrica.com.mx\/defabrica\/producto\/microsoft-control-para-xbox-series-x-xbox-series-s-y-xbox-one-ultimo-modelo-robot-blanco\/","title":{"rendered":"Microsoft &#8211; Control para Xbox Series X, Xbox Series S y Xbox One (\u00faltimo modelo) &#8211; Robot blanco"},"content":{"rendered":"<p>Experimente el dise\u00f1o modernizado del controlador inal\u00e1mbrico Xbox en Robot White, con superficies esculpidas y geometr\u00eda refinada para una mayor comodidad durante el juego con un uso de la bater\u00eda de hasta 40 horas.\u00a0Mant\u00e9ngase en el objetivo con un D-pad h\u00edbrido y un agarre texturizado en los gatillos, parachoques y carcasa trasera.<\/p>\n<h3 class=\"heading-5 v-fw-regular feature-heading\"><strong>Caracter\u00edsticas<\/strong><\/h3>\n<ul>\n<li><strong>Eleva tu juego<\/strong><br \/>\nExperimente el dise\u00f1o modernizado del controlador inal\u00e1mbrico Xbox en Robot White, con superficies esculpidas y geometr\u00eda refinada para mayor comodidad y control sin esfuerzo durante el juego con un uso de la bater\u00eda de hasta 40 horas.*<\/li>\n<li><strong>Mapeo personalizado<\/strong><br \/>\nPersonaliza el controlador personalizando la asignaci\u00f3n de botones con la aplicaci\u00f3n Xbox Accessories.* Adem\u00e1s, conecta cualquier auricular compatible con el conector para auriculares de audio de 3,5 mm.<\/li>\n<li><strong>Tecnolog\u00eda inal\u00e1mbrica Xbox y Bluetooth\u00ae<\/strong><br \/>\nIncluye tecnolog\u00eda Xbox Wireless y Bluetooth\u00ae para juegos inal\u00e1mbricos en consolas, PC, tel\u00e9fonos m\u00f3viles y tabletas.*<\/li>\n<li><strong>Mant\u00e9ngase en el objetivo<\/strong><br \/>\nMant\u00e9ngase en el objetivo con un D-pad h\u00edbrido, agarre texturizado en los gatillos, parachoques y carcasa trasera. Con\u00e9ctese usando el puerto USB-C para plug and play directo a la consola y la PC. En la parte trasera se incluye soporte para pilas AA.<\/li>\n<li><strong>Bot\u00f3n de compartir<\/strong><br \/>\nCapture y comparta sin problemas contenido como capturas de pantalla, grabaciones y m\u00e1s con el bot\u00f3n Compartir.<\/li>\n<li><strong>Empareje y cambie f\u00e1cilmente<\/strong><br \/>\nEmpareje, juegue y cambie r\u00e1pidamente entre dispositivos, incluidos Xbox Series X|S, Xbox One, PC con Windows 10, Android e iOS*.<\/li>\n<\/ul>\n","protected":false},"excerpt":{"rendered":"<p>Experimente el dise\u00f1o modernizado del controlador inal\u00e1mbrico Xbox en Robot White, con superficies esculpidas y geometr\u00eda refinada para una mayor comodidad durante el juego con un uso de la bater\u00eda<\/p>\n","protected":false},"featured_media":97458,"comment_status":"open","ping_status":"closed","template":"","meta":{"_acf_changed":false,"_joinchat":[]},"product_brand":[],"product_cat":[277,282,437],"product_tag":[],"class_list":{"0":"post-97447","1":"product","2":"type-product","3":"status-publish","4":"has-post-thumbnail","6":"product_cat-zona-gamer","7":"product_cat-accesorios-gamers","8":"product_cat-controles-gamer","10":"first","11":"instock","12":"sale","13":"shipping-taxable","14":"purchasable","15":"product-type-simple"},"acf":[],"_links":{"self":[{"href":"https:\/\/defabrica.com.mx\/defabrica\/wp-json\/wp\/v2\/product\/97447","targetHints":{"allow":["GET"]}}],"collection":[{"href":"https:\/\/defabrica.com.mx\/defabrica\/wp-json\/wp\/v2\/product"}],"about":[{"href":"https:\/\/defabrica.com.mx\/defabrica\/wp-json\/wp\/v2\/types\/product"}],"replies":[{"embeddable":true,"href":"https:\/\/defabrica.com.mx\/defabrica\/wp-json\/wp\/v2\/comments?post=97447"}],"wp:featuredmedia":[{"embeddable":true,"href":"https:\/\/defabrica.com.mx\/defabrica\/wp-json\/wp\/v2\/media\/97458"}],"wp:attachment":[{"href":"https:\/\/defabrica.com.mx\/defabrica\/wp-json\/wp\/v2\/media?parent=97447"}],"wp:term":[{"taxonomy":"product_brand","embeddable":true,"href":"https:\/\/defabrica.com.mx\/defabrica\/wp-json\/wp\/v2\/product_brand?post=97447"},{"taxonomy":"product_cat","embeddable":true,"href":"https:\/\/defabrica.com.mx\/defabrica\/wp-json\/wp\/v2\/product_cat?post=97447"},{"taxonomy":"product_tag","embeddable":true,"href":"https:\/\/defabrica.com.mx\/defabrica\/wp-json\/wp\/v2\/product_tag?post=97447"}],"curies":[{"name":"wp","href":"https:\/\/api.w.org\/{rel}","templated":true}]}}