{"id":97423,"date":"2022-09-05T15:01:35","date_gmt":"2022-09-05T20:01:35","guid":{"rendered":"https:\/\/defabrica.com.mx\/defabrica\/?post_type=product&#038;p=97423"},"modified":"2022-09-05T15:01:35","modified_gmt":"2022-09-05T20:01:35","slug":"zwilling-tostadora-enfinigy-de-4-rebanadas-gris","status":"publish","type":"product","link":"https:\/\/defabrica.com.mx\/defabrica\/producto\/zwilling-tostadora-enfinigy-de-4-rebanadas-gris\/","title":{"rendered":"ZWILLING &#8211; Tostadora Enfinigy de 4 rebanadas &#8211; Gris"},"content":{"rendered":"<div class=\"embedded-component-container lv product-description\">\n<div>\n<div id=\"shop-product-description-52191094\" class=\"_none\" data-version=\"1.3.48\">\n<div class=\"shop-product-description\">\n<section class=\"align-heading-left\" data-reactroot=\"\">\n<div class=\"long-description-container body-copy \">\n<div class=\"html-fragment\"><span>La tostadora ZWILLING de 4 ranuras garantiza que las tostadas, los bagels, los muffins y m\u00e1s se doren uniformemente cada vez que la use.\u00a0Los ocho elementos calefactores independientes y la distribuci\u00f3n equilibrada del calor garantizan que cada rebanada de pan se tueste uniformemente por ambos lados, incluso despu\u00e9s de tostarlas varias veces.\u00a0El resultado: tostadas crujientes por fuera y suaves por dentro.\u00a0Y cuando termina, la tostada no sale volando de la tostadora.\u00a0La funci\u00f3n de elevaci\u00f3n suave garantiza que se deslice suavemente hacia arriba y la funci\u00f3n de elevaci\u00f3n adicional integrada permite extraer con seguridad incluso rebanadas m\u00e1s peque\u00f1as.\u00a0Limpiar es pan comido.\u00a0Las migas terminan en el caj\u00f3n de migas que se desliza hacia afuera para facilitar su extracci\u00f3n.\u00a0Como todos los productos Enfinigy, la tostadora de 4 ranuras ofrece una aplicaci\u00f3n descargable gratuita.\u00a0El c\u00f3digo QR de la aplicaci\u00f3n ZWILLING Culinary World en el empaque del producto activa la aplicaci\u00f3n para que pueda buscar una base de datos de recetas originales.<\/span><\/div>\n<\/div>\n<\/section>\n<\/div>\n<\/div>\n<\/div>\n<\/div>\n<div class=\"embedded-component-container lv product-features\">\n<h3><\/h3>\n<h3 class=\"heading-5 v-fw-regular feature-heading\"><strong>Caracter\u00edsticas<\/strong><\/h3>\n<ul>\n<li><strong>Dise\u00f1o<\/strong><br \/>\nEl elegante dise\u00f1o plateado de la tostadora combina la ingenier\u00eda y la innovaci\u00f3n alemanas; Combina una est\u00e9tica moderna con caracter\u00edsticas de alto rendimiento.<\/li>\n<li><strong>Tecnolog\u00eda<\/strong><br \/>\nEsta tostadora de 4 rebanadas se puede usar con la aplicaci\u00f3n Culinary World descargable gratuita de Zwilling para buscar en una base de datos de recetas originales.<\/li>\n<li><strong>Funci\u00f3n<\/strong><br \/>\nCentrado de rebanadas de pan. La tostadora de 4 rebanadas cuenta con una funci\u00f3n de descongelaci\u00f3n, indicador de luz de encendido y elevaci\u00f3n alta para quitar el pan f\u00e1cilmente. controles digitales<\/li>\n<li><strong>Cool-Touch<\/strong><br \/>\nLa tostadora plateada tiene un exterior de acero inoxidable de tacto fr\u00edo y se apaga autom\u00e1ticamente.<\/li>\n<li><strong>Energ\u00eda<\/strong><br \/>\n1710 vatios.<\/li>\n<\/ul>\n<\/div>\n","protected":false},"excerpt":{"rendered":"<p>La tostadora ZWILLING de 4 ranuras garantiza que las tostadas, los bagels, los muffins y m\u00e1s se doren uniformemente cada vez que la use.\u00a0Los ocho elementos calefactores independientes y la<\/p>\n","protected":false},"featured_media":97425,"comment_status":"open","ping_status":"closed","template":"","meta":{"_acf_changed":false,"_joinchat":[]},"product_brand":[],"product_cat":[336,337,338,1015],"product_tag":[],"class_list":{"0":"post-97423","1":"product","2":"type-product","3":"status-publish","4":"has-post-thumbnail","6":"product_cat-hogar","7":"product_cat-cocina","8":"product_cat-electrodomesticos","9":"product_cat-tostadoras","11":"first","12":"instock","13":"sale","14":"shipping-taxable","15":"purchasable","16":"product-type-simple"},"acf":[],"_links":{"self":[{"href":"https:\/\/defabrica.com.mx\/defabrica\/wp-json\/wp\/v2\/product\/97423","targetHints":{"allow":["GET"]}}],"collection":[{"href":"https:\/\/defabrica.com.mx\/defabrica\/wp-json\/wp\/v2\/product"}],"about":[{"href":"https:\/\/defabrica.com.mx\/defabrica\/wp-json\/wp\/v2\/types\/product"}],"replies":[{"embeddable":true,"href":"https:\/\/defabrica.com.mx\/defabrica\/wp-json\/wp\/v2\/comments?post=97423"}],"wp:featuredmedia":[{"embeddable":true,"href":"https:\/\/defabrica.com.mx\/defabrica\/wp-json\/wp\/v2\/media\/97425"}],"wp:attachment":[{"href":"https:\/\/defabrica.com.mx\/defabrica\/wp-json\/wp\/v2\/media?parent=97423"}],"wp:term":[{"taxonomy":"product_brand","embeddable":true,"href":"https:\/\/defabrica.com.mx\/defabrica\/wp-json\/wp\/v2\/product_brand?post=97423"},{"taxonomy":"product_cat","embeddable":true,"href":"https:\/\/defabrica.com.mx\/defabrica\/wp-json\/wp\/v2\/product_cat?post=97423"},{"taxonomy":"product_tag","embeddable":true,"href":"https:\/\/defabrica.com.mx\/defabrica\/wp-json\/wp\/v2\/product_tag?post=97423"}],"curies":[{"name":"wp","href":"https:\/\/api.w.org\/{rel}","templated":true}]}}