{"id":97362,"date":"2022-09-05T14:30:17","date_gmt":"2022-09-05T19:30:17","guid":{"rendered":"https:\/\/defabrica.com.mx\/defabrica\/?post_type=product&#038;p=97362"},"modified":"2023-01-20T20:27:00","modified_gmt":"2023-01-21T02:27:00","slug":"cuisinart-batidora-de-pie-precision-master-de-5-5-cuartos-crema-de-coco","status":"publish","type":"product","link":"https:\/\/defabrica.com.mx\/defabrica\/producto\/cuisinart-batidora-de-pie-precision-master-de-5-5-cuartos-crema-de-coco\/","title":{"rendered":"Cuisinart &#8211; Batidora de pie Precision Master de 5.5 cuartos &#8211; Crema de coco"},"content":{"rendered":"<div class=\"embedded-component-container lv product-description\">\n<div>\n<div id=\"shop-product-description-44789915\" class=\"_none\" data-version=\"1.3.48\">\n<div class=\"shop-product-description\">\n<section class=\"align-heading-left\" data-reactroot=\"\">\n<div class=\"long-description-container body-copy \">\n<div class=\"html-fragment\">\u00a1Cuisinart est\u00e1 cambiando la forma en que el mundo se mezcla!\u00a0Esta batidora de pie fenomenal ofrece m\u00e1s potencia, m\u00e1s capacidad y ahora m\u00e1s opciones de color.\u00a0Adem\u00e1s de Silver Lining, Onyx, Periwinkle Blue, Ruby Red, White Linen y Robin&#8217;s Egg, la unidad ahora est\u00e1 disponible en una selecci\u00f3n ampliada de acabados vibrantes, que incluyen Blushing Coral, Arctic Blue, Dove Grey, Agave Green y Coconut Cream. .\u00a0La amplia variedad de opciones de color permite a los chefs caseros de hoy agregar un toque personal a cualquier encimera.\u00a0Nuestra batidora de pie, que brinda potencia, precisi\u00f3n y rendimiento, cuenta con un motor de 500 vatios, una construcci\u00f3n de metal fundido a presi\u00f3n y 12 velocidades que permiten matices y excelencia en la realizaci\u00f3n de una variedad de tareas de preparaci\u00f3n.\u00a0El cabezal inclinable hacia atr\u00e1s de la unidad permite un f\u00e1cil acceso a su taz\u00f3n para mezclar de 5.5 cuartos, mientras que el protector contra salpicaduras incluido evita que las encimeras se ensucien.\u00a0Tambi\u00e9n se incluyen un batidor de chef, un gancho para masa y una paleta mezcladora plana.\u00a0El recipiente para mezclar y todos los accesorios son aptos para lavavajillas.\u00a0Adem\u00e1s, puede comprar una variedad de accesorios para la unidad: un rodillo y un cortador de pasta, una extrusora de pasta, una picadora de carne y una m\u00e1quina para hacer postres helados.<\/div>\n<\/div>\n<\/section>\n<\/div>\n<\/div>\n<\/div>\n<\/div>\n<div class=\"embedded-component-container lv product-features\">\n<h3><\/h3>\n<h3 class=\"heading-5 v-fw-regular feature-heading\"><strong>Caracter\u00edsticas<\/strong><\/h3>\n<ul>\n<li><strong>Capacidad<\/strong><br \/>\n5.5 cuartos<\/li>\n<li><strong>Recipiente<\/strong><br \/>\nAcero inoxidable pulido<\/li>\n<li><strong>Motor<\/strong><br \/>\nmotor de 500 vatios<\/li>\n<li><strong>Construcci\u00f3n<\/strong><br \/>\nConstrucci\u00f3n de metal fundido a presi\u00f3n.<\/li>\n<li><strong>Velocidad<\/strong><br \/>\n12 velocidades para mezclar con precisi\u00f3n<\/li>\n<li><strong>Cabeza<\/strong><br \/>\nIncline la cabeza hacia atr\u00e1s<\/li>\n<li><strong>Toma de corriente<\/strong><br \/>\nUna toma de corriente para accesorios opcionales<\/li>\n<li><strong>Qu\u00e9 est\u00e1 incluido<\/strong><br \/>\nBatidor de chef, gancho para amasar, paleta mezcladora plana, protecci\u00f3n contra salpicaduras con pico vertedor, manual de instrucciones\/recetas<\/li>\n<li><strong>Adjuntos opcionales<\/strong><br \/>\nExtrusor de pasta, Rodillo y cortadores de pasta, M\u00e1quina para hacer helados, Picadora de carne<\/li>\n<\/ul>\n<\/div>\n","protected":false},"excerpt":{"rendered":"<p>\u00a1Cuisinart est\u00e1 cambiando la forma en que el mundo se mezcla!\u00a0Esta batidora de pie fenomenal ofrece m\u00e1s potencia, m\u00e1s capacidad y ahora m\u00e1s opciones de color.\u00a0Adem\u00e1s de Silver Lining, Onyx,<\/p>\n","protected":false},"featured_media":97365,"comment_status":"open","ping_status":"closed","template":"","meta":{"_acf_changed":false,"_joinchat":[]},"product_brand":[],"product_cat":[336,337,986],"product_tag":[],"class_list":{"0":"post-97362","1":"product","2":"type-product","3":"status-publish","4":"has-post-thumbnail","6":"product_cat-hogar","7":"product_cat-cocina","8":"product_cat-batidoras","10":"first","11":"instock","12":"sale","13":"shipping-taxable","14":"purchasable","15":"product-type-simple"},"acf":[],"_links":{"self":[{"href":"https:\/\/defabrica.com.mx\/defabrica\/wp-json\/wp\/v2\/product\/97362","targetHints":{"allow":["GET"]}}],"collection":[{"href":"https:\/\/defabrica.com.mx\/defabrica\/wp-json\/wp\/v2\/product"}],"about":[{"href":"https:\/\/defabrica.com.mx\/defabrica\/wp-json\/wp\/v2\/types\/product"}],"replies":[{"embeddable":true,"href":"https:\/\/defabrica.com.mx\/defabrica\/wp-json\/wp\/v2\/comments?post=97362"}],"wp:featuredmedia":[{"embeddable":true,"href":"https:\/\/defabrica.com.mx\/defabrica\/wp-json\/wp\/v2\/media\/97365"}],"wp:attachment":[{"href":"https:\/\/defabrica.com.mx\/defabrica\/wp-json\/wp\/v2\/media?parent=97362"}],"wp:term":[{"taxonomy":"product_brand","embeddable":true,"href":"https:\/\/defabrica.com.mx\/defabrica\/wp-json\/wp\/v2\/product_brand?post=97362"},{"taxonomy":"product_cat","embeddable":true,"href":"https:\/\/defabrica.com.mx\/defabrica\/wp-json\/wp\/v2\/product_cat?post=97362"},{"taxonomy":"product_tag","embeddable":true,"href":"https:\/\/defabrica.com.mx\/defabrica\/wp-json\/wp\/v2\/product_tag?post=97362"}],"curies":[{"name":"wp","href":"https:\/\/api.w.org\/{rel}","templated":true}]}}