{"id":97351,"date":"2022-09-05T14:22:57","date_gmt":"2022-09-05T19:22:57","guid":{"rendered":"https:\/\/defabrica.com.mx\/defabrica\/?post_type=product&#038;p=97351"},"modified":"2023-01-20T20:25:54","modified_gmt":"2023-01-21T02:25:54","slug":"cuisinart-batidora-de-pie-precision-master-de-5-5-cuartos-azul-brillante","status":"publish","type":"product","link":"https:\/\/defabrica.com.mx\/defabrica\/producto\/cuisinart-batidora-de-pie-precision-master-de-5-5-cuartos-azul-brillante\/","title":{"rendered":"Cuisinart &#8211; Batidora de pie Precision Master de 5.5 cuartos &#8211; Azul brillante"},"content":{"rendered":"<div class=\"embedded-component-container lv product-description\">\n<div>\n<div id=\"shop-product-description-53023380\" class=\"_none\" data-version=\"1.3.48\">\n<div class=\"shop-product-description\">\n<section class=\"align-heading-left\" data-reactroot=\"\">\n<div class=\"long-description-container body-copy \">\n<div class=\"html-fragment\">Batidora de pie Cuisinart Precision Master de 5.5 cuartos de gal\u00f3n &#8211; Azul brillante<\/div>\n<\/div>\n<\/section>\n<\/div>\n<\/div>\n<\/div>\n<\/div>\n<div class=\"embedded-component-container lv product-features\">\n<h3><\/h3>\n<h3 class=\"heading-5 v-fw-regular feature-heading\"><strong>Caracter\u00edsticas<\/strong><\/h3>\n<ul>\n<li><strong>Capacidad<\/strong><br \/>\nCapacidad de 5,5 cuartos<\/li>\n<li><strong>Material<\/strong><br \/>\nTaz\u00f3n de acero inoxidable pulido<\/li>\n<li><strong>Motor<\/strong><br \/>\nmotor de 500 vatios<\/li>\n<li><strong>Construcci\u00f3n<\/strong><br \/>\nConstrucci\u00f3n fundida a presi\u00f3n<\/li>\n<li><strong>Velocidades<\/strong><br \/>\n12 velocidades para mezclar con precisi\u00f3n<\/li>\n<li><strong>Inclinaci\u00f3n<\/strong><br \/>\nIncline la cabeza hacia atr\u00e1s<\/li>\n<li><strong>Toma de corriente<\/strong><br \/>\nUna toma de corriente para accesorios opcionales<\/li>\n<li><strong>accesorios incluidos<\/strong><br \/>\nBatidor de chef, gancho para amasar, paleta mezcladora plana y protector contra salpicaduras con pico vertedor<\/li>\n<li><strong>Receta<\/strong><br \/>\nLibro de instrucciones y recetas incluido.<\/li>\n<li><strong>Colores<\/strong><br \/>\nForro plateado, \u00f3nix, azul b\u00edgaro, rojo rub\u00ed, lino blanco, huevo de petirrojo<\/li>\n<li><strong>Adjuntos opcionales<\/strong><br \/>\nExtrusor de pasta, Rodillo y cortadores de pasta, M\u00e1quina para hacer helados, Picadora de carne, Espiralizador<\/li>\n<\/ul>\n<\/div>\n","protected":false},"excerpt":{"rendered":"<p>Batidora de pie Cuisinart Precision Master de 5.5 cuartos de gal\u00f3n &#8211; Azul brillante Caracter\u00edsticas Capacidad Capacidad de 5,5 cuartos Material Taz\u00f3n de acero inoxidable pulido Motor motor de 500<\/p>\n","protected":false},"featured_media":97352,"comment_status":"open","ping_status":"closed","template":"","meta":{"_acf_changed":false,"_joinchat":[]},"product_brand":[],"product_cat":[336,337,986],"product_tag":[],"class_list":{"0":"post-97351","1":"product","2":"type-product","3":"status-publish","4":"has-post-thumbnail","6":"product_cat-hogar","7":"product_cat-cocina","8":"product_cat-batidoras","10":"first","11":"instock","12":"sale","13":"shipping-taxable","14":"purchasable","15":"product-type-simple"},"acf":[],"_links":{"self":[{"href":"https:\/\/defabrica.com.mx\/defabrica\/wp-json\/wp\/v2\/product\/97351","targetHints":{"allow":["GET"]}}],"collection":[{"href":"https:\/\/defabrica.com.mx\/defabrica\/wp-json\/wp\/v2\/product"}],"about":[{"href":"https:\/\/defabrica.com.mx\/defabrica\/wp-json\/wp\/v2\/types\/product"}],"replies":[{"embeddable":true,"href":"https:\/\/defabrica.com.mx\/defabrica\/wp-json\/wp\/v2\/comments?post=97351"}],"wp:featuredmedia":[{"embeddable":true,"href":"https:\/\/defabrica.com.mx\/defabrica\/wp-json\/wp\/v2\/media\/97352"}],"wp:attachment":[{"href":"https:\/\/defabrica.com.mx\/defabrica\/wp-json\/wp\/v2\/media?parent=97351"}],"wp:term":[{"taxonomy":"product_brand","embeddable":true,"href":"https:\/\/defabrica.com.mx\/defabrica\/wp-json\/wp\/v2\/product_brand?post=97351"},{"taxonomy":"product_cat","embeddable":true,"href":"https:\/\/defabrica.com.mx\/defabrica\/wp-json\/wp\/v2\/product_cat?post=97351"},{"taxonomy":"product_tag","embeddable":true,"href":"https:\/\/defabrica.com.mx\/defabrica\/wp-json\/wp\/v2\/product_tag?post=97351"}],"curies":[{"name":"wp","href":"https:\/\/api.w.org\/{rel}","templated":true}]}}