{"id":96558,"date":"2022-08-19T22:21:07","date_gmt":"2022-08-20T03:21:07","guid":{"rendered":"https:\/\/defabrica.com.mx\/defabrica\/?post_type=product&#038;p=96558"},"modified":"2023-01-20T21:05:44","modified_gmt":"2023-01-21T03:05:44","slug":"roccat-auriculares-estereo-con-cable-para-juegos-elo-x-para-pc-xbox-series-x-xbox-series-s-playstation-5-y-nintendo-switch-negro","status":"publish","type":"product","link":"https:\/\/defabrica.com.mx\/defabrica\/producto\/roccat-auriculares-estereo-con-cable-para-juegos-elo-x-para-pc-xbox-series-x-xbox-series-s-playstation-5-y-nintendo-switch-negro\/","title":{"rendered":"ROCCAT &#8211; Auriculares est\u00e9reo con cable para juegos Elo X para PC, Xbox Series X, Xbox Series S, PlayStation 5 y Nintendo Switch &#8211; Negro"},"content":{"rendered":"<div class=\"embedded-component-container lv product-description\">\n<div>\n<div id=\"shop-product-description-74225650\" class=\"_none\" data-version=\"1.3.48\">\n<div class=\"shop-product-description\">\n<section class=\"align-heading-left\" data-reactroot=\"\">\n<div class=\"long-description-container body-copy \">\n<div class=\"html-fragment\">Sonido est\u00e9reo supremo, comodidad impresionante y compatibilidad multiplataforma extendida: as\u00ed son los auriculares para juegos multiplataforma con cable est\u00e9reo ROCCAT\u00ae Elo X para PC, Xbox, PlayStation\u00ae, Nintendo Switch y dispositivos m\u00f3viles.\u00a0Experimente un ajuste din\u00e1mico y sin peso gracias a una diadema de metal autoajustable, almohadillas de espuma viscoel\u00e1stica superiores y sistema de alivio de gafas ProSpecs\u2122 para usuarios de gafas.\u00a0Los controladores de 50 mm ajustados con precisi\u00f3n producen agudos n\u00edtidos y graves atronadores para ayudarlo a buscar oponentes con un sonido est\u00e9reo de tono perfecto, mientras que un micr\u00f3fono desmontable con cancelaci\u00f3n de ruido con tecnolog\u00eda TruSpeak \u2122 garantiza que sus comandos se escuchen perfectamente con una comunicaci\u00f3n de voz n\u00edtida.\u00a0Finalmente, el conector de 3,5 mm permite a los jugadores pasar de la PC a la consola de juegos y a los dispositivos m\u00f3viles con facilidad.<\/div>\n<\/div>\n<\/section>\n<\/div>\n<\/div>\n<\/div>\n<\/div>\n<div class=\"embedded-component-container lv product-features\">\n<h3><\/h3>\n<h3 class=\"heading-5 v-fw-regular feature-heading\"><strong>Caracter\u00edsticas<\/strong><\/h3>\n<ul>\n<li><strong>Ajuste din\u00e1mico<\/strong><br \/>\nLos jugadores vienen en todas las formas y tama\u00f1os, pero Elo X garantiza un ajuste perfecto sin importar qu\u00e9. Una diadema de metal autoajustable y las bisagras giratorias de los auriculares para mayor flexibilidad crean un ajuste sin peso exclusivo para usted.<\/li>\n<li><strong>Comodidad superior<\/strong><br \/>\nAlmohadillas de espuma viscoel\u00e1stica superior con el sistema de alivio de gafas ProSpecs\u2122 patentado de Turtle Beach que cuenta con almohadillas de espuma doble, con espuma m\u00e1s suave en la secci\u00f3n que se apoya contra las gafas, aliviando la presi\u00f3n y permitiendo que los jugadores con gafas jueguen con comodidad.<\/li>\n<li><strong>Sonido est\u00e9reo supremo<\/strong><br \/>\nSonido est\u00e9reo perfecto para ayudarte a buscar a tus oponentes con facilidad. Desde agudos n\u00edtidos hasta graves retumbantes, todos los sonidos cruciales est\u00e1n cubiertos para garantizar que escuchar\u00e1 todo pero no se perder\u00e1 nada.<\/li>\n<li><strong>Controladores Nanoclear\u2122 ajustados con precisi\u00f3n<\/strong><br \/>\nEscuche agudos n\u00edtidos y graves atronadores con altavoces Nanoclear\u2122 de 50 mm de Turtle Beach\u00ae, sintonizados para maximizar el audio est\u00e9reo.<\/li>\n<li><strong>Comunicaci\u00f3n clara como el cristal<\/strong><br \/>\nLa tecnolog\u00eda de micr\u00f3fono unidireccional desmontable TruSpeak\u2122 garantiza que su voz suene igual en el mundo digital que en el mundo real. Di adi\u00f3s a la est\u00e1tica y al crujido con una comunicaci\u00f3n n\u00edtida con tus compa\u00f1eros de equipo que suena<\/li>\n<li><strong>Compatibilidad multiplataforma<\/strong><br \/>\nDisfruta del sonido est\u00e9reo supremo de Elo X mientras juegas en tu PC, Xbox Series X, Xbox Series S, Xbox One, PlayStation 5, PlayStation 4, Nintendo Switch o con\u00e9ctalo a tu dispositivo m\u00f3vil para que puedas jugar mientras viajas gracias a un vers\u00e1til Jack de 3,5 mm y divisor de PC.<\/li>\n<\/ul>\n<\/div>\n","protected":false},"excerpt":{"rendered":"<p>Sonido est\u00e9reo supremo, comodidad impresionante y compatibilidad multiplataforma extendida: as\u00ed son los auriculares para juegos multiplataforma con cable est\u00e9reo ROCCAT\u00ae Elo X para PC, Xbox, PlayStation\u00ae, Nintendo Switch y dispositivos<\/p>\n","protected":false},"featured_media":96559,"comment_status":"open","ping_status":"closed","template":"","meta":{"_acf_changed":false,"_joinchat":[]},"product_brand":[],"product_cat":[277,282,436,441],"product_tag":[],"class_list":{"0":"post-96558","1":"product","2":"type-product","3":"status-publish","4":"has-post-thumbnail","6":"product_cat-zona-gamer","7":"product_cat-accesorios-gamers","8":"product_cat-audifonos-gamer","9":"product_cat-todos-los-accesorios-gamer","11":"first","12":"instock","13":"sale","14":"shipping-taxable","15":"purchasable","16":"product-type-simple"},"acf":[],"_links":{"self":[{"href":"https:\/\/defabrica.com.mx\/defabrica\/wp-json\/wp\/v2\/product\/96558","targetHints":{"allow":["GET"]}}],"collection":[{"href":"https:\/\/defabrica.com.mx\/defabrica\/wp-json\/wp\/v2\/product"}],"about":[{"href":"https:\/\/defabrica.com.mx\/defabrica\/wp-json\/wp\/v2\/types\/product"}],"replies":[{"embeddable":true,"href":"https:\/\/defabrica.com.mx\/defabrica\/wp-json\/wp\/v2\/comments?post=96558"}],"wp:featuredmedia":[{"embeddable":true,"href":"https:\/\/defabrica.com.mx\/defabrica\/wp-json\/wp\/v2\/media\/96559"}],"wp:attachment":[{"href":"https:\/\/defabrica.com.mx\/defabrica\/wp-json\/wp\/v2\/media?parent=96558"}],"wp:term":[{"taxonomy":"product_brand","embeddable":true,"href":"https:\/\/defabrica.com.mx\/defabrica\/wp-json\/wp\/v2\/product_brand?post=96558"},{"taxonomy":"product_cat","embeddable":true,"href":"https:\/\/defabrica.com.mx\/defabrica\/wp-json\/wp\/v2\/product_cat?post=96558"},{"taxonomy":"product_tag","embeddable":true,"href":"https:\/\/defabrica.com.mx\/defabrica\/wp-json\/wp\/v2\/product_tag?post=96558"}],"curies":[{"name":"wp","href":"https:\/\/api.w.org\/{rel}","templated":true}]}}