{"id":96536,"date":"2022-08-19T22:02:07","date_gmt":"2022-08-20T03:02:07","guid":{"rendered":"https:\/\/defabrica.com.mx\/defabrica\/?post_type=product&#038;p=96536"},"modified":"2023-01-20T21:03:39","modified_gmt":"2023-01-21T03:03:39","slug":"sony-inzone-h9-auriculares-inalambricos-para-juegos-con-cancelacion-de-ruido-blanco","status":"publish","type":"product","link":"https:\/\/defabrica.com.mx\/defabrica\/producto\/sony-inzone-h9-auriculares-inalambricos-para-juegos-con-cancelacion-de-ruido-blanco\/","title":{"rendered":"Sony &#8211; INZONE H9 Auriculares inal\u00e1mbricos para juegos con cancelaci\u00f3n de ruido &#8211; Blanco"},"content":{"rendered":"<div class=\"embedded-component-container lv product-description\">\n<div>\n<div id=\"shop-product-description-15167253\" class=\"_none\" data-version=\"1.3.48\">\n<div class=\"shop-product-description\">\n<section class=\"align-heading-left\" data-reactroot=\"\">\n<div class=\"long-description-container body-copy \">\n<div class=\"html-fragment\">Agudiza tus sentidos y prep\u00e1rate para tu partido.\u00a0Nuestro auricular INZONE H9 lo sumerge en la zona con sonido espacial 360 para juegos y cancelaci\u00f3n de ruido para una audici\u00f3n supercargada y reflejos s\u00faper n\u00edtidos.\u00a0Lleva el rendimiento m\u00e1s all\u00e1 de lo mejor, detectando enemigos antes de que te vean.<\/div>\n<\/div>\n<\/section>\n<\/div>\n<\/div>\n<\/div>\n<\/div>\n<div class=\"embedded-component-container lv product-features\">\n<h3><\/h3>\n<h3 class=\"heading-5 v-fw-regular feature-heading\"><strong>Caracter\u00edsticas<\/strong><\/h3>\n<ul>\n<li><strong>El sonido espacial 360 personalizado para juegos proporciona una detecci\u00f3n precisa de rivales<\/strong><br \/>\nCon 360 Spatial Sound for Gaming y nuestra tecnolog\u00eda de hardware comprobada, puede detectar d\u00f3nde est\u00e1n sus oponentes y qu\u00e9 tan lejos. Incluso los jugadores que se esconden en las sombras o detr\u00e1s de paredes y obst\u00e1culos no pueden permanecer ocultos por mucho tiempo.<\/li>\n<li><strong>La tecnolog\u00eda de sensor de ruido dual apaga los sonidos del entorno\/el modo de sonido ambiental te mantiene al tanto de los sonidos importantes<\/strong><br \/>\nINZONE H9 con cancelaci\u00f3n de ruido de m\u00faltiples micr\u00f3fonos mantiene alejados los sonidos que perturban su rendimiento.<\/li>\n<li><strong>Coj\u00edn de diadema suave y almohadillas de cuero sint\u00e9tico para mayor comodidad<\/strong><br \/>\nEl coj\u00edn ancho y suave de la banda para la cabeza distribuye el peso uniformemente sobre la cabeza para brindar comodidad a largo plazo.<\/li>\n<li><strong>Discord certificado<\/strong><br \/>\nTenga la seguridad de que sus auriculares funcionan bien en el servicio de comunicaci\u00f3n de voz, video y texto de Discord para chatear de voz sin problemas con amigos mientras juega juegos en l\u00ednea<\/li>\n<li><strong>Comunicaciones claras a trav\u00e9s de un micr\u00f3fono de brazo abatible flexible con funci\u00f3n de silencio<\/strong><br \/>\nCoordinar misiones con claridad y decisi\u00f3n. Un micr\u00f3fono boom plegable y flexible con funci\u00f3n de silencio<\/li>\n<li><strong>Juega libremente con conectividad inal\u00e1mbrica y bajo retardo<\/strong><br \/>\nNuestros auriculares inal\u00e1mbricos para juegos INZONE H9 le brindan la libertad de jugar sin el estr\u00e9s de los cables en el camino. Y gracias a la baja demora, nunca perder\u00e1 un ritmo con sonido ajustado y sincronizaci\u00f3n de im\u00e1genes.<\/li>\n<li><strong>Hasta 32 horas de juego continuo con una sola carga<\/strong><br \/>\nDisfruta jugando durante el d\u00eda e incluso la noche con hasta 32 horas de juego continuo con una sola carga.<\/li>\n<li><strong>Perfecto para PlayStation 5<\/strong><br \/>\nINZONE H9 te permite disfrutar del sonido envolvente de Tempest 3D AudioTech de PlayStation 5 para jugar con una mayor expresi\u00f3n espacial. Funciona a la perfecci\u00f3n con las consolas PlayStation 5 y las funciones especiales de PS5 para un rendimiento mejorado.<\/li>\n<li><strong>Controles dise\u00f1ados ergon\u00f3micamente para una operaci\u00f3n sin esfuerzo<\/strong><br \/>\nNuestro INZONE H9 cuenta con botones y diales de control dise\u00f1ados ergon\u00f3micamente para que pueda cambiar f\u00e1cilmente las funciones y ajustar la configuraci\u00f3n durante un juego.<\/li>\n<li><strong>El modo de sonido ambiental lo mantiene al tanto de los sonidos importantes<\/strong><br \/>\nPuede jugar su juego y a\u00fan escuchar sonidos importantes como llamadas telef\u00f3nicas, timbres o alguien que le habla en su entorno. Y al igual que con los auriculares de m\u00fasica de Sony, basta con tocar un bot\u00f3n para cambiar al modo de cancelaci\u00f3n de ruido.<\/li>\n<li><strong>Personalice su experiencia a trav\u00e9s del software INZONE Hub<\/strong><br \/>\nNuestro software para PC INZONE Hub le permite personalizar su experiencia INZONE H9 personalizando una amplia gama de operaciones, incluida una variedad de configuraciones de sonido y hardware.<\/li>\n<li><strong>Mejore su experiencia de juego con los monitores para juegos INZONE de Sony<\/strong><br \/>\nLos monitores INZONE de Sony elevan su experiencia de juego y lo ayudan a rendir al m\u00e1ximo de su capacidad. (Disponible en verano de 2022)<\/li>\n<li><strong>Conexi\u00f3n simult\u00e1nea de 2,4 GHz y Bluetooth<\/strong><br \/>\nCon\u00e9ctese a un tel\u00e9fono inteligente a trav\u00e9s de Bluetooth mientras est\u00e1 conectado a una red inal\u00e1mbrica de 2,4 GHz. Puede disfrutar de llamadas de tel\u00e9fonos inteligentes y chats de voz a trav\u00e9s de Bluetooth mientras juega con la conexi\u00f3n inal\u00e1mbrica USB.<\/li>\n<\/ul>\n<\/div>\n","protected":false},"excerpt":{"rendered":"<p>Agudiza tus sentidos y prep\u00e1rate para tu partido.\u00a0Nuestro auricular INZONE H9 lo sumerge en la zona con sonido espacial 360 para juegos y cancelaci\u00f3n de ruido para una audici\u00f3n supercargada<\/p>\n","protected":false},"featured_media":96537,"comment_status":"open","ping_status":"closed","template":"","meta":{"_acf_changed":false,"_joinchat":[]},"product_brand":[],"product_cat":[277,282,436,441],"product_tag":[],"class_list":{"0":"post-96536","1":"product","2":"type-product","3":"status-publish","4":"has-post-thumbnail","6":"product_cat-zona-gamer","7":"product_cat-accesorios-gamers","8":"product_cat-audifonos-gamer","9":"product_cat-todos-los-accesorios-gamer","11":"first","12":"instock","13":"sale","14":"shipping-taxable","15":"purchasable","16":"product-type-simple"},"acf":[],"_links":{"self":[{"href":"https:\/\/defabrica.com.mx\/defabrica\/wp-json\/wp\/v2\/product\/96536","targetHints":{"allow":["GET"]}}],"collection":[{"href":"https:\/\/defabrica.com.mx\/defabrica\/wp-json\/wp\/v2\/product"}],"about":[{"href":"https:\/\/defabrica.com.mx\/defabrica\/wp-json\/wp\/v2\/types\/product"}],"replies":[{"embeddable":true,"href":"https:\/\/defabrica.com.mx\/defabrica\/wp-json\/wp\/v2\/comments?post=96536"}],"wp:featuredmedia":[{"embeddable":true,"href":"https:\/\/defabrica.com.mx\/defabrica\/wp-json\/wp\/v2\/media\/96537"}],"wp:attachment":[{"href":"https:\/\/defabrica.com.mx\/defabrica\/wp-json\/wp\/v2\/media?parent=96536"}],"wp:term":[{"taxonomy":"product_brand","embeddable":true,"href":"https:\/\/defabrica.com.mx\/defabrica\/wp-json\/wp\/v2\/product_brand?post=96536"},{"taxonomy":"product_cat","embeddable":true,"href":"https:\/\/defabrica.com.mx\/defabrica\/wp-json\/wp\/v2\/product_cat?post=96536"},{"taxonomy":"product_tag","embeddable":true,"href":"https:\/\/defabrica.com.mx\/defabrica\/wp-json\/wp\/v2\/product_tag?post=96536"}],"curies":[{"name":"wp","href":"https:\/\/api.w.org\/{rel}","templated":true}]}}