{"id":96507,"date":"2022-08-19T21:43:17","date_gmt":"2022-08-20T02:43:17","guid":{"rendered":"https:\/\/defabrica.com.mx\/defabrica\/?post_type=product&#038;p=96507"},"modified":"2023-01-20T21:00:50","modified_gmt":"2023-01-21T03:00:50","slug":"turtle-beach-stealth-600-gen-2-max-auriculares-inalambricos-para-juegos-multiplataforma-para-xbox-series-x-xbox-series-s-ps5-nintendo-switch-pc-negro","status":"publish","type":"product","link":"https:\/\/defabrica.com.mx\/defabrica\/producto\/turtle-beach-stealth-600-gen-2-max-auriculares-inalambricos-para-juegos-multiplataforma-para-xbox-series-x-xbox-series-s-ps5-nintendo-switch-pc-negro\/","title":{"rendered":"Turtle Beach &#8211; Stealth 600 Gen 2 MAX Auriculares inal\u00e1mbricos para juegos multiplataforma para Xbox Series X, Xbox Series S, PS5, Nintendo Switch, PC &#8211; Negro"},"content":{"rendered":"<div class=\"embedded-component-container lv product-description\">\n<div>\n<div id=\"shop-product-description-82596497\" class=\"_none\" data-version=\"1.3.48\">\n<div class=\"shop-product-description\">\n<section class=\"align-heading-left\" data-reactroot=\"\">\n<div class=\"long-description-container body-copy \">\n<div class=\"html-fragment\">Con licencia oficial para Xbox, los auriculares inal\u00e1mbricos multiplataforma para juegos Turtle Beach Stealth 600 Gen 2 MAX ofrecen una incre\u00edble duraci\u00f3n de la bater\u00eda y audio y chat de alta calidad para Xbox, PlayStation, Nintendo Switch y PC.\u00a0Una duraci\u00f3n masiva de la bater\u00eda de m\u00e1s de 48 horas es un cambio de juego: proporciona suficiente energ\u00eda para que la mayor\u00eda de los jugadores disfruten semanas de juego con una sola carga.\u00a0Adem\u00e1s, con la carga r\u00e1pida, puede obtener 8,5 horas de duraci\u00f3n de la bater\u00eda con solo 15 minutos de tiempo de carga.\u00a0Juega en cualquier plataforma gracias al vers\u00e1til transmisor USB, que te permite jugar en Xbox, PlayStation, Nintendo Switch o PC con solo presionar un interruptor en el transmisor.\u00a0Una conexi\u00f3n constante, de baja latencia y sin p\u00e9rdidas en las consolas Xbox Series X, Xbox Series S, Xbox One, PS5 y PS4, Nintendo Switch y PC es posible gracias a nuestra tecnolog\u00eda inal\u00e1mbrica patentada de 2,4 GHz sin retrasos.<\/div>\n<\/div>\n<\/section>\n<\/div>\n<\/div>\n<\/div>\n<\/div>\n<div class=\"embedded-component-container lv product-features\">\n<h3><\/h3>\n<h3 class=\"heading-5 v-fw-regular feature-heading\"><strong>Caracter\u00edsticas<\/strong><\/h3>\n<ul>\n<li><strong>Con licencia oficial para Xbox<\/strong><br \/>\nCon licencia oficial de Microsoft para Xbox Series X, Xbox Series S, Xbox One X y Xbox One S para garantizar una experiencia de chat y audio de juego de alta calidad cada vez que se conecte.<\/li>\n<li><strong>Tiempo m\u00e1ximo de juego<\/strong><br \/>\nLa bater\u00eda masiva de m\u00e1s de 48 horas te permite jugar durante semanas sin siquiera pensar en cargar la bater\u00eda. Adem\u00e1s, con la carga r\u00e1pida, puede obtener 8,5 horas de duraci\u00f3n de la bater\u00eda con solo 15 minutos de carga con el cable USB-C incluido.<\/li>\n<li><strong>M\u00e1xima compatibilidad<\/strong><br \/>\nCon licencia oficial de Microsoft para Xbox Series X, Xbox Series S, Xbox One X y Xbox One S y con solo presionar un interruptor en el transmisor, el Stealth 600 Gen 2 MAX tambi\u00e9n es compatible de forma inal\u00e1mbrica con las consolas PS5, PS4 y PS4 Pro. , Nintendo Switch y PC.<\/li>\n<li><strong>Inal\u00e1mbrico sin retrasos<\/strong><br \/>\nNuestra conexi\u00f3n inal\u00e1mbrica patentada de baja latencia y sin p\u00e9rdidas de 2,4 GHz optimiza el audio y el chat de los juegos en tiempo real para una ventaja de juego sin retrasos. Adem\u00e1s, el sencillo transmisor USB se conecta en solo dos segundos con Xbox, PlayStation, Nintendo Switch y PC.<\/li>\n<li><strong>Optimizado para sonido envolvente<\/strong><br \/>\nSintonizado para ofrecer un sonido envolvente inmersivo con Windows Sonic, Dolby Atmos y DTS Headphone: X* y Sony 3D Audio para PS5. *Dolby Atmos y DTS:X: pueden requerir compras adicionales, descargas de aplicaciones y hardware compatible.<\/li>\n<li><strong>Audio potente y amplificado<\/strong><br \/>\nLa ac\u00fastica refinada del auricular y los parlantes de 50 mm ajustados por expertos se impulsan poderosamente para brindarle un audio preciso y envolvente.<\/li>\n<li><strong>Micr\u00f3fono Flip-to-Mute Gen 2<\/strong><br \/>\nTurtle Beach mejora el chat de voz una vez m\u00e1s con un micr\u00f3fono m\u00e1s grande, de alta sensibilidad y con una precisi\u00f3n de voz del 99,95 %. El micr\u00f3fono Gen 2 mejora la claridad del chat y se integra a la perfecci\u00f3n en el dise\u00f1o de los auriculares cuando est\u00e1 silenciado.<\/li>\n<li><strong>Mejor ajuste, mayor sonido<\/strong><br \/>\nLas almohadillas de forma \u00fanica con material suave y transpirable mejoran la comodidad para largas sesiones de juego y permiten un escenario sonoro de audio m\u00e1s amplio y una mayor percepci\u00f3n de profundidad.<\/li>\n<li><strong>Amigable con las gafas<\/strong><br \/>\nEl exclusivo sistema patentado de alivio de gafas ProSpecs de Turtle Beach cuenta con almohadillas de espuma doble para los o\u00eddos, con una espuma m\u00e1s suave en la secci\u00f3n de las almohadillas para los o\u00eddos que se apoya contra las gafas, lo que alivia la presi\u00f3n y permite que los jugadores con gafas jueguen con comodidad.<\/li>\n<li><strong>F\u00e1cil acceso a los ajustes preestablecidos de audio<\/strong><br \/>\nMejore su experiencia de juego con solo tocar un bot\u00f3n con cuatro preajustes de audio exclusivos de Turtle Beach que incluyen Bass Boost, Signature Sound, Treble Boost y Vocal Boost.<\/li>\n<li><strong>Configuraci\u00f3n de sonido de audici\u00f3n sobrehumana<\/strong><br \/>\nLa configuraci\u00f3n de sonido Superhuman Hearing exclusiva de Turtle Beach te permite escuchar sonidos sutiles que cambian el juego para que puedas vivir m\u00e1s y ganar m\u00e1s. Escuche detalles vitales del juego, como pasos enemigos y recargas de armas, para elevar su juego por encima del resto.<\/li>\n<li><strong>Monitoreo de micr\u00f3fono<\/strong><br \/>\nEvite gritar gracias al control de micr\u00f3fono incorporado que le permite escuchar su voz a trav\u00e9s de los auriculares mientras chatea. Adem\u00e1s, cuando cambia al modo USB, incluso puede ajustar los niveles de volumen de monitoreo del micr\u00f3fono para marcarlo correctamente.<\/li>\n<li><strong>Control de volumen de juego y chat*<\/strong><br \/>\nControle el juego y el audio del chat para encontrar el equilibrio perfecto para sus preferencias de juego. *Solo disponible en modo Xbox<\/li>\n<li><strong>Constru\u00eddo para perdurar<\/strong><br \/>\nEl dise\u00f1o reforzado de la banda para la cabeza y la bisagra garantiza una mayor durabilidad y una funcionalidad adecuada durante el uso a largo plazo.<\/li>\n<li><strong>Carga USB-C<\/strong><br \/>\nEl cable USB-C incluido proporciona una carga r\u00e1pida y actualizaciones de firmware sencillas a trav\u00e9s de una PC con Windows o Mac.<\/li>\n<\/ul>\n<\/div>\n","protected":false},"excerpt":{"rendered":"<p>Con licencia oficial para Xbox, los auriculares inal\u00e1mbricos multiplataforma para juegos Turtle Beach Stealth 600 Gen 2 MAX ofrecen una incre\u00edble duraci\u00f3n de la bater\u00eda y audio y chat de<\/p>\n","protected":false},"featured_media":96508,"comment_status":"open","ping_status":"closed","template":"","meta":{"_acf_changed":false,"_joinchat":[]},"product_brand":[],"product_cat":[277,282,436,441],"product_tag":[],"class_list":{"0":"post-96507","1":"product","2":"type-product","3":"status-publish","4":"has-post-thumbnail","6":"product_cat-zona-gamer","7":"product_cat-accesorios-gamers","8":"product_cat-audifonos-gamer","9":"product_cat-todos-los-accesorios-gamer","11":"first","12":"instock","13":"sale","14":"shipping-taxable","15":"purchasable","16":"product-type-simple"},"acf":[],"_links":{"self":[{"href":"https:\/\/defabrica.com.mx\/defabrica\/wp-json\/wp\/v2\/product\/96507","targetHints":{"allow":["GET"]}}],"collection":[{"href":"https:\/\/defabrica.com.mx\/defabrica\/wp-json\/wp\/v2\/product"}],"about":[{"href":"https:\/\/defabrica.com.mx\/defabrica\/wp-json\/wp\/v2\/types\/product"}],"replies":[{"embeddable":true,"href":"https:\/\/defabrica.com.mx\/defabrica\/wp-json\/wp\/v2\/comments?post=96507"}],"wp:featuredmedia":[{"embeddable":true,"href":"https:\/\/defabrica.com.mx\/defabrica\/wp-json\/wp\/v2\/media\/96508"}],"wp:attachment":[{"href":"https:\/\/defabrica.com.mx\/defabrica\/wp-json\/wp\/v2\/media?parent=96507"}],"wp:term":[{"taxonomy":"product_brand","embeddable":true,"href":"https:\/\/defabrica.com.mx\/defabrica\/wp-json\/wp\/v2\/product_brand?post=96507"},{"taxonomy":"product_cat","embeddable":true,"href":"https:\/\/defabrica.com.mx\/defabrica\/wp-json\/wp\/v2\/product_cat?post=96507"},{"taxonomy":"product_tag","embeddable":true,"href":"https:\/\/defabrica.com.mx\/defabrica\/wp-json\/wp\/v2\/product_tag?post=96507"}],"curies":[{"name":"wp","href":"https:\/\/api.w.org\/{rel}","templated":true}]}}