{"id":96485,"date":"2022-08-19T21:26:31","date_gmt":"2022-08-20T02:26:31","guid":{"rendered":"https:\/\/defabrica.com.mx\/defabrica\/?post_type=product&#038;p=96485"},"modified":"2022-08-19T21:26:57","modified_gmt":"2022-08-20T02:26:57","slug":"turtle-beach-auriculares-para-juegos-recon-70-wired-surround-sound-ready-para-xbox-one-y-xbox-series-xs-blanco-verde","status":"publish","type":"product","link":"https:\/\/defabrica.com.mx\/defabrica\/producto\/turtle-beach-auriculares-para-juegos-recon-70-wired-surround-sound-ready-para-xbox-one-y-xbox-series-xs-blanco-verde\/","title":{"rendered":"Turtle Beach &#8211; Auriculares para juegos Recon 70 Wired Surround Sound Ready para Xbox One y Xbox Series X|S &#8211; Blanco\/Verde"},"content":{"rendered":"<div class=\"embedded-component-container lv product-description\">\n<div>\n<div id=\"shop-product-description-53084118\" class=\"_none\" data-version=\"1.3.48\">\n<div class=\"shop-product-description\">\n<section class=\"align-heading-left\" data-reactroot=\"\">\n<div class=\"long-description-container body-copy \">\n<div class=\"html-fragment\">Creados para tu pr\u00f3xima victoria, los auriculares para juegos Turtle Beach\u00ae Recon 70 con licencia oficial para Xbox One y Xbox Series X|S.\u00a0Con el \u00faltimo dise\u00f1o de auriculares livianos y c\u00f3modos de Turtle Beach para horas de juego, con parlantes de 40 mm de alta calidad y almohadillas de cuero sint\u00e9tico premium para colocar sobre las orejas que le permiten escuchar cada agudo n\u00edtido y grave atronador mientras bloquea el ruido.\u00a0El renombrado micr\u00f3fono de alta sensibilidad de Turtle Beach para garantizar que te escuchen con claridad y se voltea f\u00e1cilmente para silenciarlo.\u00a0El Recon 70 tambi\u00e9n tiene sonido envolvente listo para Xbox y optimizado para Windows Sonic.\u00a0Finalmente, la vers\u00e1til conexi\u00f3n de 3,5 mm lo hace perfecto para intercambiar entre los controladores de Xbox y PlayStation\u00ae, Nintendo Switch\u2122 y PC y dispositivos m\u00f3viles compatibles con conectores de 3,5 mm.<\/div>\n<\/div>\n<\/section>\n<\/div>\n<\/div>\n<\/div>\n<\/div>\n<div class=\"embedded-component-container lv product-features\">\n<h3><\/h3>\n<h3 class=\"heading-5 v-fw-regular feature-heading\"><strong>Caracter\u00edsticas<\/strong><\/h3>\n<ul>\n<li><strong>FUNCIONA CON LA SERIE XBOX X|S<\/strong><br \/>\nEste auricular dise\u00f1ado para Xbox One tiene compatibilidad continua con Xbox Series X|S.<\/li>\n<li><strong>COMODIDAD LIGERA<\/strong><br \/>\nUn dise\u00f1o de auricular liviano garantiza una comodidad total durante esas sesiones de juego de horas de duraci\u00f3n con una diadema acolchada y almohadillas para los o\u00eddos.<\/li>\n<li><strong>Micr\u00f3fono abatible<\/strong><br \/>\nEl renombrado micr\u00f3fono de alta sensibilidad de Turtle Beach capta tu voz alto y claro para garantizar que tus comandos siempre se escuchen. Adem\u00e1s, se aparta para silenciar cuando no est\u00e1 en uso y se integra en el dise\u00f1o de los auriculares.<\/li>\n<li><strong>SONIDO ENVOLVENTE LISTO PARA XBOX<\/strong><br \/>\nOptimizado para ofrecer el sonido envolvente inmersivo de Windows Sonic de Microsoft en Xbox para dar vida a tus juegos, pel\u00edculas y m\u00fasica. Windows Sonic proporcionado por Microsoft para Xbox. Tambi\u00e9n compatible con Dolby Atmos\u00ae para auriculares.<\/li>\n<li><strong>Altavoces de 40 mm de alta calidad<\/strong><br \/>\nLos parlantes superiores de 40 mm para colocar sobre las orejas brindan un sonido de juego incre\u00edble para que escuches cada alto n\u00edtido y bajo atronador.<\/li>\n<li><strong>ALMOHADILLAS DE PRIMERA CALIDAD<\/strong><br \/>\nLas almohadillas forradas en cuero sint\u00e9tico brindan mayor comodidad, mejor respuesta de bajos y mejor aislamiento del ruido.<\/li>\n<li><strong>COMPATIBILIDAD MULTIPLATAFORMA<\/strong><br \/>\nDise\u00f1ado para Xbox One y Xbox Series X|S y funciona muy bien con PS4\u2122 Pro, PS4\u2122, PS5\u2122, Nintendo Switch\u2122 y PC y dispositivos m\u00f3viles con un conector de 3,5 mm.<\/li>\n<\/ul>\n<\/div>\n","protected":false},"excerpt":{"rendered":"<p>Creados para tu pr\u00f3xima victoria, los auriculares para juegos Turtle Beach\u00ae Recon 70 con licencia oficial para Xbox One y Xbox Series X|S.\u00a0Con el \u00faltimo dise\u00f1o de auriculares livianos y<\/p>\n","protected":false},"featured_media":96486,"comment_status":"open","ping_status":"closed","template":"","meta":{"_acf_changed":false,"_joinchat":[]},"product_brand":[],"product_cat":[277,282,436,441],"product_tag":[],"class_list":{"0":"post-96485","1":"product","2":"type-product","3":"status-publish","4":"has-post-thumbnail","6":"product_cat-zona-gamer","7":"product_cat-accesorios-gamers","8":"product_cat-audifonos-gamer","9":"product_cat-todos-los-accesorios-gamer","11":"first","12":"instock","13":"sale","14":"shipping-taxable","15":"purchasable","16":"product-type-simple"},"acf":[],"_links":{"self":[{"href":"https:\/\/defabrica.com.mx\/defabrica\/wp-json\/wp\/v2\/product\/96485","targetHints":{"allow":["GET"]}}],"collection":[{"href":"https:\/\/defabrica.com.mx\/defabrica\/wp-json\/wp\/v2\/product"}],"about":[{"href":"https:\/\/defabrica.com.mx\/defabrica\/wp-json\/wp\/v2\/types\/product"}],"replies":[{"embeddable":true,"href":"https:\/\/defabrica.com.mx\/defabrica\/wp-json\/wp\/v2\/comments?post=96485"}],"wp:featuredmedia":[{"embeddable":true,"href":"https:\/\/defabrica.com.mx\/defabrica\/wp-json\/wp\/v2\/media\/96486"}],"wp:attachment":[{"href":"https:\/\/defabrica.com.mx\/defabrica\/wp-json\/wp\/v2\/media?parent=96485"}],"wp:term":[{"taxonomy":"product_brand","embeddable":true,"href":"https:\/\/defabrica.com.mx\/defabrica\/wp-json\/wp\/v2\/product_brand?post=96485"},{"taxonomy":"product_cat","embeddable":true,"href":"https:\/\/defabrica.com.mx\/defabrica\/wp-json\/wp\/v2\/product_cat?post=96485"},{"taxonomy":"product_tag","embeddable":true,"href":"https:\/\/defabrica.com.mx\/defabrica\/wp-json\/wp\/v2\/product_tag?post=96485"}],"curies":[{"name":"wp","href":"https:\/\/api.w.org\/{rel}","templated":true}]}}