{"id":96474,"date":"2022-08-19T21:04:42","date_gmt":"2022-08-20T02:04:42","guid":{"rendered":"https:\/\/defabrica.com.mx\/defabrica\/?post_type=product&#038;p=96474"},"modified":"2023-01-20T20:57:42","modified_gmt":"2023-01-21T02:57:42","slug":"steelseries-auriculares-inalambricos-para-juegos-arctis-nova-pro-para-pc-ps5-y-ps4-negro","status":"publish","type":"product","link":"https:\/\/defabrica.com.mx\/defabrica\/producto\/steelseries-auriculares-inalambricos-para-juegos-arctis-nova-pro-para-pc-ps5-y-ps4-negro\/","title":{"rendered":"SteelSeries &#8211; Auriculares inal\u00e1mbricos para juegos Arctis Nova Pro para PC, PS5 y PS4 &#8211; Negro"},"content":{"rendered":"<div class=\"embedded-component-container lv product-description\">\n<div>\n<div id=\"shop-product-description-91427447\" class=\"_none\" data-version=\"1.3.48\">\n<div class=\"shop-product-description\">\n<section class=\"align-heading-left\" data-reactroot=\"\">\n<div class=\"long-description-container body-copy \">\n<div class=\"html-fragment\">Arctis Nova Pro Wireless eleva el nivel de los auriculares de audio con el sistema ac\u00fastico Nova Pro, audio espacial inmersivo de 360\u00b0, software de sonda, cancelaci\u00f3n activa de ruido y un sistema de bater\u00eda dual.<\/div>\n<\/div>\n<\/section>\n<\/div>\n<\/div>\n<\/div>\n<\/div>\n<div class=\"embedded-component-container lv product-features\">\n<h3><\/h3>\n<h3 class=\"heading-5 v-fw-regular feature-heading\"><strong>Caracter\u00edsticas<\/strong><\/h3>\n<ul>\n<li><strong>audio todopoderoso<\/strong><br \/>\nExperimente la m\u00e1xima claridad y calidad de sonido con los controladores premium de alta fidelidad. Personaliza completamente la experiencia de sonido con el software Sonar mediante el uso de un ecualizador param\u00e9trico de grado profesional, el primero en juegos.<\/li>\n<li><strong>Sistema de energ\u00eda infinita<\/strong><br \/>\nIntercambie en caliente entre el uso de una bater\u00eda mientras carga la otra para mantener sus auriculares funcionando y funcionando.<\/li>\n<li><strong>Conexi\u00f3n multisistema<\/strong><br \/>\nLos puertos USB gemelos le permiten conectar su PC, Mac, PlayStation o Switch, y cambiar entre ellos con solo presionar un bot\u00f3n.<\/li>\n<li><strong>Micr\u00f3fono con cancelaci\u00f3n de ruido alimentado por IA<\/strong><br \/>\nEl micr\u00f3fono ClearCast Gen 2 silencia el ruido de fondo para brindarle comunicaciones n\u00edtidas, respaldadas por los poderosos algoritmos de inteligencia artificial de Sonar Software. El micr\u00f3fono tambi\u00e9n se retrae completamente en el auricular para una apariencia m\u00e1s elegante.<\/li>\n<li><strong>Cancelaci\u00f3n activa de ruido<\/strong><br \/>\nSum\u00e9rjase en su mundo virtual como un sistema h\u00edbrido especializado de 4 micr\u00f3fonos dise\u00f1ado para juegos que se desconecta del ruido ambiental. Usa el Modo Transparencia con niveles variables para adaptarte a cualquier situaci\u00f3n.<\/li>\n<li><strong>Audio espacial de 360\u00b0<\/strong><br \/>\nEl sonido envolvente inmersivo lo transporta al mundo de los juegos, lo que le permite escuchar cada paso cr\u00edtico, recarga o se\u00f1al vocal para darle una ventaja. *Totalmente compatible con Tempest 3D Audio para PS5 \/ Microsoft Spatial Sound<\/li>\n<li><strong>Secuencias de audio duales<\/strong><br \/>\nMezcle dos conexiones de audio al mismo tiempo, permiti\u00e9ndole chatear con amigos mientras juega. Juega con 2,4 GHz sin retrasos mientras usas Bluetooth simult\u00e1neamente para llamadas, Discord, m\u00fasica y podcasts.<\/li>\n<\/ul>\n<\/div>\n","protected":false},"excerpt":{"rendered":"<p>Arctis Nova Pro Wireless eleva el nivel de los auriculares de audio con el sistema ac\u00fastico Nova Pro, audio espacial inmersivo de 360\u00b0, software de sonda, cancelaci\u00f3n activa de ruido<\/p>\n","protected":false},"featured_media":96476,"comment_status":"open","ping_status":"closed","template":"","meta":{"_acf_changed":false,"_joinchat":[]},"product_brand":[],"product_cat":[277,282,436,441],"product_tag":[],"class_list":{"0":"post-96474","1":"product","2":"type-product","3":"status-publish","4":"has-post-thumbnail","6":"product_cat-zona-gamer","7":"product_cat-accesorios-gamers","8":"product_cat-audifonos-gamer","9":"product_cat-todos-los-accesorios-gamer","11":"first","12":"instock","13":"sale","14":"shipping-taxable","15":"purchasable","16":"product-type-simple"},"acf":[],"_links":{"self":[{"href":"https:\/\/defabrica.com.mx\/defabrica\/wp-json\/wp\/v2\/product\/96474","targetHints":{"allow":["GET"]}}],"collection":[{"href":"https:\/\/defabrica.com.mx\/defabrica\/wp-json\/wp\/v2\/product"}],"about":[{"href":"https:\/\/defabrica.com.mx\/defabrica\/wp-json\/wp\/v2\/types\/product"}],"replies":[{"embeddable":true,"href":"https:\/\/defabrica.com.mx\/defabrica\/wp-json\/wp\/v2\/comments?post=96474"}],"wp:featuredmedia":[{"embeddable":true,"href":"https:\/\/defabrica.com.mx\/defabrica\/wp-json\/wp\/v2\/media\/96476"}],"wp:attachment":[{"href":"https:\/\/defabrica.com.mx\/defabrica\/wp-json\/wp\/v2\/media?parent=96474"}],"wp:term":[{"taxonomy":"product_brand","embeddable":true,"href":"https:\/\/defabrica.com.mx\/defabrica\/wp-json\/wp\/v2\/product_brand?post=96474"},{"taxonomy":"product_cat","embeddable":true,"href":"https:\/\/defabrica.com.mx\/defabrica\/wp-json\/wp\/v2\/product_cat?post=96474"},{"taxonomy":"product_tag","embeddable":true,"href":"https:\/\/defabrica.com.mx\/defabrica\/wp-json\/wp\/v2\/product_tag?post=96474"}],"curies":[{"name":"wp","href":"https:\/\/api.w.org\/{rel}","templated":true}]}}