{"id":96457,"date":"2022-08-19T20:24:59","date_gmt":"2022-08-20T01:24:59","guid":{"rendered":"https:\/\/defabrica.com.mx\/defabrica\/?post_type=product&#038;p=96457"},"modified":"2023-01-20T20:54:36","modified_gmt":"2023-01-21T02:54:36","slug":"steelseries-auriculares-inalambricos-para-juegos-arctis-9-para-pc-ps5-y-ps4-negro","status":"publish","type":"product","link":"https:\/\/defabrica.com.mx\/defabrica\/producto\/steelseries-auriculares-inalambricos-para-juegos-arctis-9-para-pc-ps5-y-ps4-negro\/","title":{"rendered":"SteelSeries &#8211; Auriculares inal\u00e1mbricos para juegos Arctis 9 para PC, PS5 y PS4 &#8211; Negro"},"content":{"rendered":"<div class=\"embedded-component-container lv product-description\">\n<div>\n<div id=\"shop-product-description-29235842\" class=\"_none\" data-version=\"1.3.48\">\n<div class=\"shop-product-description\">\n<section class=\"align-heading-left\" data-reactroot=\"\">\n<div class=\"long-description-container body-copy \">\n<div class=\"html-fragment\">El Arctis 9 combina la tecnolog\u00eda inal\u00e1mbrica de baja latencia sin p\u00e9rdidas de 2,4 GHz con audio Bluetooth simult\u00e1neo para una verdadera conexi\u00f3n inal\u00e1mbrica en todas partes.\u00a0Con el micr\u00f3fono bidireccional ClearCast con cancelaci\u00f3n de ruido y un sonido Arctis incre\u00edblemente detallado, Arctis 9 es el mejor auricular para juegos durante todo el d\u00eda.<\/div>\n<\/div>\n<\/section>\n<\/div>\n<\/div>\n<\/div>\n<\/div>\n<div class=\"embedded-component-container lv product-features\">\n<h3><\/h3>\n<h3 class=\"heading-5 v-fw-regular feature-heading\"><strong>Caracter\u00edsticas<\/strong><\/h3>\n<ul>\n<li><strong>Inal\u00e1mbrico de 2,4 GHz sin p\u00e9rdidas<\/strong><br \/>\nCuenta con latencia ultrabaja de 2,4 GHz inal\u00e1mbrico sin p\u00e9rdidas para audio de alta fidelidad, para que pueda disfrutar de una experiencia de juego sin demoras tanto en PC como en PlayStation.<\/li>\n<li><strong>M\u00e1s de 20 horas de duraci\u00f3n de la bater\u00eda<\/strong><br \/>\nUna bater\u00eda optimizada brinda hasta m\u00e1s de 20 horas de uso inal\u00e1mbrico continuo, para que pueda jugar todo el d\u00eda y la noche con una sola carga.<\/li>\n<li><strong>Micr\u00f3fono certificado por Discord<\/strong><br \/>\nEl micr\u00f3fono ClearCast utiliza un dise\u00f1o bidireccional, el mismo que utilizan las tripulaciones de cubierta de los portaaviones, para lograr una cancelaci\u00f3n de ruido y una claridad vocal superiores.<\/li>\n<li><strong>Bluetooth simult\u00e1neo<\/strong><br \/>\n\u00a1Escucha tu m\u00fasica y el audio del juego al mismo tiempo! Conecte el Arctis 9 a dispositivos m\u00f3viles a trav\u00e9s de Bluetooth para llamadas, m\u00fasica y chat VoIP mientras escucha simult\u00e1neamente sus juegos con una claridad de 2,4 GHz sin p\u00e9rdidas.<\/li>\n<li><strong>Sonido caracter\u00edstico de Arctis<\/strong><br \/>\nEl paisaje sonoro caracter\u00edstico de Arctis enfatiza los sonidos sutiles y cr\u00edticos del juego, lo que le permite escuchar cada detalle para obtener una ventaja de audio.<\/li>\n<li><strong>Control ChatMix en la oreja<\/strong><br \/>\nMarque su equilibrio perfecto de juego y audio de chat sobre la marcha directamente desde los auriculares sin pausar su juego.<\/li>\n<li><strong>Almohadillas AirWeave<\/strong><br \/>\nLas almohadillas de tejido de rendimiento AirWeave inspiradas en el atletismo mantienen tus o\u00eddos frescos y secos.<\/li>\n<li><strong>Diadema con gafas de esqu\u00ed<\/strong><br \/>\nEl sistema de suspensi\u00f3n de tela el\u00e1stica se adapta perfectamente a toda la cabeza, c\u00f3modamente.<\/li>\n<li><strong>Auriculares DTS:X v2.0<\/strong><br \/>\nAuriculares DTS:Xv2.0 proporciona se\u00f1ales posicionales de sonido envolvente incre\u00edblemente precisas para PC.<\/li>\n<\/ul>\n<\/div>\n","protected":false},"excerpt":{"rendered":"<p>El Arctis 9 combina la tecnolog\u00eda inal\u00e1mbrica de baja latencia sin p\u00e9rdidas de 2,4 GHz con audio Bluetooth simult\u00e1neo para una verdadera conexi\u00f3n inal\u00e1mbrica en todas partes.\u00a0Con el micr\u00f3fono bidireccional<\/p>\n","protected":false},"featured_media":96459,"comment_status":"open","ping_status":"closed","template":"","meta":{"_acf_changed":false,"_joinchat":[]},"product_brand":[],"product_cat":[277,282,436,441],"product_tag":[],"class_list":{"0":"post-96457","1":"product","2":"type-product","3":"status-publish","4":"has-post-thumbnail","6":"product_cat-zona-gamer","7":"product_cat-accesorios-gamers","8":"product_cat-audifonos-gamer","9":"product_cat-todos-los-accesorios-gamer","11":"first","12":"instock","13":"sale","14":"shipping-taxable","15":"purchasable","16":"product-type-simple"},"acf":[],"_links":{"self":[{"href":"https:\/\/defabrica.com.mx\/defabrica\/wp-json\/wp\/v2\/product\/96457","targetHints":{"allow":["GET"]}}],"collection":[{"href":"https:\/\/defabrica.com.mx\/defabrica\/wp-json\/wp\/v2\/product"}],"about":[{"href":"https:\/\/defabrica.com.mx\/defabrica\/wp-json\/wp\/v2\/types\/product"}],"replies":[{"embeddable":true,"href":"https:\/\/defabrica.com.mx\/defabrica\/wp-json\/wp\/v2\/comments?post=96457"}],"wp:featuredmedia":[{"embeddable":true,"href":"https:\/\/defabrica.com.mx\/defabrica\/wp-json\/wp\/v2\/media\/96459"}],"wp:attachment":[{"href":"https:\/\/defabrica.com.mx\/defabrica\/wp-json\/wp\/v2\/media?parent=96457"}],"wp:term":[{"taxonomy":"product_brand","embeddable":true,"href":"https:\/\/defabrica.com.mx\/defabrica\/wp-json\/wp\/v2\/product_brand?post=96457"},{"taxonomy":"product_cat","embeddable":true,"href":"https:\/\/defabrica.com.mx\/defabrica\/wp-json\/wp\/v2\/product_cat?post=96457"},{"taxonomy":"product_tag","embeddable":true,"href":"https:\/\/defabrica.com.mx\/defabrica\/wp-json\/wp\/v2\/product_tag?post=96457"}],"curies":[{"name":"wp","href":"https:\/\/api.w.org\/{rel}","templated":true}]}}