{"id":95816,"date":"2022-08-13T00:15:13","date_gmt":"2022-08-13T05:15:13","guid":{"rendered":"https:\/\/defabrica.com.mx\/defabrica\/?post_type=product&#038;p=95816"},"modified":"2023-01-20T19:10:01","modified_gmt":"2023-01-21T01:10:01","slug":"viewsonic-vx2418c-24-monitor-curvo-para-juegos-de-165-hz-23-6-lcd-curvo-fhd-negro","status":"publish","type":"product","link":"https:\/\/defabrica.com.mx\/defabrica\/producto\/viewsonic-vx2418c-24-monitor-curvo-para-juegos-de-165-hz-23-6-lcd-curvo-fhd-negro\/","title":{"rendered":"ViewSonic &#8211; VX2418C 24&#8243; Monitor curvo para juegos de 165 Hz 23.6 LCD curvo FHD &#8211; Negro"},"content":{"rendered":"<div class=\"embedded-component-container lv product-description\">\n<div>\n<div id=\"shop-product-description-82253995\" class=\"_none\" data-version=\"1.3.47\">\n<div class=\"shop-product-description\">\n<section class=\"align-heading-left\" data-reactroot=\"\">\n<div class=\"long-description-container body-copy \">\n<div class=\"html-fragment\">El ViewSonic VX2418C cuenta con una pantalla Full HD n\u00edtida combinada con una frecuencia de actualizaci\u00f3n de 165 Hz hipersensible para juegos fluidos.\u00a0La curvatura de la pantalla 1500R brinda una experiencia de visualizaci\u00f3n verdaderamente inmersiva que le permite disfrutar de vistas panor\u00e1micas grandes, audaces e impresionantes.\u00a0La frecuencia de actualizaci\u00f3n de 165 Hz carga m\u00e1s cuadros para un juego elegante con menos retraso.\u00a0Un tiempo de respuesta de 1 ms garantiza que tus reacciones sean tan r\u00e1pidas como el juego, lo que te ayuda a reclamar m\u00e1s victorias.\u00a0FreeSync Premium elimina virtualmente el desgarro y la intermitencia de la pantalla para brindar la experiencia de juego m\u00e1s fluida posible.<\/div>\n<\/div>\n<\/section>\n<\/div>\n<\/div>\n<\/div>\n<\/div>\n<div class=\"embedded-component-container lv product-features\">\n<h3><\/h3>\n<h3 class=\"heading-5 v-fw-regular feature-heading\"><strong>Caracter\u00edsticas<\/strong><\/h3>\n<ul>\n<li><strong>Full HD<\/strong><br \/>\nEl tama\u00f1o de pantalla de 23,6 pulgadas con resoluci\u00f3n de 1920 x 1080 proporciona una visualizaci\u00f3n nativa de fuentes de video Full HD sin ninguna degradaci\u00f3n debido a las tecnolog\u00edas de reducci\u00f3n de muestreo<\/li>\n<li><strong>Experiencia inmersiva<\/strong><br \/>\nSum\u00e9rjase por completo con el panel curvo de 24&#8243; que est\u00e1 dise\u00f1ado para brindar comodidad, productividad y estilo<\/li>\n<li><strong>Experiencia de juego avanzada con FreeSync<\/strong><br \/>\nPonga fin a la jugabilidad entrecortada y los fotogramas rotos con un rendimiento fluido y sin artefactos pr\u00e1cticamente a cualquier velocidad de fotogramas con la tecnolog\u00eda FreeSync<\/li>\n<li><strong>Tama\u00f1o de pantalla visible y tipo de panel<\/strong><br \/>\nTama\u00f1o de pantalla de 23,6 pulgadas con retroiluminaci\u00f3n LED que mejora el rendimiento de la pantalla para ofrecer una gama de colores y una relaci\u00f3n de contraste excepcionales<\/li>\n<li><strong>Pantalla LCD<\/strong><br \/>\nDisfrute de impresionantes im\u00e1genes visuales luminiscentes con pantalla LCD<\/li>\n<li><strong>\u00c1ngulo de visi\u00f3n<\/strong><br \/>\nEste elegante monitor LCD para juegos ofrece \u00e1ngulos de visi\u00f3n de 178\u00b0\/178\u00b0 para disfrutar de una excelente experiencia de visualizaci\u00f3n sin importar d\u00f3nde y c\u00f3mo lo mire.<\/li>\n<li><strong>Compatible con VESA<\/strong><br \/>\nLa compatibilidad con montaje VESA le permite montar la pantalla en una pared o con un soporte seg\u00fan sus necesidades espec\u00edficas<\/li>\n<li><strong>Brillo<\/strong><br \/>\nVea su contenido f\u00e1cilmente en \u00e1reas bien iluminadas con un brillo de 250 Nit<\/li>\n<li><strong>Juego de azar<\/strong><br \/>\nCon una frecuencia de actualizaci\u00f3n de 165 Hz, est\u00e1 especialmente dise\u00f1ado para juegos.<\/li>\n<\/ul>\n<\/div>\n","protected":false},"excerpt":{"rendered":"<p>El ViewSonic VX2418C cuenta con una pantalla Full HD n\u00edtida combinada con una frecuencia de actualizaci\u00f3n de 165 Hz hipersensible para juegos fluidos.\u00a0La curvatura de la pantalla 1500R brinda una<\/p>\n","protected":false},"featured_media":95817,"comment_status":"open","ping_status":"closed","template":"","meta":{"_acf_changed":false,"_joinchat":[]},"product_brand":[],"product_cat":[277,280,433],"product_tag":[],"class_list":{"0":"post-95816","1":"product","2":"type-product","3":"status-publish","4":"has-post-thumbnail","6":"product_cat-zona-gamer","7":"product_cat-pc-gaming","8":"product_cat-monitores-gamer","10":"first","11":"instock","12":"sale","13":"shipping-taxable","14":"purchasable","15":"product-type-simple"},"acf":[],"_links":{"self":[{"href":"https:\/\/defabrica.com.mx\/defabrica\/wp-json\/wp\/v2\/product\/95816","targetHints":{"allow":["GET"]}}],"collection":[{"href":"https:\/\/defabrica.com.mx\/defabrica\/wp-json\/wp\/v2\/product"}],"about":[{"href":"https:\/\/defabrica.com.mx\/defabrica\/wp-json\/wp\/v2\/types\/product"}],"replies":[{"embeddable":true,"href":"https:\/\/defabrica.com.mx\/defabrica\/wp-json\/wp\/v2\/comments?post=95816"}],"wp:featuredmedia":[{"embeddable":true,"href":"https:\/\/defabrica.com.mx\/defabrica\/wp-json\/wp\/v2\/media\/95817"}],"wp:attachment":[{"href":"https:\/\/defabrica.com.mx\/defabrica\/wp-json\/wp\/v2\/media?parent=95816"}],"wp:term":[{"taxonomy":"product_brand","embeddable":true,"href":"https:\/\/defabrica.com.mx\/defabrica\/wp-json\/wp\/v2\/product_brand?post=95816"},{"taxonomy":"product_cat","embeddable":true,"href":"https:\/\/defabrica.com.mx\/defabrica\/wp-json\/wp\/v2\/product_cat?post=95816"},{"taxonomy":"product_tag","embeddable":true,"href":"https:\/\/defabrica.com.mx\/defabrica\/wp-json\/wp\/v2\/product_tag?post=95816"}],"curies":[{"name":"wp","href":"https:\/\/api.w.org\/{rel}","templated":true}]}}