{"id":95804,"date":"2022-08-13T00:07:19","date_gmt":"2022-08-13T05:07:19","guid":{"rendered":"https:\/\/defabrica.com.mx\/defabrica\/?post_type=product&#038;p=95804"},"modified":"2022-08-13T00:07:19","modified_gmt":"2022-08-13T05:07:19","slug":"msi-optix-g241-monitor-lcd-para-juegos-de-pantalla-ancha-de-24-hdmi-displayport-negro","status":"publish","type":"product","link":"https:\/\/defabrica.com.mx\/defabrica\/producto\/msi-optix-g241-monitor-lcd-para-juegos-de-pantalla-ancha-de-24-hdmi-displayport-negro\/","title":{"rendered":"MSI &#8211; Optix G241 Monitor LCD para juegos de pantalla ancha de 24&#8243; (HDMI, DisplayPort) &#8211; Negro"},"content":{"rendered":"<p>Obtenga im\u00e1genes claras y realistas con este monitor para juegos MSI Optix Full HD de 24 pulgadas.\u00a0La tecnolog\u00eda AMD FreeSync sincroniza la frecuencia de actualizaci\u00f3n entre la GPU y la pantalla para una visualizaci\u00f3n sin interrupciones ni interrupciones.\u00a0Este monitor de juegos MSI Optix Full HD cuenta con tecnolog\u00eda antiparpadeo para ayudar a reducir la fatiga visual y la fatiga para un juego prolongado.<\/p>\n<h3><\/h3>\n<h3 class=\"heading-5 v-fw-regular feature-heading\"><strong>Caracter\u00edsticas<\/strong><\/h3>\n<ul>\n<li><strong>Resoluci\u00f3n Full HD 1920 x 1080<\/strong><br \/>\nAltas resoluciones que brindan una s\u00f3lida experiencia de juego o video sin tensi\u00f3n indebida en su tarjeta gr\u00e1fica.<\/li>\n<li><strong>Tiempo de respuesta de 1ms<\/strong><br \/>\nOfrece un rendimiento ultrarr\u00e1pido, minimizando el retraso y el tiempo de visualizaci\u00f3n.<\/li>\n<li><strong>Frecuencia de actualizaci\u00f3n de 144 Hz<\/strong><br \/>\nOfrece un rendimiento potente para que pueda aprovechar al m\u00e1ximo sus juegos y videos.<\/li>\n<li><strong>Monitor LED antideslumbrante de 23,8&#8243;<\/strong><br \/>\nEl tipo de pantalla eficiente utiliza LED para proporcionar una retroiluminaci\u00f3n precisa a los p\u00edxeles.<\/li>\n<li><strong>Tecnolog\u00eda FreeSync<\/strong><br \/>\nTecnolog\u00eda de sincronizaci\u00f3n adaptativa que iguala la velocidad de fotogramas del monitor con cualquier tarjeta gr\u00e1fica AMD compatible.<\/li>\n<li><strong>2 entradas HDMI y DisplayPort<\/strong><br \/>\nLe permite configurar reproductores de DVD y otras fuentes AV para obtener una se\u00f1al de audio y video clara y de alta calidad.<\/li>\n<li><strong>\u00c1ngulos de visi\u00f3n horizontal y vertical de 178\u00b0<\/strong><br \/>\nLe permite ver la pantalla desde una amplia gama de \u00e1ngulos.<\/li>\n<li><strong>Relaci\u00f3n de contraste din\u00e1mico de 100 000 000:1 (1000:1 t\u00edpica)<\/strong><br \/>\nGarantiza que las im\u00e1genes sean n\u00edtidas y claras con negros profundos y luces brillantes.<\/li>\n<li><strong>Brillo de 250 cd\/m\u00b2<\/strong><br \/>\nGarantiza que las im\u00e1genes sean claras y se puedan ver en toda la habitaci\u00f3n.<\/li>\n<\/ul>\n","protected":false},"excerpt":{"rendered":"<p>Obtenga im\u00e1genes claras y realistas con este monitor para juegos MSI Optix Full HD de 24 pulgadas.\u00a0La tecnolog\u00eda AMD FreeSync sincroniza la frecuencia de actualizaci\u00f3n entre la GPU y la<\/p>\n","protected":false},"featured_media":95805,"comment_status":"open","ping_status":"closed","template":"","meta":{"_acf_changed":false,"_joinchat":[]},"product_brand":[],"product_cat":[277,280,433],"product_tag":[],"class_list":{"0":"post-95804","1":"product","2":"type-product","3":"status-publish","4":"has-post-thumbnail","6":"product_cat-zona-gamer","7":"product_cat-pc-gaming","8":"product_cat-monitores-gamer","10":"first","11":"instock","12":"sale","13":"shipping-taxable","14":"purchasable","15":"product-type-simple"},"acf":[],"_links":{"self":[{"href":"https:\/\/defabrica.com.mx\/defabrica\/wp-json\/wp\/v2\/product\/95804","targetHints":{"allow":["GET"]}}],"collection":[{"href":"https:\/\/defabrica.com.mx\/defabrica\/wp-json\/wp\/v2\/product"}],"about":[{"href":"https:\/\/defabrica.com.mx\/defabrica\/wp-json\/wp\/v2\/types\/product"}],"replies":[{"embeddable":true,"href":"https:\/\/defabrica.com.mx\/defabrica\/wp-json\/wp\/v2\/comments?post=95804"}],"wp:featuredmedia":[{"embeddable":true,"href":"https:\/\/defabrica.com.mx\/defabrica\/wp-json\/wp\/v2\/media\/95805"}],"wp:attachment":[{"href":"https:\/\/defabrica.com.mx\/defabrica\/wp-json\/wp\/v2\/media?parent=95804"}],"wp:term":[{"taxonomy":"product_brand","embeddable":true,"href":"https:\/\/defabrica.com.mx\/defabrica\/wp-json\/wp\/v2\/product_brand?post=95804"},{"taxonomy":"product_cat","embeddable":true,"href":"https:\/\/defabrica.com.mx\/defabrica\/wp-json\/wp\/v2\/product_cat?post=95804"},{"taxonomy":"product_tag","embeddable":true,"href":"https:\/\/defabrica.com.mx\/defabrica\/wp-json\/wp\/v2\/product_tag?post=95804"}],"curies":[{"name":"wp","href":"https:\/\/api.w.org\/{rel}","templated":true}]}}