{"id":95705,"date":"2022-08-12T23:06:14","date_gmt":"2022-08-13T04:06:14","guid":{"rendered":"https:\/\/defabrica.com.mx\/defabrica\/?post_type=product&#038;p=95705"},"modified":"2022-08-12T23:06:14","modified_gmt":"2022-08-13T04:06:14","slug":"msi-laptop-moderna-de-14-win10pro-gris-carbon","status":"publish","type":"product","link":"https:\/\/defabrica.com.mx\/defabrica\/producto\/msi-laptop-moderna-de-14-win10pro-gris-carbon\/","title":{"rendered":"MSI &#8211; Laptop moderna de 14&#8242; Win10Pro &#8211; Gris carb\u00f3n"},"content":{"rendered":"<div class=\"embedded-component-container lv product-description\">\n<div>\n<div id=\"shop-product-description-4766462\" class=\"_none\" data-version=\"1.3.47\">\n<div class=\"shop-product-description\">\n<section class=\"align-heading-left\" data-reactroot=\"\">\n<div class=\"long-description-container body-copy \">\n<div class=\"html-fragment\"><span>La serie moderna con procesadores Intel Core i3 de 10.\u00aa generaci\u00f3n est\u00e1 dise\u00f1ada para cultivar su mente creativa.\u00a0Cree momentos maravillosos con el port\u00e1til perfecto para todo.<\/span><\/div>\n<\/div>\n<\/section>\n<\/div>\n<\/div>\n<\/div>\n<\/div>\n<div class=\"embedded-component-container lv product-features\">\n<h3><\/h3>\n<h3 class=\"heading-5 v-fw-regular feature-heading\"><strong>Caracter\u00edsticas<\/strong><\/h3>\n<ul>\n<li><strong>Windows 10 Pro<\/strong><br \/>\nCreado para los negocios. Proteja sus datos con seguridad de nivel empresarial, inicie sesi\u00f3n desde cualquier dispositivo en cualquier lugar y aumente la productividad con potentes herramientas de administraci\u00f3n.<\/li>\n<li><strong>Pantalla de 14&#8243;<\/strong><br \/>\nLa tecnolog\u00eda IPS ofrece amplios \u00e1ngulos de visi\u00f3n. La resoluci\u00f3n de 1920 x 1080 muestra sus juegos y pel\u00edculas HD con colores y claridad impresionantes.<\/li>\n<li><strong>Memoria del sistema de 4 GB para multitarea b\u00e1sica<\/strong><br \/>\nRAM adecuada de alto ancho de banda para ejecutar sin problemas varias aplicaciones y pesta\u00f1as del navegador a la vez.<\/li>\n<li><strong>Unidad de estado s\u00f3lido (SSD) de 128 GB<\/strong><br \/>\nSi bien ofrece menos espacio de almacenamiento que un disco duro, un SSD basado en flash no tiene partes m\u00f3viles, lo que resulta en tiempos de inicio y acceso a datos m\u00e1s r\u00e1pidos, sin ruido y menos producci\u00f3n de calor y consumo de energ\u00eda de la bater\u00eda.<\/li>\n<li><strong>Gr\u00e1ficos Intel\u00ae HD<\/strong><br \/>\nLos gr\u00e1ficos en el procesador con memoria de video compartida brindan una calidad de imagen cotidiana para el uso de Internet, la edici\u00f3n b\u00e1sica de fotograf\u00edas y los juegos casuales.<\/li>\n<li><strong>Pesa 2,62 libras y mide 0,67&#8243; de espesor<\/strong><br \/>\nDise\u00f1o liviano, con una pantalla un poco m\u00e1s peque\u00f1a y sin la unidad de DVD\/CD para mejorar la portabilidad. Bater\u00eda de 3 celdas.<\/li>\n<li><strong>La salida HDMI ampl\u00eda sus opciones de visualizaci\u00f3n<\/strong><br \/>\nCon\u00e9ctese a un televisor de alta definici\u00f3n o a un monitor de alta definici\u00f3n para configurar dos pantallas una al lado de la otra o simplemente ver m\u00e1s del panorama general.<\/li>\n<li><strong>Teclado iluminado<\/strong><br \/>\nTeclado retroiluminado Para escribir f\u00e1cilmente en condiciones de poca luz u oscuridad.<\/li>\n<\/ul>\n<\/div>\n","protected":false},"excerpt":{"rendered":"<p>La serie moderna con procesadores Intel Core i3 de 10.\u00aa generaci\u00f3n est\u00e1 dise\u00f1ada para cultivar su mente creativa.\u00a0Cree momentos maravillosos con el port\u00e1til perfecto para todo. Caracter\u00edsticas Windows 10 Pro<\/p>\n","protected":false},"featured_media":95706,"comment_status":"open","ping_status":"closed","template":"","meta":{"_acf_changed":false,"_joinchat":[]},"product_brand":[],"product_cat":[277,280,432],"product_tag":[],"class_list":{"0":"post-95705","1":"product","2":"type-product","3":"status-publish","4":"has-post-thumbnail","6":"product_cat-zona-gamer","7":"product_cat-pc-gaming","8":"product_cat-laptops-gamer","10":"first","11":"instock","12":"sale","13":"shipping-taxable","14":"purchasable","15":"product-type-simple"},"acf":[],"_links":{"self":[{"href":"https:\/\/defabrica.com.mx\/defabrica\/wp-json\/wp\/v2\/product\/95705","targetHints":{"allow":["GET"]}}],"collection":[{"href":"https:\/\/defabrica.com.mx\/defabrica\/wp-json\/wp\/v2\/product"}],"about":[{"href":"https:\/\/defabrica.com.mx\/defabrica\/wp-json\/wp\/v2\/types\/product"}],"replies":[{"embeddable":true,"href":"https:\/\/defabrica.com.mx\/defabrica\/wp-json\/wp\/v2\/comments?post=95705"}],"wp:featuredmedia":[{"embeddable":true,"href":"https:\/\/defabrica.com.mx\/defabrica\/wp-json\/wp\/v2\/media\/95706"}],"wp:attachment":[{"href":"https:\/\/defabrica.com.mx\/defabrica\/wp-json\/wp\/v2\/media?parent=95705"}],"wp:term":[{"taxonomy":"product_brand","embeddable":true,"href":"https:\/\/defabrica.com.mx\/defabrica\/wp-json\/wp\/v2\/product_brand?post=95705"},{"taxonomy":"product_cat","embeddable":true,"href":"https:\/\/defabrica.com.mx\/defabrica\/wp-json\/wp\/v2\/product_cat?post=95705"},{"taxonomy":"product_tag","embeddable":true,"href":"https:\/\/defabrica.com.mx\/defabrica\/wp-json\/wp\/v2\/product_tag?post=95705"}],"curies":[{"name":"wp","href":"https:\/\/api.w.org\/{rel}","templated":true}]}}