{"id":95602,"date":"2022-08-12T19:44:43","date_gmt":"2022-08-13T00:44:43","guid":{"rendered":"https:\/\/defabrica.com.mx\/defabrica\/?post_type=product&#038;p=95602"},"modified":"2023-01-20T12:06:40","modified_gmt":"2023-01-20T18:06:40","slug":"monitor-para-juegos-benq-mobiuz-ex3210u-ips-4k-led-freesync-blanco","status":"publish","type":"product","link":"https:\/\/defabrica.com.mx\/defabrica\/producto\/monitor-para-juegos-benq-mobiuz-ex3210u-ips-4k-led-freesync-blanco\/","title":{"rendered":"Monitor para juegos BenQ MOBIUZ EX3210U IPS 4K LED FreeSync &#8211; Blanco"},"content":{"rendered":"<div class=\"embedded-component-container lv product-description\">\n<div>\n<div id=\"shop-product-description-3444433\" class=\"_none\" data-version=\"1.3.47\">\n<div class=\"shop-product-description\">\n<section class=\"align-heading-left\" data-reactroot=\"\">\n<div class=\"long-description-container body-copy \">\n<div class=\"html-fragment\">EX3210U IPS 4K 144Hz, HDMI2.1, HDR600, monitor para juegos de 10 bits reales con HDRi que optimiza el rendimiento del color, el contraste de detalles y la claridad de la imagen agregan intensidad para que los juegos se vean lo mejor posible y usted vea todos los detalles estrat\u00e9gicos.\u00a0Su dise\u00f1o sin bisel abre el espacio de la pantalla y elimina los bordes que distraen y que pueden distraer la vista de la acci\u00f3n.\u00a0La frecuencia de actualizaci\u00f3n de 144 Hz y el MPRT de 1 ms, combinados con las funciones de juego patentadas de BenQ y los accesos directos a la configuraci\u00f3n, lo mantienen en el juego.\u00a0Los parlantes integrados l\u00edderes en la industria ofrecen un disfrute de juegos audiovisuales inmersivo sin el desorden de los parlantes externos.\u00a0Usted elige el modo de sonido preestablecido que coincida con su nivel de intensidad.<\/div>\n<\/div>\n<\/section>\n<\/div>\n<\/div>\n<\/div>\n<\/div>\n<div class=\"embedded-component-container lv product-features\">\n<h3><\/h3>\n<h3 class=\"heading-5 v-fw-regular feature-heading\"><strong>Caracter\u00edsticas<\/strong><\/h3>\n<ul>\n<li><strong>IMPRESIONANTE PANTALLA PARA JUEGOS 4K, VERDADERO HDMI 2.1 Y 10 BITS<\/strong><br \/>\n4K UHD de 32 pulgadas, 10 bits verdaderos, HDMI2.1 con ancho de banda completo de 48 Gbps para liberar toda la potencia de su consola\/pc y producir im\u00e1genes excelentes que mantendr\u00e1n sus ojos pegados a la pantalla<\/li>\n<li><strong>JUEGO SUAVE<\/strong><br \/>\nCon una frecuencia de actualizaci\u00f3n de 144 Hz y un tiempo de respuesta MPRT de 1 ms, AMD FreeSync Premium Pro le permite extraer todo el rendimiento de su hardware con un juego fluido<\/li>\n<li><strong>IPS con certificaci\u00f3n VESA DisplayHDR600<\/strong><br \/>\nLa pantalla IPS con HDR600, la tecnolog\u00eda de optimizaci\u00f3n de imagen inteligente BenQ HDRi i, Light Tuner y Black eQualizer ajustan cada cuadro para brindarle la mejor calidad visual posible<\/li>\n<li><strong>Altavoz premium de 2.1 canales con subwoofer<\/strong><br \/>\nLos parlantes din\u00e1micos de 2.1 canales incorporados (dos parlantes de 2 W y un subwoofer de 5 W) con tecnolog\u00eda de sonido Bongiovi DPS y audio treVolo (con 5 modos de sonido personalizados) generan un sonido rico y limpio que se puede optimizar seg\u00fan sus preferencias<\/li>\n<li><strong>Micr\u00f3fono con cancelaci\u00f3n de ruido AI<\/strong><br \/>\nEl micr\u00f3fono con cancelaci\u00f3n de ruido AI puede suprimir los ruidos ambientales para que su voz se capture n\u00edtida y clara<\/li>\n<\/ul>\n<\/div>\n","protected":false},"excerpt":{"rendered":"<p>EX3210U IPS 4K 144Hz, HDMI2.1, HDR600, monitor para juegos de 10 bits reales con HDRi que optimiza el rendimiento del color, el contraste de detalles y la claridad de la<\/p>\n","protected":false},"featured_media":95603,"comment_status":"open","ping_status":"closed","template":"","meta":{"_acf_changed":false,"_joinchat":[]},"product_brand":[],"product_cat":[277,280,433],"product_tag":[],"class_list":{"0":"post-95602","1":"product","2":"type-product","3":"status-publish","4":"has-post-thumbnail","6":"product_cat-zona-gamer","7":"product_cat-pc-gaming","8":"product_cat-monitores-gamer","10":"first","11":"instock","12":"sale","13":"shipping-taxable","14":"purchasable","15":"product-type-simple"},"acf":[],"_links":{"self":[{"href":"https:\/\/defabrica.com.mx\/defabrica\/wp-json\/wp\/v2\/product\/95602","targetHints":{"allow":["GET"]}}],"collection":[{"href":"https:\/\/defabrica.com.mx\/defabrica\/wp-json\/wp\/v2\/product"}],"about":[{"href":"https:\/\/defabrica.com.mx\/defabrica\/wp-json\/wp\/v2\/types\/product"}],"replies":[{"embeddable":true,"href":"https:\/\/defabrica.com.mx\/defabrica\/wp-json\/wp\/v2\/comments?post=95602"}],"wp:featuredmedia":[{"embeddable":true,"href":"https:\/\/defabrica.com.mx\/defabrica\/wp-json\/wp\/v2\/media\/95603"}],"wp:attachment":[{"href":"https:\/\/defabrica.com.mx\/defabrica\/wp-json\/wp\/v2\/media?parent=95602"}],"wp:term":[{"taxonomy":"product_brand","embeddable":true,"href":"https:\/\/defabrica.com.mx\/defabrica\/wp-json\/wp\/v2\/product_brand?post=95602"},{"taxonomy":"product_cat","embeddable":true,"href":"https:\/\/defabrica.com.mx\/defabrica\/wp-json\/wp\/v2\/product_cat?post=95602"},{"taxonomy":"product_tag","embeddable":true,"href":"https:\/\/defabrica.com.mx\/defabrica\/wp-json\/wp\/v2\/product_tag?post=95602"}],"curies":[{"name":"wp","href":"https:\/\/api.w.org\/{rel}","templated":true}]}}