{"id":95593,"date":"2022-08-12T19:36:47","date_gmt":"2022-08-13T00:36:47","guid":{"rendered":"https:\/\/defabrica.com.mx\/defabrica\/?post_type=product&#038;p=95593"},"modified":"2023-01-20T19:50:53","modified_gmt":"2023-01-21T01:50:53","slug":"samsung-980-1tb-pcie-gen-3-x4-nvme-gaming-unidad-interna-de-estado-solido","status":"publish","type":"product","link":"https:\/\/defabrica.com.mx\/defabrica\/producto\/samsung-980-1tb-pcie-gen-3-x4-nvme-gaming-unidad-interna-de-estado-solido\/","title":{"rendered":"Samsung &#8211; 980 1TB PCIe Gen 3 x4 NVMe Gaming Unidad interna de estado s\u00f3lido"},"content":{"rendered":"<div class=\"product-description\">Aproveche el potencial de su PC con el 980. Ya sea que necesite un impulso para jugar o un flujo de trabajo fluido para gr\u00e1ficos pesados, el 980 es una opci\u00f3n inteligente para un rendimiento SSD excepcional, y todo est\u00e1 respaldado por una interfaz NVMe* y tecnolog\u00eda PCIe 3.0.<\/div>\n<div class=\"product-description-banners-lv\">\n<div class=\"product-description-banner\" data-track=\"description-html-asset:Find the ideal drive for your needs.\">\n<h3><\/h3>\n<h3 class=\"heading-5 v-fw-regular feature-heading\"><strong>Caracter\u00edsticas<\/strong><\/h3>\n<ul>\n<li><strong>Actualice a una impresionante velocidad NVMe<\/strong><br \/>\nAproveche el potencial de su PC con el 980. Ya sea que necesite un impulso para jugar o un flujo de trabajo fluido para gr\u00e1ficos pesados, el 980 es una opci\u00f3n inteligente para un rendimiento SSD sobresaliente, y todo est\u00e1 respaldado por una interfaz NVMe\u00b9 y tecnolog\u00eda PCIe 3.0.<\/li>\n<li><strong>Lleno de velocidad<\/strong><br \/>\nSatisfaga su necesidad de velocidad con PCIe 3.0, utilizando la tecnolog\u00eda HMB\u00b2 y la interfaz NVMe para una alta eficiencia. El 980 ofrece valor, sin sacrificar las velocidades de lectura\/escritura secuencial de hasta 3500\/3000 MB\/s\u00b3, m\u00e1s de 6,2 veces la velocidad de los SSD SATA\u2074.<\/li>\n<li><strong>Sigue movi\u00e9ndote con el modo de m\u00e1xima potencia<\/strong><br \/>\nMantenga su SSD funcionando al m\u00e1ximo con el modo Full Power, que impulsa un alto rendimiento continuo y constante.<\/li>\n<li><strong>Habilite a trav\u00e9s del software Samsung Magician para mantener su SSD en modo activo sin latencia, para que pueda regresar instant\u00e1neamente a archivos de trabajo grandes e intensivos o juegos con muchos gr\u00e1ficos.<\/strong><\/li>\n<li><strong>Construido para el largo plazo<\/strong><br \/>\nMantenga sus archivos seguros con un SSD que est\u00e1 en \u00e9l a largo plazo.<\/li>\n<li><strong>Con hasta 600 TBW\u2075 y una garant\u00eda limitada de 5 a\u00f1os, la resistencia optimizada del 980 viene con confiabilidad confiable gracias a las soluciones internas de Samsung, desde el controlador avanzado hasta V-NAND y el firmware m\u00e1s reciente.<\/strong><\/li>\n<li><strong>Control t\u00e9rmico confiable<\/strong><br \/>\nLos SSD de alto rendimiento generalmente requieren un control t\u00e9rmico de alto rendimiento. Para garantizar un rendimiento estable, el 980 utiliza un recubrimiento de n\u00edquel para ayudar a administrar el nivel de calor del controlador y una etiqueta de disipador de calor para brindar un control t\u00e9rmico efectivo del chip NAND.<\/li>\n<li><strong>Soluci\u00f3n t\u00e9rmica inteligente<\/strong><br \/>\nIntegrado con el algoritmo de control t\u00e9rmico de \u00faltima generaci\u00f3n de Samsung, el 980 gestiona el calor por s\u00ed solo para ofrecer un rendimiento duradero y fiable, al tiempo que minimiza las fluctuaciones de rendimiento durante el uso prolongado.<\/li>\n<li><strong>Software Mago de Samsung<\/strong><br \/>\nLibere todo el potencial del 980 con las herramientas de optimizaci\u00f3n avanzadas e intuitivas de Samsung Magician.<\/li>\n<\/ul>\n<\/div>\n<\/div>\n","protected":false},"excerpt":{"rendered":"<p>Aproveche el potencial de su PC con el 980. Ya sea que necesite un impulso para jugar o un flujo de trabajo fluido para gr\u00e1ficos pesados, el 980 es una<\/p>\n","protected":false},"featured_media":95594,"comment_status":"open","ping_status":"closed","template":"","meta":{"_acf_changed":false,"_joinchat":[]},"product_brand":[],"product_cat":[1515,277,280,435],"product_tag":[],"class_list":{"0":"post-95593","1":"product","2":"type-product","3":"status-publish","4":"has-post-thumbnail","6":"product_cat-ofetas-zonagamer","7":"product_cat-zona-gamer","8":"product_cat-pc-gaming","9":"product_cat-todos-los-accesorios-para-pc-gaming","11":"first","12":"instock","13":"sale","14":"shipping-taxable","15":"purchasable","16":"product-type-simple"},"acf":[],"_links":{"self":[{"href":"https:\/\/defabrica.com.mx\/defabrica\/wp-json\/wp\/v2\/product\/95593","targetHints":{"allow":["GET"]}}],"collection":[{"href":"https:\/\/defabrica.com.mx\/defabrica\/wp-json\/wp\/v2\/product"}],"about":[{"href":"https:\/\/defabrica.com.mx\/defabrica\/wp-json\/wp\/v2\/types\/product"}],"replies":[{"embeddable":true,"href":"https:\/\/defabrica.com.mx\/defabrica\/wp-json\/wp\/v2\/comments?post=95593"}],"wp:featuredmedia":[{"embeddable":true,"href":"https:\/\/defabrica.com.mx\/defabrica\/wp-json\/wp\/v2\/media\/95594"}],"wp:attachment":[{"href":"https:\/\/defabrica.com.mx\/defabrica\/wp-json\/wp\/v2\/media?parent=95593"}],"wp:term":[{"taxonomy":"product_brand","embeddable":true,"href":"https:\/\/defabrica.com.mx\/defabrica\/wp-json\/wp\/v2\/product_brand?post=95593"},{"taxonomy":"product_cat","embeddable":true,"href":"https:\/\/defabrica.com.mx\/defabrica\/wp-json\/wp\/v2\/product_cat?post=95593"},{"taxonomy":"product_tag","embeddable":true,"href":"https:\/\/defabrica.com.mx\/defabrica\/wp-json\/wp\/v2\/product_tag?post=95593"}],"curies":[{"name":"wp","href":"https:\/\/api.w.org\/{rel}","templated":true}]}}