{"id":95587,"date":"2022-08-12T19:34:12","date_gmt":"2022-08-13T00:34:12","guid":{"rendered":"https:\/\/defabrica.com.mx\/defabrica\/?post_type=product&#038;p=95587"},"modified":"2023-01-20T19:49:59","modified_gmt":"2023-01-21T01:49:59","slug":"samsung-980-pro-1tb-pcie-gen-4-x4-nvme-gaming-unidad-interna-de-estado-solido","status":"publish","type":"product","link":"https:\/\/defabrica.com.mx\/defabrica\/producto\/samsung-980-pro-1tb-pcie-gen-4-x4-nvme-gaming-unidad-interna-de-estado-solido\/","title":{"rendered":"Samsung &#8211; 980 PRO 1TB PCIe Gen 4 x4 NVMe Gaming Unidad interna de estado s\u00f3lido"},"content":{"rendered":"<div class=\"product-description\">Libere el poder del Samsung 980 PRO PCIe 4.0 NVMe Gen4 SSD para la inform\u00e1tica de siguiente nivel.\u00a0980 PRO ofrece el doble de velocidad de transferencia de datos que PCIe 3.0, al tiempo que mantiene la compatibilidad con PCIe 3.0.\u00b9 \u00b9La marca de dise\u00f1o NVM Express\u00ae es una marca comercial registrada de NVM Express, Inc.* Los resultados se basan en una comparaci\u00f3n con las SSD NVMe PCIe 3.0 de Samsung y SATA SSDs.PS5 compatible con disipador de calor recomendado por Sony;\u00a0disipador de calor se vende por separado.<\/div>\n<div class=\"product-description-banners-lv\">\n<div class=\"product-description-banner\" data-track=\"description-html-asset:Find the ideal drive for your needs.\">\n<h3><\/h3>\n<h3 class=\"heading-5 v-fw-regular feature-heading\"><strong>Caracter\u00edsticas<\/strong><\/h3>\n<ul>\n<li><strong>RENDIMIENTO SSD DE SIGUIENTE NIVEL<\/strong><br \/>\nLibere el poder de Samsung 980 PRO PCIe 4.0 NVMe SSD para la inform\u00e1tica de siguiente nivel<\/li>\n<li><strong>VELOCIDAD M\u00c1XIMA<\/strong><br \/>\n980 PRO est\u00e1 elevando el nivel de las SSD NVMe, ya que ofrece velocidades de lectura de hasta 7000 MB\/s.<\/li>\n<li><strong>UNA COMBINACI\u00d3N GANADORA<\/strong><br \/>\nDise\u00f1ado para jugadores incondicionales y usuarios expertos en tecnolog\u00eda, el 980 PRO ofrece un ancho de banda y un rendimiento de alto rendimiento para aplicaciones exigentes en juegos, gr\u00e1ficos, an\u00e1lisis de datos y m\u00e1s.<\/li>\n<li><strong>SSD M.2 EFICIENTE<\/strong><br \/>\nEl 980 PRO viene en un factor de forma compacto M.2 2280, lo que optimiza la eficiencia energ\u00e9tica y lo hace ideal para construir sistemas inform\u00e1ticos de alto rendimiento.<\/li>\n<li><strong>CONTROL T\u00c9RMICO CONFIABLE<\/strong><br \/>\nPara garantizar un rendimiento estable, el 980 PRO utiliza un recubrimiento de n\u00edquel para ayudar a administrar el nivel de calor del controlador y una etiqueta de disipador de calor para brindar un control t\u00e9rmico efectivo del chip NAND.<\/li>\n<li><strong>SOLUCI\u00d3N T\u00c9RMICA INTELIGENTE<\/strong><br \/>\nIntegrado con el algoritmo de control t\u00e9rmico de \u00faltima generaci\u00f3n de Samsung, el 980 PRO gestiona el calor por s\u00ed solo para ofrecer un rendimiento duradero y fiable, al tiempo que minimiza las fluctuaciones de rendimiento durante el uso prolongado.<\/li>\n<li><strong>MAGO DE SAMSUNG<\/strong><br \/>\nUn conjunto de herramientas f\u00e1ciles de usar ayuda a mantener su unidad actualizada, monitorear el estado y la velocidad de la unidad e incluso mejorar el rendimiento.<\/li>\n<li><strong>LA MARCA DE MEMORIA FLASH N\u00b0 1 DEL MUNDO<\/strong><br \/>\nTodo el firmware y los componentes, incluidos los mundialmente famosos DRAM y NAND de Samsung, se producen internamente, lo que permite una integraci\u00f3n de extremo a extremo para una calidad en la que puede confiar.<\/li>\n<\/ul>\n<\/div>\n<\/div>\n","protected":false},"excerpt":{"rendered":"<p>Libere el poder del Samsung 980 PRO PCIe 4.0 NVMe Gen4 SSD para la inform\u00e1tica de siguiente nivel.\u00a0980 PRO ofrece el doble de velocidad de transferencia de datos que PCIe<\/p>\n","protected":false},"featured_media":95588,"comment_status":"open","ping_status":"closed","template":"","meta":{"_acf_changed":false,"_joinchat":[]},"product_brand":[],"product_cat":[277,280,435],"product_tag":[],"class_list":{"0":"post-95587","1":"product","2":"type-product","3":"status-publish","4":"has-post-thumbnail","6":"product_cat-zona-gamer","7":"product_cat-pc-gaming","8":"product_cat-todos-los-accesorios-para-pc-gaming","10":"first","11":"instock","12":"sale","13":"shipping-taxable","14":"purchasable","15":"product-type-simple"},"acf":[],"_links":{"self":[{"href":"https:\/\/defabrica.com.mx\/defabrica\/wp-json\/wp\/v2\/product\/95587","targetHints":{"allow":["GET"]}}],"collection":[{"href":"https:\/\/defabrica.com.mx\/defabrica\/wp-json\/wp\/v2\/product"}],"about":[{"href":"https:\/\/defabrica.com.mx\/defabrica\/wp-json\/wp\/v2\/types\/product"}],"replies":[{"embeddable":true,"href":"https:\/\/defabrica.com.mx\/defabrica\/wp-json\/wp\/v2\/comments?post=95587"}],"wp:featuredmedia":[{"embeddable":true,"href":"https:\/\/defabrica.com.mx\/defabrica\/wp-json\/wp\/v2\/media\/95588"}],"wp:attachment":[{"href":"https:\/\/defabrica.com.mx\/defabrica\/wp-json\/wp\/v2\/media?parent=95587"}],"wp:term":[{"taxonomy":"product_brand","embeddable":true,"href":"https:\/\/defabrica.com.mx\/defabrica\/wp-json\/wp\/v2\/product_brand?post=95587"},{"taxonomy":"product_cat","embeddable":true,"href":"https:\/\/defabrica.com.mx\/defabrica\/wp-json\/wp\/v2\/product_cat?post=95587"},{"taxonomy":"product_tag","embeddable":true,"href":"https:\/\/defabrica.com.mx\/defabrica\/wp-json\/wp\/v2\/product_tag?post=95587"}],"curies":[{"name":"wp","href":"https:\/\/api.w.org\/{rel}","templated":true}]}}