{"id":95563,"date":"2022-08-12T19:20:29","date_gmt":"2022-08-13T00:20:29","guid":{"rendered":"https:\/\/defabrica.com.mx\/defabrica\/?post_type=product&#038;p=95563"},"modified":"2023-01-20T19:49:23","modified_gmt":"2023-01-21T01:49:23","slug":"samsung-disipador-980-pro-1tb-ssd-interno-pcie-gen-4-x4-nvme-para-ps5","status":"publish","type":"product","link":"https:\/\/defabrica.com.mx\/defabrica\/producto\/samsung-disipador-980-pro-1tb-ssd-interno-pcie-gen-4-x4-nvme-para-ps5\/","title":{"rendered":"Samsung &#8211; Disipador 980 PRO 1TB SSD interno PCIe Gen 4 x4 NVMe para PS5"},"content":{"rendered":"<div class=\"product-description\">Libere el poder del Samsung 980 PRO con disipador de calor para la inform\u00e1tica de siguiente nivel.\u00a0Con una interfaz PCIe\u00ae 4.0 NVMe\u2122, obtenga hasta el doble de velocidad de transferencia de datos que PCIe\u00ae 3.0\u00b9 sin dejar de ser compatible con PCIe\u00ae 3.0.\u00a0\u00b9Los resultados se basan en una comparaci\u00f3n con SSD PCIe\u00ae 3.0 NVMe y SSD SATA de Samsung.<\/div>\n<div class=\"product-description-banners-lv\">\n<div class=\"product-description-banner\" data-track=\"description-html-asset:Find the ideal drive for your needs.\">\n<h3><\/h3>\n<h3 class=\"heading-5 v-fw-regular feature-heading\"><strong>Caracter\u00edsticas<\/strong><\/h3>\n<ul>\n<li><strong>Rendimiento de siguiente nivel con m\u00e1ximo control de calor<\/strong><br \/>\nEl disipador de calor integrado dispersa el calor para mantener la velocidad, la eficiencia energ\u00e9tica y el control t\u00e9rmico, lo que evita el tiempo de inactividad por sobrecalentamiento en Playstation\u00ae 5 y PC.<\/li>\n<li><strong>Velocidad m\u00e1xima<\/strong><br \/>\nAlimentado por un controlador interno dise\u00f1ado para armonizar los componentes de la memoria flash y la interfaz para lograr la m\u00e1xima velocidad con una interfaz PCIe\u00ae 4.02 que es 2 veces m\u00e1s r\u00e1pida que las SSD PCIe\u00ae 3.03 y 12 veces m\u00e1s r\u00e1pida que las SSD SATA de Samsung4<\/li>\n<li><strong>Una combinaci\u00f3n ganadora<\/strong><br \/>\nLogre una experiencia de juego completamente inmersiva con un ancho de banda sostenido de alto rendimiento y rendimiento para aplicaciones de uso rudo en juegos, gr\u00e1ficos, an\u00e1lisis de datos y m\u00e1s.<\/li>\n<li><strong>Control t\u00e9rmico inteligente<\/strong><br \/>\nEl 980 PRO con disipador de calor utiliza el controlador de alta gama recubierto de n\u00edquel propio de Samsung para brindar un control t\u00e9rmico efectivo del chip NAND.<\/li>\n<li><strong>Con el disipador de calor agregado, juegue con confianza en las consolas de juegos PlayStation\u00ae5 y los sistemas de PC sin preocuparse por las ca\u00eddas repentinas del rendimiento por sobrecalentamiento.<\/strong><\/li>\n<li><strong>Un ajuste perfecto para Playstation\u00ae5<\/strong><br \/>\nEl 980 PRO con disipador t\u00e9rmico tiene una carcasa delgada de 8,6 mm que se adapta perfectamente a la PlayStation\u00ae5. Su tama\u00f1o delgado y su eficiencia energ\u00e9tica optimizada tambi\u00e9n son ideales para crear sistemas inform\u00e1ticos y de juegos para PC de alto rendimiento.<\/li>\n<li><strong>Software Mago de Samsung<\/strong><br \/>\nSupervise el estado de la unidad, optimice el rendimiento, proteja datos valiosos y reciba actualizaciones importantes con Magician para garantizar que siempre obtiene el mejor rendimiento de su SSD.<\/li>\n<li><strong>La marca de memoria flash n.\u00ba 1 del mundo<\/strong><br \/>\nTodo el firmware y los componentes, incluidos los mundialmente famosos DRAM y NAND de Samsung, se producen internamente, lo que permite una integraci\u00f3n de extremo a extremo para una calidad en la que puede confiar.<\/li>\n<\/ul>\n<\/div>\n<\/div>\n","protected":false},"excerpt":{"rendered":"<p>Libere el poder del Samsung 980 PRO con disipador de calor para la inform\u00e1tica de siguiente nivel.\u00a0Con una interfaz PCIe\u00ae 4.0 NVMe\u2122, obtenga hasta el doble de velocidad de transferencia<\/p>\n","protected":false},"featured_media":95564,"comment_status":"open","ping_status":"closed","template":"","meta":{"_acf_changed":false,"_joinchat":[]},"product_brand":[],"product_cat":[1515,277,280,435],"product_tag":[],"class_list":{"0":"post-95563","1":"product","2":"type-product","3":"status-publish","4":"has-post-thumbnail","6":"product_cat-ofetas-zonagamer","7":"product_cat-zona-gamer","8":"product_cat-pc-gaming","9":"product_cat-todos-los-accesorios-para-pc-gaming","11":"first","12":"instock","13":"sale","14":"shipping-taxable","15":"purchasable","16":"product-type-simple"},"acf":[],"_links":{"self":[{"href":"https:\/\/defabrica.com.mx\/defabrica\/wp-json\/wp\/v2\/product\/95563","targetHints":{"allow":["GET"]}}],"collection":[{"href":"https:\/\/defabrica.com.mx\/defabrica\/wp-json\/wp\/v2\/product"}],"about":[{"href":"https:\/\/defabrica.com.mx\/defabrica\/wp-json\/wp\/v2\/types\/product"}],"replies":[{"embeddable":true,"href":"https:\/\/defabrica.com.mx\/defabrica\/wp-json\/wp\/v2\/comments?post=95563"}],"wp:featuredmedia":[{"embeddable":true,"href":"https:\/\/defabrica.com.mx\/defabrica\/wp-json\/wp\/v2\/media\/95564"}],"wp:attachment":[{"href":"https:\/\/defabrica.com.mx\/defabrica\/wp-json\/wp\/v2\/media?parent=95563"}],"wp:term":[{"taxonomy":"product_brand","embeddable":true,"href":"https:\/\/defabrica.com.mx\/defabrica\/wp-json\/wp\/v2\/product_brand?post=95563"},{"taxonomy":"product_cat","embeddable":true,"href":"https:\/\/defabrica.com.mx\/defabrica\/wp-json\/wp\/v2\/product_cat?post=95563"},{"taxonomy":"product_tag","embeddable":true,"href":"https:\/\/defabrica.com.mx\/defabrica\/wp-json\/wp\/v2\/product_tag?post=95563"}],"curies":[{"name":"wp","href":"https:\/\/api.w.org\/{rel}","templated":true}]}}