{"id":95556,"date":"2022-08-12T19:17:29","date_gmt":"2022-08-13T00:17:29","guid":{"rendered":"https:\/\/defabrica.com.mx\/defabrica\/?post_type=product&#038;p=95556"},"modified":"2023-01-20T19:48:50","modified_gmt":"2023-01-21T01:48:50","slug":"wd-wd_black-sn850-1tb-ssd-interno-pcie-gen-4-x4-con-licencia-oficial-para-ps5-con-disipador-termico","status":"publish","type":"product","link":"https:\/\/defabrica.com.mx\/defabrica\/producto\/wd-wd_black-sn850-1tb-ssd-interno-pcie-gen-4-x4-con-licencia-oficial-para-ps5-con-disipador-termico\/","title":{"rendered":"WD &#8211; WD_BLACK SN850 1TB SSD interno PCIe Gen 4 x4 con licencia oficial para PS5 con disipador t\u00e9rmico"},"content":{"rendered":"<div class=\"product-description\">Con licencia oficial para la consola PlayStation 5, el SSD WD_BLACK SN850 para consolas PS5 le permite almacenar y jugar juegos de PS5 y juegos de PS4.\u00a0El dise\u00f1o SSD del disipador de calor todo en uno hace que la instalaci\u00f3n sea sencilla en la ranura de expansi\u00f3n PS5 M.2.\u00a0Expanda instant\u00e1neamente hasta 1 TB* de almacenamiento adicional para proporcionar un amplio espacio para sus archivos multimedia. *** Los largos tiempos de carga son obsoletos con la tecnolog\u00eda PCIe Gen4, alcanzando una velocidad de lectura de hasta 7000 MB\/s** para que pueda entrar en el juego m\u00e1s r\u00e1pido.\u00a0El SSD WD_BLACK SN850 para consolas PS5 est\u00e1 certificado y probado para consolas PlayStation 5 para que pueda concentrarse en su juego.<\/div>\n<div class=\"product-description-banners-lv\">\n<div class=\"product-description-banner\" data-track=\"description-html-asset:Find the ideal drive for your needs.\">\n<h3><\/h3>\n<h3 class=\"heading-5 v-fw-regular feature-heading\"><strong>Caracter\u00edsticas<\/strong><\/h3>\n<ul>\n<li><strong>Con licencia oficial para PS5<\/strong><br \/>\nAlmacene y reproduzca m\u00e1s t\u00edtulos en una unidad probada y certificada oficialmente para su consola PS5, para que pueda seguir jugando sin preocuparse por los problemas de compatibilidad.<\/li>\n<li><strong>Disipador de calor todo en uno<\/strong><br \/>\nEl dise\u00f1o de SSD con disipador de calor todo en uno hace que la instalaci\u00f3n y la configuraci\u00f3n sean sencillas a trav\u00e9s de la ranura de expansi\u00f3n M.2 de la consola PS5.<\/li>\n<li><strong>Capacidad de almacenamiento de 1 TB<\/strong><br \/>\nProporciona un amplio espacio para almacenar tus juegos favoritos listos para la batalla.<\/li>\n<li><strong>Alcanzar un rendimiento irracional<\/strong><br \/>\nAproveche las irracionales velocidades PCIe Gen4 NVMe de hasta 7000 MB\/s** de lectura y 5300 MB\/s** de escritura (modelo de 1 TB) para una experiencia de juego receptiva y sin problemas.<\/li>\n<li><strong>Un disco para reproducir lo que quieras<\/strong><br \/>\nAlmacene y juegue sus juegos favoritos compatibles con PS5 directamente desde la unidad.<\/li>\n<li><strong>Sigue as\u00ed<\/strong><br \/>\nExperimente un juego ininterrumpido con un disipador de calor incorporado compatible con la consola PlayStation 5 que mantiene su unidad funcionando fr\u00eda y minimiza la aceleraci\u00f3n en el fragor de la batalla.<\/li>\n<\/ul>\n<\/div>\n<\/div>\n","protected":false},"excerpt":{"rendered":"<p>Con licencia oficial para la consola PlayStation 5, el SSD WD_BLACK SN850 para consolas PS5 le permite almacenar y jugar juegos de PS5 y juegos de PS4.\u00a0El dise\u00f1o SSD del<\/p>\n","protected":false},"featured_media":95557,"comment_status":"open","ping_status":"closed","template":"","meta":{"_acf_changed":false,"_joinchat":[]},"product_brand":[],"product_cat":[1515,277,280,435],"product_tag":[],"class_list":{"0":"post-95556","1":"product","2":"type-product","3":"status-publish","4":"has-post-thumbnail","6":"product_cat-ofetas-zonagamer","7":"product_cat-zona-gamer","8":"product_cat-pc-gaming","9":"product_cat-todos-los-accesorios-para-pc-gaming","11":"first","12":"instock","13":"sale","14":"shipping-taxable","15":"purchasable","16":"product-type-simple"},"acf":[],"_links":{"self":[{"href":"https:\/\/defabrica.com.mx\/defabrica\/wp-json\/wp\/v2\/product\/95556","targetHints":{"allow":["GET"]}}],"collection":[{"href":"https:\/\/defabrica.com.mx\/defabrica\/wp-json\/wp\/v2\/product"}],"about":[{"href":"https:\/\/defabrica.com.mx\/defabrica\/wp-json\/wp\/v2\/types\/product"}],"replies":[{"embeddable":true,"href":"https:\/\/defabrica.com.mx\/defabrica\/wp-json\/wp\/v2\/comments?post=95556"}],"wp:featuredmedia":[{"embeddable":true,"href":"https:\/\/defabrica.com.mx\/defabrica\/wp-json\/wp\/v2\/media\/95557"}],"wp:attachment":[{"href":"https:\/\/defabrica.com.mx\/defabrica\/wp-json\/wp\/v2\/media?parent=95556"}],"wp:term":[{"taxonomy":"product_brand","embeddable":true,"href":"https:\/\/defabrica.com.mx\/defabrica\/wp-json\/wp\/v2\/product_brand?post=95556"},{"taxonomy":"product_cat","embeddable":true,"href":"https:\/\/defabrica.com.mx\/defabrica\/wp-json\/wp\/v2\/product_cat?post=95556"},{"taxonomy":"product_tag","embeddable":true,"href":"https:\/\/defabrica.com.mx\/defabrica\/wp-json\/wp\/v2\/product_tag?post=95556"}],"curies":[{"name":"wp","href":"https:\/\/api.w.org\/{rel}","templated":true}]}}