{"id":95549,"date":"2022-08-12T19:14:22","date_gmt":"2022-08-13T00:14:22","guid":{"rendered":"https:\/\/defabrica.com.mx\/defabrica\/?post_type=product&#038;p=95549"},"modified":"2023-01-20T19:48:17","modified_gmt":"2023-01-21T01:48:17","slug":"wd-black-gaming-4tb-disco-duro-interno-sata-para-computadoras-de-escritorio","status":"publish","type":"product","link":"https:\/\/defabrica.com.mx\/defabrica\/producto\/wd-black-gaming-4tb-disco-duro-interno-sata-para-computadoras-de-escritorio\/","title":{"rendered":"WD &#8211; BLACK Gaming 4TB Disco duro interno SATA para computadoras de escritorio"},"content":{"rendered":"<div class=\"product-description\">Almacene fotos, videos y juegos editados en este disco duro Western Digital de 3,5 pulgadas.\u00a0Tiene cach\u00e9 din\u00e1mico para optimizar la asignaci\u00f3n entre lecturas y escrituras, y hay mucho espacio para almacenar archivos con su capacidad de 4 TB.<\/div>\n<div class=\"product-description-banners-lv\">\n<div class=\"product-description-banner\" data-track=\"description-html-asset:Find the ideal drive for your needs.\">\n<h3><\/h3>\n<h3 class=\"heading-5 v-fw-regular feature-heading\"><strong>Caracter\u00edsticas<\/strong><\/h3>\n<ul>\n<li><strong>Capacidad de almacenamiento de 4 TB<\/strong><br \/>\nOfrece mucho espacio para su m\u00fasica, pel\u00edculas, juegos, fotos, documentos y otros medios.<\/li>\n<li><strong>interfaz SATA III<\/strong><br \/>\nPara conectar a su computadora.<\/li>\n<li><strong>Tecnolog\u00eda de carga de rampa NoTouch<\/strong><br \/>\nPosiciona de forma segura el cabezal de grabaci\u00f3n fuera de la superficie del disco para proteger sus datos<\/li>\n<li><strong>Para creativos<\/strong><br \/>\nUtilice los discos duros WD Black para almacenar grandes archivos multimedia, como fotos, videos y juegos, para obtener la mejor combinaci\u00f3n de rendimiento y capacidad.<\/li>\n<li><strong>para jugadores<\/strong><br \/>\nLos discos duros para PC WD Black de 3,5 pulgadas son las soluciones de almacenamiento perfectas para las m\u00e1quinas de juegos, ya que brindan grandes capacidades para almacenar juegos de alta resoluci\u00f3n y tama\u00f1os de cach\u00e9 aumentados que reducen los tiempos de carga.<\/li>\n<li><strong>Compatible con Mac y PC<\/strong><br \/>\nPara opciones de instalaci\u00f3n flexibles.<\/li>\n<\/ul>\n<\/div>\n<\/div>\n","protected":false},"excerpt":{"rendered":"<p>Almacene fotos, videos y juegos editados en este disco duro Western Digital de 3,5 pulgadas.\u00a0Tiene cach\u00e9 din\u00e1mico para optimizar la asignaci\u00f3n entre lecturas y escrituras, y hay mucho espacio para<\/p>\n","protected":false},"featured_media":95551,"comment_status":"open","ping_status":"closed","template":"","meta":{"_acf_changed":false,"_joinchat":[]},"product_brand":[],"product_cat":[277,280,435],"product_tag":[],"class_list":{"0":"post-95549","1":"product","2":"type-product","3":"status-publish","4":"has-post-thumbnail","6":"product_cat-zona-gamer","7":"product_cat-pc-gaming","8":"product_cat-todos-los-accesorios-para-pc-gaming","10":"first","11":"instock","12":"sale","13":"shipping-taxable","14":"purchasable","15":"product-type-simple"},"acf":[],"_links":{"self":[{"href":"https:\/\/defabrica.com.mx\/defabrica\/wp-json\/wp\/v2\/product\/95549","targetHints":{"allow":["GET"]}}],"collection":[{"href":"https:\/\/defabrica.com.mx\/defabrica\/wp-json\/wp\/v2\/product"}],"about":[{"href":"https:\/\/defabrica.com.mx\/defabrica\/wp-json\/wp\/v2\/types\/product"}],"replies":[{"embeddable":true,"href":"https:\/\/defabrica.com.mx\/defabrica\/wp-json\/wp\/v2\/comments?post=95549"}],"wp:featuredmedia":[{"embeddable":true,"href":"https:\/\/defabrica.com.mx\/defabrica\/wp-json\/wp\/v2\/media\/95551"}],"wp:attachment":[{"href":"https:\/\/defabrica.com.mx\/defabrica\/wp-json\/wp\/v2\/media?parent=95549"}],"wp:term":[{"taxonomy":"product_brand","embeddable":true,"href":"https:\/\/defabrica.com.mx\/defabrica\/wp-json\/wp\/v2\/product_brand?post=95549"},{"taxonomy":"product_cat","embeddable":true,"href":"https:\/\/defabrica.com.mx\/defabrica\/wp-json\/wp\/v2\/product_cat?post=95549"},{"taxonomy":"product_tag","embeddable":true,"href":"https:\/\/defabrica.com.mx\/defabrica\/wp-json\/wp\/v2\/product_tag?post=95549"}],"curies":[{"name":"wp","href":"https:\/\/api.w.org\/{rel}","templated":true}]}}