{"id":95505,"date":"2022-08-12T18:13:16","date_gmt":"2022-08-12T23:13:16","guid":{"rendered":"https:\/\/defabrica.com.mx\/defabrica\/?post_type=product&#038;p=95505"},"modified":"2023-01-20T19:40:55","modified_gmt":"2023-01-21T01:40:55","slug":"wd-wd_black-d10-game-drive-para-xbox-12tb-disco-duro-externo-usb-3-2-gen-1-portatil-negro","status":"publish","type":"product","link":"https:\/\/defabrica.com.mx\/defabrica\/producto\/wd-wd_black-d10-game-drive-para-xbox-12tb-disco-duro-externo-usb-3-2-gen-1-portatil-negro\/","title":{"rendered":"WD &#8211; WD_BLACK D10 Game Drive para Xbox 12TB Disco duro externo USB 3.2 Gen 1 port\u00e1til &#8211; Negro"},"content":{"rendered":"<div class=\"product-description\">El Game Drive WD_BLACK\u2122 D10 para Xbox llevar\u00e1 su Xbox al siguiente nivel de rendimiento y lo ayudar\u00e1 a impulsar la ventaja competitiva que necesita para ganar.\u00a0Los 12 TB de almacenamiento adicional le permiten crear su biblioteca de hasta 300 juegos o revivir sus mejores momentos de acci\u00f3n guardando sus grabaciones de juego favoritas.\u00a0Clasificado a 7200 RPM con tecnolog\u00eda de refrigeraci\u00f3n activa, WD_BLACK\u2122 D10 Game Drive para Xbox tiene velocidades de hasta 250 MB\/s para poner su juego en modo de alto rendimiento para que pueda jugar sin l\u00edmites y manejar su juego de la manera que elija.\u00a0Con su compra se incluye una membres\u00eda de 1 mes de Xbox Game Pass Ultimate, con acceso a m\u00e1s de 100 juegos en consolas y PC, adem\u00e1s de multijugador de consola en l\u00ednea.\u00b9<\/div>\n<div class=\"product-description-banners-lv\">\n<div class=\"product-description-banner\" data-track=\"description-html-asset:Find the ideal drive for your needs.\">\n<h3><\/h3>\n<h3 class=\"heading-5 v-fw-regular feature-heading\"><strong>Caracter\u00edsticas<\/strong><\/h3>\n<ul>\n<li><strong>Interfaz USB 3.2 Gen 1<\/strong><br \/>\nOfrece una conexi\u00f3n f\u00e1cil de usar a los dispositivos. Compatible con versiones anteriores con USB 2.0 para una conexi\u00f3n simple a su computadora.<\/li>\n<li><strong>Potencia hasta el 100%<\/strong><br \/>\nEl WD_Black\u2122 D10 Game Drive viene equipado con dos puertos de carga USB tipo A de 7,5 W para facilitar a\u00fan m\u00e1s la carga de su equipo de juego o accesorios.<\/li>\n<li><strong>Cuidadosamente dise\u00f1ado para estar de pie verticalmente o sentado horizontalmente, su configuraci\u00f3n de juego mantendr\u00e1 sus dispositivos cargados y preparados para la batalla en cualquier momento.<\/strong><\/li>\n<li><strong>Funciona con Xbox Series X|S<\/strong><br \/>\nLl\u00e9vate todos tus juegos favoritos de Xbox One cuando actualices a Xbox Series X|S. Simplemente puede hacer una copia de seguridad de su biblioteca de juegos de Xbox One y comenzar a jugarlos de inmediato en su nueva Xbox Series X|S para actualizarla f\u00e1cilmente.\u00b3<\/li>\n<li><strong>Capacidad de almacenamiento de 12 TB<\/strong><br \/>\nProporciona un amplio espacio para juegos y grabaciones de juegos.<\/li>\n<\/ul>\n<\/div>\n<\/div>\n","protected":false},"excerpt":{"rendered":"<p>El Game Drive WD_BLACK\u2122 D10 para Xbox llevar\u00e1 su Xbox al siguiente nivel de rendimiento y lo ayudar\u00e1 a impulsar la ventaja competitiva que necesita para ganar.\u00a0Los 12 TB de<\/p>\n","protected":false},"featured_media":95508,"comment_status":"open","ping_status":"closed","template":"","meta":{"_acf_changed":false,"_joinchat":[]},"product_brand":[],"product_cat":[277,280,435],"product_tag":[],"class_list":{"0":"post-95505","1":"product","2":"type-product","3":"status-publish","4":"has-post-thumbnail","6":"product_cat-zona-gamer","7":"product_cat-pc-gaming","8":"product_cat-todos-los-accesorios-para-pc-gaming","10":"first","11":"instock","12":"sale","13":"shipping-taxable","14":"purchasable","15":"product-type-simple"},"acf":[],"_links":{"self":[{"href":"https:\/\/defabrica.com.mx\/defabrica\/wp-json\/wp\/v2\/product\/95505","targetHints":{"allow":["GET"]}}],"collection":[{"href":"https:\/\/defabrica.com.mx\/defabrica\/wp-json\/wp\/v2\/product"}],"about":[{"href":"https:\/\/defabrica.com.mx\/defabrica\/wp-json\/wp\/v2\/types\/product"}],"replies":[{"embeddable":true,"href":"https:\/\/defabrica.com.mx\/defabrica\/wp-json\/wp\/v2\/comments?post=95505"}],"wp:featuredmedia":[{"embeddable":true,"href":"https:\/\/defabrica.com.mx\/defabrica\/wp-json\/wp\/v2\/media\/95508"}],"wp:attachment":[{"href":"https:\/\/defabrica.com.mx\/defabrica\/wp-json\/wp\/v2\/media?parent=95505"}],"wp:term":[{"taxonomy":"product_brand","embeddable":true,"href":"https:\/\/defabrica.com.mx\/defabrica\/wp-json\/wp\/v2\/product_brand?post=95505"},{"taxonomy":"product_cat","embeddable":true,"href":"https:\/\/defabrica.com.mx\/defabrica\/wp-json\/wp\/v2\/product_cat?post=95505"},{"taxonomy":"product_tag","embeddable":true,"href":"https:\/\/defabrica.com.mx\/defabrica\/wp-json\/wp\/v2\/product_tag?post=95505"}],"curies":[{"name":"wp","href":"https:\/\/api.w.org\/{rel}","templated":true}]}}