{"id":95367,"date":"2022-08-11T19:25:49","date_gmt":"2022-08-12T00:25:49","guid":{"rendered":"https:\/\/defabrica.com.mx\/defabrica\/?post_type=product&#038;p=95367"},"modified":"2023-01-20T19:38:41","modified_gmt":"2023-01-21T01:38:41","slug":"wd-wd_black-p10-disco-duro-externo-usb-3-2-gen-1-de-5-tb-negro","status":"publish","type":"product","link":"https:\/\/defabrica.com.mx\/defabrica\/producto\/wd-wd_black-p10-disco-duro-externo-usb-3-2-gen-1-de-5-tb-negro\/","title":{"rendered":"WD &#8211; WD_BLACK P10 Disco duro externo USB 3.2 Gen 1 de 5 TB &#8211; Negro"},"content":{"rendered":"<div class=\"product-description\">El WD_Black\u2122 P10 Game Drive le brinda a su consola o PC las herramientas de mejora del rendimiento que necesita para mantener su ventaja competitiva.\u00a0Es un disco duro externo de primer nivel con capacidades de 5 TB, dise\u00f1ado espec\u00edficamente para jugadores que buscan expandir el potencial de su consola o PC guardando su biblioteca de juegos en un factor de forma m\u00f3vil.\u00a0Ahora, con WD_Black\u2122 P10 Game Drive, puede manejar su juego de la manera que elija.<\/div>\n<div class=\"product-description-banners-lv\">\n<div class=\"product-description-banner\" data-track=\"description-html-asset:Find the ideal drive for your needs.\">\n<h3><\/h3>\n<h3 class=\"heading-5 v-fw-regular feature-heading\"><strong>Caracter\u00edsticas<\/strong><\/h3>\n<ul>\n<li><strong>Capacidad de almacenamiento de 5 TB<\/strong><br \/>\nProporciona un amplio espacio para almacenar documentos, fotos, m\u00fasica y m\u00e1s.<\/li>\n<li><strong>Interfaz USB 3.2 Gen 1<\/strong><br \/>\nOfrece una conexi\u00f3n f\u00e1cil de usar a los dispositivos. Compatible con versiones anteriores con USB 2.0 para una conexi\u00f3n simple a su computadora. Alimentado por USB.<\/li>\n<li><strong>Dondequiera que vayas, tus juegos te siguen<\/strong><br \/>\nIngrese r\u00e1pidamente al juego, sin importar d\u00f3nde se encuentre. El factor de forma altamente duradero y f\u00e1cil de transportar del WD_BLACK\u2122 P10 Game Drive le brinda la capacidad de llevar su biblioteca dondequiera que vaya.<\/li>\n<li><strong>Construido para mejor<\/strong><br \/>\nTodo lo que se incluye en los dispositivos WD_BLACK\u2122 est\u00e1 dise\u00f1ado espec\u00edficamente para llevar su juego m\u00e1s all\u00e1, sin importar lo que juegue. Con velocidades de hasta 140 MB\/s y 4 TB de almacenamiento adicional, WD_BLACK\u2122 P10 Game Drive llevar\u00e1 su consola o PC a nuevos niveles de rendimiento.<\/li>\n<li><strong>Gana sin preocupaciones<\/strong><br \/>\nWD_BLACK\u2122 est\u00e1 rompiendo moldes cuando se trata de expansi\u00f3n y rendimiento de almacenamiento premium. Dise\u00f1ado espec\u00edficamente para los jugadores, el WD_BLACK\u2122 P10 Game Drive le brinda a su consola o PC el aumento de rendimiento confiable y la capacidad que necesita.<\/li>\n<li><strong>La unidad de juegos WD_Black P10 viene en hasta 5 TB que pueden guardar hasta 125 juegos, por lo que no tiene que comprometer qu\u00e9 juegos eliminar en su consola o PC para hacer espacio para nuevos. hardware y m\u00e1s tiempo ganando .<\/strong><\/li>\n<li><strong>Vayas donde vayas, tus juegos te siguen<\/strong><br \/>\nIngrese r\u00e1pidamente al juego, sin importar d\u00f3nde se encuentre. El factor de forma altamente duradero y f\u00e1cil de transportar del WD_Black P10 Game Drive le brinda la capacidad de llevar su biblioteca dondequiera que vaya.<\/li>\n<li><strong>Simplemente con\u00e9ctelo, inicie sesi\u00f3n y estar\u00e1 listo para jugar cualquier juego de su codiciada colecci\u00f3n. Aumento de rendimiento confiable y capacidad que necesita, por lo que pasar\u00e1 menos tiempo preocup\u00e1ndose por su<\/strong><\/li>\n<li><strong>Construido para mejor<\/strong><br \/>\nTodo lo que se incluye en los dispositivos WD_Black est\u00e1 dise\u00f1ado espec\u00edficamente para llevar su juego m\u00e1s all\u00e1, sin importar lo que juegue.<\/li>\n<li><strong>Con velocidades de hasta 140 MB\/s y hasta 5 TB de almacenamiento adicional, el WD_Black P10 Game Drive impulsar\u00e1 su consola o PC a nuevos niveles de rendimiento, permiti\u00e9ndole conducir su juego y jugar sin l\u00edmites.<\/strong><\/li>\n<li><strong>Nuestro legado sigue vivo<\/strong><br \/>\nProbado y cierto, los jugadores conf\u00edan en WD_Black con sus vidas (y sus ahorros). Nuestra misi\u00f3n con WD_Black es simple: una marca dedicada a guardar y mejorar sus juegos.<\/li>\n<li><strong>Ofreciendo confiabilidad, aumentos de velocidad optimizados, expansi\u00f3n y una garant\u00eda limitada de 3 a\u00f1os, puede estar seguro de que su Game Drive WD_Black P10 lo respaldar\u00e1 en su b\u00fasqueda de la grandeza de los videojuegos.<\/strong><\/li>\n<li><strong>Gana sin preocupaciones<\/strong><br \/>\nWD_Black est\u00e1 rompiendo moldes cuando se trata de expansi\u00f3n y rendimiento de almacenamiento premium. Dise\u00f1ado espec\u00edficamente para los jugadores, el WD_Black P10 Game Drive le brinda a su consola o PC la confianza,<\/li>\n<\/ul>\n<\/div>\n<\/div>\n","protected":false},"excerpt":{"rendered":"<p>El WD_Black\u2122 P10 Game Drive le brinda a su consola o PC las herramientas de mejora del rendimiento que necesita para mantener su ventaja competitiva.\u00a0Es un disco duro externo de<\/p>\n","protected":false},"featured_media":95368,"comment_status":"open","ping_status":"closed","template":"","meta":{"_acf_changed":false,"_joinchat":[]},"product_brand":[],"product_cat":[277,280,435],"product_tag":[],"class_list":{"0":"post-95367","1":"product","2":"type-product","3":"status-publish","4":"has-post-thumbnail","6":"product_cat-zona-gamer","7":"product_cat-pc-gaming","8":"product_cat-todos-los-accesorios-para-pc-gaming","10":"first","11":"instock","12":"sale","13":"shipping-taxable","14":"purchasable","15":"product-type-simple"},"acf":[],"_links":{"self":[{"href":"https:\/\/defabrica.com.mx\/defabrica\/wp-json\/wp\/v2\/product\/95367","targetHints":{"allow":["GET"]}}],"collection":[{"href":"https:\/\/defabrica.com.mx\/defabrica\/wp-json\/wp\/v2\/product"}],"about":[{"href":"https:\/\/defabrica.com.mx\/defabrica\/wp-json\/wp\/v2\/types\/product"}],"replies":[{"embeddable":true,"href":"https:\/\/defabrica.com.mx\/defabrica\/wp-json\/wp\/v2\/comments?post=95367"}],"wp:featuredmedia":[{"embeddable":true,"href":"https:\/\/defabrica.com.mx\/defabrica\/wp-json\/wp\/v2\/media\/95368"}],"wp:attachment":[{"href":"https:\/\/defabrica.com.mx\/defabrica\/wp-json\/wp\/v2\/media?parent=95367"}],"wp:term":[{"taxonomy":"product_brand","embeddable":true,"href":"https:\/\/defabrica.com.mx\/defabrica\/wp-json\/wp\/v2\/product_brand?post=95367"},{"taxonomy":"product_cat","embeddable":true,"href":"https:\/\/defabrica.com.mx\/defabrica\/wp-json\/wp\/v2\/product_cat?post=95367"},{"taxonomy":"product_tag","embeddable":true,"href":"https:\/\/defabrica.com.mx\/defabrica\/wp-json\/wp\/v2\/product_tag?post=95367"}],"curies":[{"name":"wp","href":"https:\/\/api.w.org\/{rel}","templated":true}]}}