{"id":95361,"date":"2022-08-11T19:22:53","date_gmt":"2022-08-12T00:22:53","guid":{"rendered":"https:\/\/defabrica.com.mx\/defabrica\/?post_type=product&#038;p=95361"},"modified":"2023-01-20T19:38:11","modified_gmt":"2023-01-21T01:38:11","slug":"wd-game-drive-para-ps4-4tb-disco-duro-externo-usb-3-0-portatil-negro-azul","status":"publish","type":"product","link":"https:\/\/defabrica.com.mx\/defabrica\/producto\/wd-game-drive-para-ps4-4tb-disco-duro-externo-usb-3-0-portatil-negro-azul\/","title":{"rendered":"WD &#8211; Game Drive para PS4 4TB Disco duro externo USB 3.0 port\u00e1til &#8211; Negro\/Azul"},"content":{"rendered":"<div class=\"product-description\">Haga crecer su colecci\u00f3n de juegos 4K en este disco duro port\u00e1til externo USB 3.0 de WD para PS4.\u00a0La gran capacidad de la unidad para juegos brinda suficiente espacio para todos sus juegos, DLC y parches favoritos de PS4.\u00a0Un cable USB 3.0 incluido le permite conectarse directamente a una consola PlayStation 4\/4 Pro.\u00a0El dise\u00f1o elegante y port\u00e1til de la unidad le permite compartir sus juegos con amigos.<\/div>\n<div class=\"product-description-banners-lv\">\n<div class=\"product-description-banner\" data-track=\"description-html-asset:Find the ideal drive for your needs.\">\n<h3><\/h3>\n<h3 class=\"heading-5 v-fw-regular feature-heading\"><strong>Caracter\u00edsticas<\/strong><\/h3>\n<ul>\n<li><strong>Interfaz USB 3.0<\/strong><br \/>\nOfrece una conexi\u00f3n f\u00e1cil de usar a los dispositivos. Compatible con versiones anteriores con USB 2.0 para una conexi\u00f3n simple a su computadora. Alimentado por USB.<\/li>\n<li><strong>Configuraci\u00f3n r\u00e1pida y f\u00e1cil<\/strong><br \/>\nConecte la unidad para juegos WD\u00ae a una consola PS4 con el cable USB incluido, con unos pocos deslizamientos r\u00e1pidos de su controlador y un formateo r\u00e1pido, estar\u00e1 listo para jugar en muy poco tiempo.<\/li>\n<li><strong>Capacidad de almacenamiento de 4 TB<\/strong><br \/>\nBrinda mucho espacio para descargar todos sus juegos, DLC y parches favoritos.<\/li>\n<li><strong>Conveniente y compacto<\/strong><br \/>\nCuenta con un dise\u00f1o compacto con reflejos azules para combinar con su consola de juegos PlayStation 4.<\/li>\n<\/ul>\n<\/div>\n<\/div>\n","protected":false},"excerpt":{"rendered":"<p>Haga crecer su colecci\u00f3n de juegos 4K en este disco duro port\u00e1til externo USB 3.0 de WD para PS4.\u00a0La gran capacidad de la unidad para juegos brinda suficiente espacio para<\/p>\n","protected":false},"featured_media":95362,"comment_status":"open","ping_status":"closed","template":"","meta":{"_acf_changed":false,"_joinchat":[]},"product_brand":[],"product_cat":[277,280,435],"product_tag":[],"class_list":{"0":"post-95361","1":"product","2":"type-product","3":"status-publish","4":"has-post-thumbnail","6":"product_cat-zona-gamer","7":"product_cat-pc-gaming","8":"product_cat-todos-los-accesorios-para-pc-gaming","10":"first","11":"instock","12":"sale","13":"shipping-taxable","14":"purchasable","15":"product-type-simple"},"acf":[],"_links":{"self":[{"href":"https:\/\/defabrica.com.mx\/defabrica\/wp-json\/wp\/v2\/product\/95361","targetHints":{"allow":["GET"]}}],"collection":[{"href":"https:\/\/defabrica.com.mx\/defabrica\/wp-json\/wp\/v2\/product"}],"about":[{"href":"https:\/\/defabrica.com.mx\/defabrica\/wp-json\/wp\/v2\/types\/product"}],"replies":[{"embeddable":true,"href":"https:\/\/defabrica.com.mx\/defabrica\/wp-json\/wp\/v2\/comments?post=95361"}],"wp:featuredmedia":[{"embeddable":true,"href":"https:\/\/defabrica.com.mx\/defabrica\/wp-json\/wp\/v2\/media\/95362"}],"wp:attachment":[{"href":"https:\/\/defabrica.com.mx\/defabrica\/wp-json\/wp\/v2\/media?parent=95361"}],"wp:term":[{"taxonomy":"product_brand","embeddable":true,"href":"https:\/\/defabrica.com.mx\/defabrica\/wp-json\/wp\/v2\/product_brand?post=95361"},{"taxonomy":"product_cat","embeddable":true,"href":"https:\/\/defabrica.com.mx\/defabrica\/wp-json\/wp\/v2\/product_cat?post=95361"},{"taxonomy":"product_tag","embeddable":true,"href":"https:\/\/defabrica.com.mx\/defabrica\/wp-json\/wp\/v2\/product_tag?post=95361"}],"curies":[{"name":"wp","href":"https:\/\/api.w.org\/{rel}","templated":true}]}}