{"id":95355,"date":"2022-08-11T19:20:05","date_gmt":"2022-08-12T00:20:05","guid":{"rendered":"https:\/\/defabrica.com.mx\/defabrica\/?post_type=product&#038;p=95355"},"modified":"2023-01-20T19:37:37","modified_gmt":"2023-01-21T01:37:37","slug":"wd-wd_black-d10-8tb-disco-duro-externo-usb-3-2-gen-1-portatil-negro","status":"publish","type":"product","link":"https:\/\/defabrica.com.mx\/defabrica\/producto\/wd-wd_black-d10-8tb-disco-duro-externo-usb-3-2-gen-1-portatil-negro\/","title":{"rendered":"WD &#8211; WD_BLACK D10 8TB Disco duro externo USB 3.2 Gen 1 port\u00e1til &#8211; Negro"},"content":{"rendered":"<div class=\"product-description\">El WD_Black\u2122 D10 Game Drive llevar\u00e1 su consola o PC al siguiente nivel y lo ayudar\u00e1 a mantener la ventaja competitiva que necesita para ganar.\u00a0Agregue hasta 8 TB de almacenamiento adicional a su dispositivo para aumentar su biblioteca de juegos hasta 200 juegos, o reviva sus mejores momentos en acci\u00f3n guardando sus grabaciones de juego favoritas.\u00a0Clasificado a 7200 RPM con tecnolog\u00eda de refrigeraci\u00f3n activa, WD_Black\u2122 D10 Game Drive tiene velocidades de hasta 250 MB\/s para poner su juego en modo de alto rendimiento para que pueda jugar sin l\u00edmites y manejar su juego de la manera que elija.<\/div>\n<div class=\"product-description-banners-lv\">\n<div class=\"product-description-banner\" data-track=\"description-html-asset:Find the ideal drive for your needs.\">\n<h3><\/h3>\n<h3 class=\"heading-5 v-fw-regular feature-heading\"><strong>Caracter\u00edsticas<\/strong><\/h3>\n<ul>\n<li><strong>No reproduzca favoritos: reproduzca todo<\/strong><br \/>\nCon los 8 TB de almacenamiento adicional de WD_BLACK D10 Game Drive, no hay necesidad de perder tiempo despejando espacio en su consola o PC para nuevos juegos.<\/li>\n<li><strong>ahora puede mantener intactos sus viejos favoritos a medida que aumenta su biblioteca y hacer que capturar y recopilar sus momentos m\u00e1s memorables en el juego sea a\u00fan m\u00e1s f\u00e1cil.<\/strong><\/li>\n<li><strong>Interfaz USB 3.2 Gen 1<\/strong><br \/>\nOfrece una conexi\u00f3n f\u00e1cil de usar a los dispositivos. Compatible con versiones anteriores con USB 2.0 para una conexi\u00f3n simple a su computadora.<\/li>\n<li><strong>Gran impulso, velocidad \u00e1gil<\/strong><br \/>\nCon velocidades de hasta 250 MB\/s nominales a 7200 RPM, puede jugar sus juegos en la v\u00eda r\u00e1pida con WD_BLACK\u2122 D10 Game Drive. Meticulosamente dise\u00f1ado pensando en el jugador, cuenta con tecnolog\u00eda de refrigeraci\u00f3n activa integrada para ayudar a mantener las condiciones t\u00e9rmicas y reducir el riesgo de fallas.<\/li>\n<li><strong>Potencia hasta el 100 %<\/strong><br \/>\nEl WD_Black\u2122 D10 Game Drive viene equipado con dos puertos de carga USB tipo A de 7,5 W para facilitar a\u00fan m\u00e1s la carga de su equipo de juego o accesorios.<\/li>\n<li><strong>Gana sin preocupaciones<\/strong><br \/>\nWD_BLACK\u2122 est\u00e1 rompiendo moldes cuando se trata de expansi\u00f3n y rendimiento de almacenamiento premium.<\/li>\n<li><strong>Dise\u00f1ado especialmente para los jugadores, el WD_BLACK\u2122 D10 Game Drive le brinda a su consola o PC el aumento de rendimiento confiable y la capacidad que necesita, por lo que pasar\u00e1 menos tiempo preocup\u00e1ndose por su hardware y m\u00e1s tiempo ganando. WD_BLACK\u2122 te cubre las espaldas.<\/strong><\/li>\n<\/ul>\n<\/div>\n<\/div>\n","protected":false},"excerpt":{"rendered":"<p>El WD_Black\u2122 D10 Game Drive llevar\u00e1 su consola o PC al siguiente nivel y lo ayudar\u00e1 a mantener la ventaja competitiva que necesita para ganar.\u00a0Agregue hasta 8 TB de almacenamiento<\/p>\n","protected":false},"featured_media":95356,"comment_status":"open","ping_status":"closed","template":"","meta":{"_acf_changed":false,"_joinchat":[]},"product_brand":[],"product_cat":[277,280,435],"product_tag":[],"class_list":{"0":"post-95355","1":"product","2":"type-product","3":"status-publish","4":"has-post-thumbnail","6":"product_cat-zona-gamer","7":"product_cat-pc-gaming","8":"product_cat-todos-los-accesorios-para-pc-gaming","10":"first","11":"instock","12":"sale","13":"shipping-taxable","14":"purchasable","15":"product-type-simple"},"acf":[],"_links":{"self":[{"href":"https:\/\/defabrica.com.mx\/defabrica\/wp-json\/wp\/v2\/product\/95355","targetHints":{"allow":["GET"]}}],"collection":[{"href":"https:\/\/defabrica.com.mx\/defabrica\/wp-json\/wp\/v2\/product"}],"about":[{"href":"https:\/\/defabrica.com.mx\/defabrica\/wp-json\/wp\/v2\/types\/product"}],"replies":[{"embeddable":true,"href":"https:\/\/defabrica.com.mx\/defabrica\/wp-json\/wp\/v2\/comments?post=95355"}],"wp:featuredmedia":[{"embeddable":true,"href":"https:\/\/defabrica.com.mx\/defabrica\/wp-json\/wp\/v2\/media\/95356"}],"wp:attachment":[{"href":"https:\/\/defabrica.com.mx\/defabrica\/wp-json\/wp\/v2\/media?parent=95355"}],"wp:term":[{"taxonomy":"product_brand","embeddable":true,"href":"https:\/\/defabrica.com.mx\/defabrica\/wp-json\/wp\/v2\/product_brand?post=95355"},{"taxonomy":"product_cat","embeddable":true,"href":"https:\/\/defabrica.com.mx\/defabrica\/wp-json\/wp\/v2\/product_cat?post=95355"},{"taxonomy":"product_tag","embeddable":true,"href":"https:\/\/defabrica.com.mx\/defabrica\/wp-json\/wp\/v2\/product_tag?post=95355"}],"curies":[{"name":"wp","href":"https:\/\/api.w.org\/{rel}","templated":true}]}}