{"id":95273,"date":"2022-08-11T10:28:57","date_gmt":"2022-08-11T15:28:57","guid":{"rendered":"https:\/\/defabrica.com.mx\/defabrica\/?post_type=product&#038;p=95273"},"modified":"2023-01-20T12:01:37","modified_gmt":"2023-01-20T18:01:37","slug":"benq-mobiuz-ex2510s-24-5-fhd-ips-led-165hz-monitor-para-juegos-altavoz-incorporado","status":"publish","type":"product","link":"https:\/\/defabrica.com.mx\/defabrica\/producto\/benq-mobiuz-ex2510s-24-5-fhd-ips-led-165hz-monitor-para-juegos-altavoz-incorporado\/","title":{"rendered":"BenQ &#8211; MOBIUZ EX2510S &#8211; 24.5&#8243; FHD IPS LED 165Hz Monitor para juegos | Altavoz incorporado"},"content":{"rendered":"<div class=\"embedded-component-container lv product-description\">\n<div>\n<div id=\"shop-product-description-96100192\" class=\"_none\" data-version=\"1.3.47\">\n<div class=\"shop-product-description\">\n<section class=\"align-heading-left\" data-reactroot=\"\">\n<div class=\"long-description-container body-copy \">\n<div class=\"html-fragment\">Los juegos en su PC pueden tener im\u00e1genes ricas y detalladas con este monitor BenQ MOBIUZ de 24.5&#8243;. Cuenta con un MPRT incre\u00edblemente r\u00e1pido de 1 ms y una frecuencia de actualizaci\u00f3n de 165 Hz, adem\u00e1s de la tecnolog\u00eda AMD FreeSync Premium para crear un movimiento en pantalla incre\u00edblemente suave y fluido, incluso durante la acci\u00f3n m\u00e1s intensa. secuencias Tambi\u00e9n cuenta con funciones HDRi, Color Vibrance y Black eQualizer para una excelente reproducci\u00f3n del color.<\/div>\n<\/div>\n<\/section>\n<\/div>\n<\/div>\n<\/div>\n<\/div>\n<div class=\"embedded-component-container lv product-features\">\n<h3><\/h3>\n<h3 class=\"heading-5 v-fw-regular feature-heading\"><strong>Caracter\u00edsticas<\/strong><\/h3>\n<ul>\n<li><strong>MONITOR PARA JUEGOS DE 24,5&#8243;<\/strong><br \/>\nFrecuencia de actualizaci\u00f3n de 165 Hz Monitor de juegos MPRT IPS de 1 ms con resoluci\u00f3n Full HD de 1920 x 1080 y FreeSync Premium para un juego fluido<\/li>\n<li><strong>OPTIMIZACI\u00d3N DE IMAGEN<\/strong><br \/>\nLa tecnolog\u00eda BenQ HDRi, Light Tuner y Black eQualizer ayudan a optimizar la calidad de imagen para una mejor experiencia de juego<\/li>\n<li><strong>CONVENIENCIA Y CONTROL<\/strong><br \/>\nNavegador de 5 v\u00edas, mapeo de escenarios y OSD r\u00e1pido para juegos para un f\u00e1cil control<\/li>\n<li><strong>COMODIDAD Y CONECTIVIDAD<\/strong><br \/>\nAjuste de altura\/inclinaci\u00f3n y cuidado de la vista, conectividad HDMI y Display Port<\/li>\n<li><strong>SONIDO SUPERIOR<\/strong><br \/>\nDos altavoces integrados de 2,5 W m\u00e1s un chip DSP (procesador de se\u00f1al digital) con tres modos de sonido personalizados<\/li>\n<\/ul>\n<\/div>\n","protected":false},"excerpt":{"rendered":"<p>Los juegos en su PC pueden tener im\u00e1genes ricas y detalladas con este monitor BenQ MOBIUZ de 24.5&#8243;. Cuenta con un MPRT incre\u00edblemente r\u00e1pido de 1 ms y una frecuencia<\/p>\n","protected":false},"featured_media":95274,"comment_status":"open","ping_status":"closed","template":"","meta":{"_acf_changed":false,"_joinchat":[]},"product_brand":[],"product_cat":[277,280,433],"product_tag":[],"class_list":{"0":"post-95273","1":"product","2":"type-product","3":"status-publish","4":"has-post-thumbnail","6":"product_cat-zona-gamer","7":"product_cat-pc-gaming","8":"product_cat-monitores-gamer","10":"first","11":"instock","12":"sale","13":"shipping-taxable","14":"purchasable","15":"product-type-simple"},"acf":[],"_links":{"self":[{"href":"https:\/\/defabrica.com.mx\/defabrica\/wp-json\/wp\/v2\/product\/95273","targetHints":{"allow":["GET"]}}],"collection":[{"href":"https:\/\/defabrica.com.mx\/defabrica\/wp-json\/wp\/v2\/product"}],"about":[{"href":"https:\/\/defabrica.com.mx\/defabrica\/wp-json\/wp\/v2\/types\/product"}],"replies":[{"embeddable":true,"href":"https:\/\/defabrica.com.mx\/defabrica\/wp-json\/wp\/v2\/comments?post=95273"}],"wp:featuredmedia":[{"embeddable":true,"href":"https:\/\/defabrica.com.mx\/defabrica\/wp-json\/wp\/v2\/media\/95274"}],"wp:attachment":[{"href":"https:\/\/defabrica.com.mx\/defabrica\/wp-json\/wp\/v2\/media?parent=95273"}],"wp:term":[{"taxonomy":"product_brand","embeddable":true,"href":"https:\/\/defabrica.com.mx\/defabrica\/wp-json\/wp\/v2\/product_brand?post=95273"},{"taxonomy":"product_cat","embeddable":true,"href":"https:\/\/defabrica.com.mx\/defabrica\/wp-json\/wp\/v2\/product_cat?post=95273"},{"taxonomy":"product_tag","embeddable":true,"href":"https:\/\/defabrica.com.mx\/defabrica\/wp-json\/wp\/v2\/product_tag?post=95273"}],"curies":[{"name":"wp","href":"https:\/\/api.w.org\/{rel}","templated":true}]}}