{"id":95266,"date":"2022-08-11T10:25:24","date_gmt":"2022-08-11T15:25:24","guid":{"rendered":"https:\/\/defabrica.com.mx\/defabrica\/?post_type=product&#038;p=95266"},"modified":"2022-08-11T10:25:24","modified_gmt":"2022-08-11T15:25:24","slug":"monitor-led-para-juegos-benq-zowie-xl2746k-de-27","status":"publish","type":"product","link":"https:\/\/defabrica.com.mx\/defabrica\/producto\/monitor-led-para-juegos-benq-zowie-xl2746k-de-27\/","title":{"rendered":"Monitor LED para juegos BenQ ZOWIE XL2746K de 27&#8243;"},"content":{"rendered":"<div class=\"embedded-component-container lv product-description\">\n<div>\n<div id=\"shop-product-description-54018175\" class=\"_none\" data-version=\"1.3.47\">\n<div class=\"shop-product-description\">\n<section class=\"align-heading-left\" data-reactroot=\"\">\n<div class=\"long-description-container body-copy \">\n<div class=\"html-fragment\">Monitor de juegos ZOWIE XL2746K para deportes electr\u00f3nicos con frecuencia de actualizaci\u00f3n de 240 Hz, tecnolog\u00eda DyAc+, Black eQualizer, intensidad de color y S-Switch.\u00a0Est\u00e1 equipado con altura completa, inclinaci\u00f3n, nuevo dise\u00f1o de base y ajuste giratorio<\/p>\n<h3><\/h3>\n<h3 class=\"heading-5 v-fw-regular feature-heading\"><strong>Caracter\u00edsticas<\/strong><\/h3>\n<ul>\n<li><strong>Frecuencia de actualizaci\u00f3n<\/strong><br \/>\nRendimiento de frecuencia de actualizaci\u00f3n de 240 Hz para una experiencia de juego de PC fluida<\/li>\n<li><strong>DyAc+<\/strong><br \/>\nLa tecnolog\u00eda DyAc+ hace que las acciones vigorosas en el juego, como rociar, sean menos borrosas<\/li>\n<li><strong>Intensidad de color y ecualizador de negro<\/strong><br \/>\nTecnolog\u00eda Color Vibrance y Black eQualizer para mejorar la claridad visual y personalizar la configuraci\u00f3n de color, brindando a los jugadores la ventaja en el campo de batalla.<\/li>\n<li><strong>Dise\u00f1o b\u00e1sico y garant\u00eda<\/strong><br \/>\nEl nuevo dise\u00f1o de la base permite m\u00e1s libertad en el ajuste del escritorio; el rango de ajuste de altura completo y el dise\u00f1o de inclinaci\u00f3n libre brindan m\u00e1s flexibilidad seg\u00fan sus preferencias personales con una garant\u00eda de 3 a\u00f1os<\/li>\n<li><strong>Configuraci\u00f3n XL para compartir<\/strong><br \/>\nLa configuraci\u00f3n XL para compartir y el control remoto S-Switch redise\u00f1ado permiten el desplazamiento en 5 direcciones; nuevo escudo para un f\u00e1cil montaje con dise\u00f1o sin tornillos<\/li>\n<\/ul>\n<\/div>\n<\/div>\n<\/section>\n<\/div>\n<\/div>\n<\/div>\n<\/div>\n","protected":false},"excerpt":{"rendered":"<p>Monitor de juegos ZOWIE XL2746K para deportes electr\u00f3nicos con frecuencia de actualizaci\u00f3n de 240 Hz, tecnolog\u00eda DyAc+, Black eQualizer, intensidad de color y S-Switch.\u00a0Est\u00e1 equipado con altura completa, inclinaci\u00f3n, nuevo<\/p>\n","protected":false},"featured_media":95268,"comment_status":"open","ping_status":"closed","template":"","meta":{"_acf_changed":false,"_joinchat":[]},"product_brand":[],"product_cat":[277,280,433],"product_tag":[],"class_list":{"0":"post-95266","1":"product","2":"type-product","3":"status-publish","4":"has-post-thumbnail","6":"product_cat-zona-gamer","7":"product_cat-pc-gaming","8":"product_cat-monitores-gamer","10":"first","11":"instock","12":"sale","13":"shipping-taxable","14":"purchasable","15":"product-type-simple"},"acf":[],"_links":{"self":[{"href":"https:\/\/defabrica.com.mx\/defabrica\/wp-json\/wp\/v2\/product\/95266","targetHints":{"allow":["GET"]}}],"collection":[{"href":"https:\/\/defabrica.com.mx\/defabrica\/wp-json\/wp\/v2\/product"}],"about":[{"href":"https:\/\/defabrica.com.mx\/defabrica\/wp-json\/wp\/v2\/types\/product"}],"replies":[{"embeddable":true,"href":"https:\/\/defabrica.com.mx\/defabrica\/wp-json\/wp\/v2\/comments?post=95266"}],"wp:featuredmedia":[{"embeddable":true,"href":"https:\/\/defabrica.com.mx\/defabrica\/wp-json\/wp\/v2\/media\/95268"}],"wp:attachment":[{"href":"https:\/\/defabrica.com.mx\/defabrica\/wp-json\/wp\/v2\/media?parent=95266"}],"wp:term":[{"taxonomy":"product_brand","embeddable":true,"href":"https:\/\/defabrica.com.mx\/defabrica\/wp-json\/wp\/v2\/product_brand?post=95266"},{"taxonomy":"product_cat","embeddable":true,"href":"https:\/\/defabrica.com.mx\/defabrica\/wp-json\/wp\/v2\/product_cat?post=95266"},{"taxonomy":"product_tag","embeddable":true,"href":"https:\/\/defabrica.com.mx\/defabrica\/wp-json\/wp\/v2\/product_tag?post=95266"}],"curies":[{"name":"wp","href":"https:\/\/api.w.org\/{rel}","templated":true}]}}