{"id":95259,"date":"2022-08-11T09:16:23","date_gmt":"2022-08-11T14:16:23","guid":{"rendered":"https:\/\/defabrica.com.mx\/defabrica\/?post_type=product&#038;p=95259"},"modified":"2022-08-11T09:16:23","modified_gmt":"2022-08-11T14:16:23","slug":"benq-zowie-xl2740-monitor-de-juegos-para-deportes-electronicos-de-27-gris","status":"publish","type":"product","link":"https:\/\/defabrica.com.mx\/defabrica\/producto\/benq-zowie-xl2740-monitor-de-juegos-para-deportes-electronicos-de-27-gris\/","title":{"rendered":"BenQ ZOWIE XL2740 Monitor de juegos para deportes electr\u00f3nicos de 27&#8243; &#8211; Gris"},"content":{"rendered":"<div class=\"embedded-component-container lv product-description\">\n<div>\n<div id=\"shop-product-description-63584944\" class=\"_none\" data-version=\"1.3.47\">\n<div class=\"shop-product-description\">\n<section class=\"align-heading-left\" data-reactroot=\"\">\n<div class=\"long-description-container body-copy \">\n<div class=\"html-fragment\"><span>Monitor de juegos ZOWIE XL2740 para esports con frecuencia de actualizaci\u00f3n de 240 Hz.\u00a0Black eQualizer ilumina las \u00e1reas m\u00e1s oscuras sin sobreexponer las \u00e1reas m\u00e1s claras y la intensidad del color proporciona una clasificaci\u00f3n de color m\u00e1s precisa y permite ajustar f\u00e1cilmente el tono de color.\u00a0S-Switch est\u00e1 dise\u00f1ado para acceder f\u00e1cilmente al men\u00fa del monitor, para que pueda cambiar entre los modos guardados y cambiar r\u00e1pidamente entre los dispositivos conectados.\u00a0Est\u00e1 equipado con ajuste de altura completa, inclinaci\u00f3n y giro con una garant\u00eda de 3 a\u00f1os.<\/span><\/div>\n<\/div>\n<\/section>\n<\/div>\n<\/div>\n<\/div>\n<\/div>\n<div class=\"embedded-component-container lv product-features\">\n<h3><\/h3>\n<h3 class=\"heading-5 v-fw-regular feature-heading\"><strong>Caracter\u00edsticas<\/strong><\/h3>\n<ul>\n<li><strong>Frecuencia de actualizaci\u00f3n<\/strong><br \/>\nRendimiento de frecuencia de actualizaci\u00f3n de 240 Hz para una experiencia de juego de PC fluida<\/li>\n<li><strong>Intensidad de color y ecualizador de negro<\/strong><br \/>\nTecnolog\u00eda Color Vibrance y Black eQualizer para mejorar la claridad visual y personalizar la configuraci\u00f3n de color, brindando a los jugadores la ventaja en el campo de batalla.<\/li>\n<li><strong>Accesorios<\/strong><br \/>\nEscudo removible que ayuda a los jugadores a concentrarse en el juego al bloquear las distracciones externas junto con nuestro interruptor s que permite a los jugadores navegar por el men\u00fa, guardar perfiles de pantalla personalizados y cambiar la configuraci\u00f3n del monitor en un instante con solo presionar un bot\u00f3n<\/li>\n<li><strong>Conectividad de entrada<\/strong><br \/>\nM\u00faltiples opciones de conectividad Con DisplayPort, Dual-Link DVI-D, HDMI y entrada para auriculares\/micr\u00f3fono<\/li>\n<li><strong>Rango de ajuste de altura y garant\u00eda<\/strong><br \/>\nAjuste de altura completo, ajuste de inclinaci\u00f3n y giro, compatibilidad con VESA: 100 mm x 100 mm con una garant\u00eda de 3 a\u00f1os<\/li>\n<li><strong>2 entradas HDMI y DisplayPort<\/strong><br \/>\nLe permite configurar reproductores de DVD y otras fuentes AV para obtener una se\u00f1al de audio y video clara y de alta calidad.<\/li>\n<li><strong>2 puertos USB 2.0<\/strong><br \/>\nLe permite conectar dispositivos al monitor, que luego transfiere los datos a la computadora.<\/li>\n<li><strong>\u00c1ngulos de visi\u00f3n de 170\u00b0 horizontal y 160\u00b0 vertical<\/strong><br \/>\nLe permite ver la pantalla desde una amplia gama de \u00e1ngulos.<\/li>\n<li><strong>Relaci\u00f3n de contraste din\u00e1mico de 12 000 000:1 (1000:1 t\u00edpica)<\/strong><br \/>\nGarantiza que las im\u00e1genes sean n\u00edtidas y claras con negros profundos y luces brillantes.<\/li>\n<li><strong>Brillo de 400 cd\/m\u00b2<\/strong><br \/>\nProduce im\u00e1genes brillantes que se pueden ver claramente incluso en habitaciones bien iluminadas.<\/li>\n<\/ul>\n<\/div>\n","protected":false},"excerpt":{"rendered":"<p>Monitor de juegos ZOWIE XL2740 para esports con frecuencia de actualizaci\u00f3n de 240 Hz.\u00a0Black eQualizer ilumina las \u00e1reas m\u00e1s oscuras sin sobreexponer las \u00e1reas m\u00e1s claras y la intensidad del<\/p>\n","protected":false},"featured_media":95260,"comment_status":"open","ping_status":"closed","template":"","meta":{"_acf_changed":false,"_joinchat":[]},"product_brand":[],"product_cat":[277,280,433],"product_tag":[],"class_list":{"0":"post-95259","1":"product","2":"type-product","3":"status-publish","4":"has-post-thumbnail","6":"product_cat-zona-gamer","7":"product_cat-pc-gaming","8":"product_cat-monitores-gamer","10":"first","11":"instock","12":"sale","13":"shipping-taxable","14":"purchasable","15":"product-type-simple"},"acf":[],"_links":{"self":[{"href":"https:\/\/defabrica.com.mx\/defabrica\/wp-json\/wp\/v2\/product\/95259","targetHints":{"allow":["GET"]}}],"collection":[{"href":"https:\/\/defabrica.com.mx\/defabrica\/wp-json\/wp\/v2\/product"}],"about":[{"href":"https:\/\/defabrica.com.mx\/defabrica\/wp-json\/wp\/v2\/types\/product"}],"replies":[{"embeddable":true,"href":"https:\/\/defabrica.com.mx\/defabrica\/wp-json\/wp\/v2\/comments?post=95259"}],"wp:featuredmedia":[{"embeddable":true,"href":"https:\/\/defabrica.com.mx\/defabrica\/wp-json\/wp\/v2\/media\/95260"}],"wp:attachment":[{"href":"https:\/\/defabrica.com.mx\/defabrica\/wp-json\/wp\/v2\/media?parent=95259"}],"wp:term":[{"taxonomy":"product_brand","embeddable":true,"href":"https:\/\/defabrica.com.mx\/defabrica\/wp-json\/wp\/v2\/product_brand?post=95259"},{"taxonomy":"product_cat","embeddable":true,"href":"https:\/\/defabrica.com.mx\/defabrica\/wp-json\/wp\/v2\/product_cat?post=95259"},{"taxonomy":"product_tag","embeddable":true,"href":"https:\/\/defabrica.com.mx\/defabrica\/wp-json\/wp\/v2\/product_tag?post=95259"}],"curies":[{"name":"wp","href":"https:\/\/api.w.org\/{rel}","templated":true}]}}